{"id":148650,"date":"2026-03-21T00:00:00","date_gmt":"2026-03-20T23:00:00","guid":{"rendered":"https:\/\/gpl-love.com\/fr\/produit\/affiliatewp-sign-up-bonus\/"},"modified":"2026-03-25T19:19:10","modified_gmt":"2026-03-25T18:19:10","slug":"affiliatewp-sign-up","status":"publish","type":"product","link":"https:\/\/gpl-love.com\/fr\/produit\/affiliatewp-sign-up\/","title":{"rendered":"AffiliateWP Sign up Bonus 1.3.1"},"content":{"rendered":"<h3>AffiliateWP Sign up Bonus Traits<\/h3>\n<p>D\u00e9veloppez votre potentiel de gains gr\u00e2ce \u00e0 l&rsquo;offre de bienvenue exceptionnelle d&rsquo;AffiliateWP. Con\u00e7ue sp\u00e9cialement pour les nouveaux affili\u00e9s, cette promotion est une excellente opportunit\u00e9 pour d\u00e9marrer une aventure lucrative. Vous vous demandez comment obtenir le bonus d&rsquo;inscription AffiliateWP\u00a0? C&rsquo;est simple\u00a0! Lors de votre inscription, assurez-vous d&rsquo;utiliser le code bonus AffiliateWP pour acc\u00e9der aux d\u00e9tails exclusifs de ce bonus.<\/p>\n<p>Profitez des avantages du bonus de bienvenue AffiliateWP, con\u00e7u pour vous offrir un avantage consid\u00e9rable d\u00e8s votre inscription. Ne manquez pas ces bonus d&rsquo;inscription\u00a0: une excellente raison de nous rejoindre et de gagner de l&rsquo;argent. Le bonus d&rsquo;inscription AffiliateWP est un moyen simple d&rsquo;\u00eatre r\u00e9compens\u00e9 d\u00e8s le d\u00e9part.<\/p>\n<p>Qu&rsquo;il s&rsquo;agisse du bonus de bienvenue ou du bonus d&rsquo;inscription initial, chaque offre est con\u00e7ue pour maximiser vos gains potentiels. D\u00e9couvrez les r\u00e9compenses d&rsquo;inscription AffiliateWP, pens\u00e9es pour enrichir l&rsquo;exp\u00e9rience des nouveaux clients. Ce bonus offert aux nouveaux utilisateurs t\u00e9moigne de l&rsquo;importance accord\u00e9e aux nouveaux affili\u00e9s, ce qui constitue une raison convaincante de participer.<\/p>\n<ul>\n<li>Int\u00e9gration facile avec WordPress pour une gestion simplifi\u00e9e des affili\u00e9s<\/li>\n<li>Distribution automatique des bonus aux nouveaux affili\u00e9s d\u00e8s leur inscription<\/li>\n<li>Montants des bonus personnalisables pour s&rsquo;adapter aux strat\u00e9gies promotionnelles<\/li>\n<li>Suivi en temps r\u00e9el des inscriptions et des bonus des affili\u00e9s<\/li>\n<li>Tableau de bord intuitif pour la gestion des comptes d&rsquo;affili\u00e9s<\/li>\n<li>Traitement s\u00e9curis\u00e9 des paiements des bonus<\/li>\n<li>Prise en charge de plusieurs passerelles de paiement pour les r\u00e9compenses des affili\u00e9s<\/li>\n<li>Rapports et analyses d\u00e9taill\u00e9s pour un suivi optimal des performances<\/li>\n<li>Solution \u00e9volutive pour les programmes d&rsquo;affiliation en pleine croissance<\/li>\n<li>Compatible avec les plugins WordPress les plus populaires pour des fonctionnalit\u00e9s \u00e9tendues<\/li>\n<\/ul>\n","protected":false},"excerpt":{"rendered":"<p>Profitez d&rsquo;avantages exclusifs gr\u00e2ce \u00e0 l&rsquo;offre de bonus d&rsquo;inscription AffiliateWP, con\u00e7ue pour optimiser l&rsquo;exp\u00e9rience des nouveaux utilisateurs. D\u00e9couvrez comment obtenir le bonus d&rsquo;inscription AffiliateWP et explorez les d\u00e9tails de ce programme unique. Utilisez le code bonus d&rsquo;inscription AffiliateWP pour acc\u00e9der \u00e0 des avantages et des incitations exclusifs, sp\u00e9cialement con\u00e7us pour les nouveaux inscrits. Avec l&rsquo;offre de bonus d&rsquo;inscription AffiliateWP, les nouveaux affili\u00e9s b\u00e9n\u00e9ficient d&rsquo;incitations int\u00e9ressantes. Ce bonus initial offre des r\u00e9compenses pr\u00e9cieuses et des avantages exclusifs aux nouveaux clients. D\u00e9couvrez les avantages du bonus d&rsquo;inscription AffiliateWP et commencez \u00e0 gagner de l&rsquo;argent d\u00e8s aujourd&rsquo;hui\u00a0!<\/p>\n","protected":false},"featured_media":0,"comment_status":"open","ping_status":"closed","template":"","meta":[],"product_brand":[2453],"product_cat":[1189,1181,1186],"product_tag":[1202],"class_list":{"0":"post-148650","1":"product","2":"type-product","3":"status-publish","5":"product_brand-affiliate-wp","6":"product_cat-personnalisation","7":"product_cat-plugins","8":"product_cat-wordpress-plugins","9":"product_tag-affiliate-wp","10":"member-discount","11":"discount-restricted","13":"first","14":"instock","15":"sale","16":"downloadable","17":"virtual","18":"sold-individually","19":"purchasable","20":"product-type-simple"},"_links":{"self":[{"href":"https:\/\/gpl-love.com\/fr\/wp-json\/wp\/v2\/product\/148650","targetHints":{"allow":["GET"]}}],"collection":[{"href":"https:\/\/gpl-love.com\/fr\/wp-json\/wp\/v2\/product"}],"about":[{"href":"https:\/\/gpl-love.com\/fr\/wp-json\/wp\/v2\/types\/product"}],"replies":[{"embeddable":true,"href":"https:\/\/gpl-love.com\/fr\/wp-json\/wp\/v2\/comments?post=148650"}],"wp:attachment":[{"href":"https:\/\/gpl-love.com\/fr\/wp-json\/wp\/v2\/media?parent=148650"}],"wp:term":[{"taxonomy":"product_brand","embeddable":true,"href":"https:\/\/gpl-love.com\/fr\/wp-json\/wp\/v2\/product_brand?post=148650"},{"taxonomy":"product_cat","embeddable":true,"href":"https:\/\/gpl-love.com\/fr\/wp-json\/wp\/v2\/product_cat?post=148650"},{"taxonomy":"product_tag","embeddable":true,"href":"https:\/\/gpl-love.com\/fr\/wp-json\/wp\/v2\/product_tag?post=148650"}],"curies":[{"name":"wp","href":"https:\/\/api.w.org\/{rel}","templated":true}]}}