{"id":148642,"date":"2026-03-21T00:00:00","date_gmt":"2026-03-20T23:00:00","guid":{"rendered":"https:\/\/gpl-love.com\/fr\/produit\/affiliatewp-leaderboard\/"},"modified":"2026-04-18T06:36:05","modified_gmt":"2026-04-18T04:36:05","slug":"affiliatewp-leaderboard","status":"publish","type":"product","link":"https:\/\/gpl-love.com\/fr\/produit\/affiliatewp-leaderboard\/","title":{"rendered":"AffiliateWP Leaderboard 1.2.0"},"content":{"rendered":"<h3>AffiliateWP Leaderboard Traits<\/h3>\n<p>D\u00e9couvrez la puissance du plugin AffiliateWP Leaderboard, un outil r\u00e9volutionnaire pour les affili\u00e9s souhaitant booster l&rsquo;engagement et obtenir de meilleurs r\u00e9sultats. Gr\u00e2ce \u00e0 ses fonctionnalit\u00e9s de classement de pointe, AffiliateWP Leaderboard transforme la fa\u00e7on dont les affili\u00e9s se d\u00e9marquent et r\u00e9ussissent. Apprenez \u00e0 utiliser AffiliateWP Leaderboard gr\u00e2ce \u00e0 un guide d&rsquo;installation et un tutoriel faciles \u00e0 suivre qui vous accompagnent pas \u00e0 pas, pour une exp\u00e9rience optimale.<\/p>\n<p>Explorez les principaux avantages d&rsquo;AffiliateWP Leaderboard, notamment son optimisation pour am\u00e9liorer les performances et la motivation des affili\u00e9s. Consultez des t\u00e9moignages d&rsquo;utilisateurs d&rsquo;AffiliateWP Leaderboard pour d\u00e9couvrir des r\u00e9ussites concr\u00e8tes et comprendre son impact. Des conseils d&rsquo;int\u00e9gration et des options de personnalisation permettent une approche sur mesure, faisant d&rsquo;AffiliateWP Leaderboard une solution abordable pour toute strat\u00e9gie marketing.<\/p>\n<p>Gardez une longueur d&rsquo;avance gr\u00e2ce au support et aux mises \u00e0 jour continues d&rsquo;AffiliateWP Leaderboard, garantissant ainsi les derni\u00e8res fonctionnalit\u00e9s et une s\u00e9curit\u00e9 renforc\u00e9e. Vous souhaitez en savoir plus sur les tarifs et les formules d&rsquo;AffiliateWP Leaderboard\u00a0? Des options flexibles s&rsquo;adaptent \u00e0 tous les besoins et \u00e0 tous les budgets, rendant l&rsquo;am\u00e9lioration des performances accessible \u00e0 tous. Que vous d\u00e9butiez ou cherchiez \u00e0 vous am\u00e9liorer, le classement AffiliateWP offre tout ce dont vous avez besoin.<\/p>\n<ul>\n<li>Am\u00e9liore l&rsquo;engagement des affili\u00e9s gr\u00e2ce \u00e0 des classements en temps r\u00e9el<\/li>\n<li>Mise \u00e0 jour automatique des classements pour motiver les participants<\/li>\n<li>Options d&rsquo;affichage personnalisables pour une parfaite harmonie avec votre identit\u00e9 visuelle<\/li>\n<li>Int\u00e9gration fluide avec votre installation AffiliateWP existante<\/li>\n<li>Accro\u00eet la concurrence et booste les performances des affili\u00e9s<\/li>\n<li>Prise en charge de diff\u00e9rents crit\u00e8res de classement pour r\u00e9pondre \u00e0 tous les besoins<\/li>\n<li>Interface intuitive pour une gestion et une configuration simplifi\u00e9es<\/li>\n<li>Suivi visuel des performances pour encourager les affili\u00e9s<\/li>\n<li>Compatible avec WordPress pour un fonctionnement optimal<\/li>\n<li>Animation dynamique et interactive des classements pour captiver les utilisateurs<\/li>\n<\/ul>\n","protected":false},"excerpt":{"rendered":"<p>Exploitez pleinement le potentiel de votre programme d&rsquo;affiliation gr\u00e2ce \u00e0 l&rsquo;extension AffiliateWP Leaderboard. D\u00e9couvrez les fonctionnalit\u00e9s optimales d&rsquo;AffiliateWP Leaderboard, con\u00e7ues pour am\u00e9liorer les performances et l&rsquo;engagement de vos affili\u00e9s. Apprenez \u00e0 utiliser AffiliateWP Leaderboard gr\u00e2ce \u00e0 un guide d&rsquo;installation complet et un tutoriel. Explorez les principaux avantages d&rsquo;AffiliateWP Leaderboard, de son optimisation pour les affili\u00e9s \u00e0 ses conseils d&rsquo;int\u00e9gration simplifi\u00e9e. Profitez d&rsquo;options de personnalisation avanc\u00e9es et trouvez des solutions AffiliateWP Leaderboard abordables et adapt\u00e9es \u00e0 vos besoins. Lisez des t\u00e9moignages de r\u00e9ussite et d\u00e9couvrez comment l&rsquo;am\u00e9lioration des performances de vos affili\u00e9s gr\u00e2ce \u00e0 AffiliateWP Leaderboard peut dynamiser votre programme. B\u00e9n\u00e9ficiez d&rsquo;un support d\u00e9di\u00e9, de mises \u00e0 jour r\u00e9guli\u00e8res et d&rsquo;une tarification transparente pour les forfaits AffiliateWP Leaderboard.<\/p>\n","protected":false},"featured_media":0,"comment_status":"open","ping_status":"open","template":"","meta":[],"product_brand":[2453],"product_cat":[1189,1181,1186],"product_tag":[1202],"class_list":{"0":"post-148642","1":"product","2":"type-product","3":"status-publish","5":"product_brand-affiliate-wp","6":"product_cat-personnalisation","7":"product_cat-plugins","8":"product_cat-wordpress-plugins","9":"product_tag-affiliate-wp","10":"member-discount","11":"discount-restricted","13":"first","14":"instock","15":"sale","16":"downloadable","17":"virtual","18":"sold-individually","19":"purchasable","20":"product-type-simple"},"_links":{"self":[{"href":"https:\/\/gpl-love.com\/fr\/wp-json\/wp\/v2\/product\/148642","targetHints":{"allow":["GET"]}}],"collection":[{"href":"https:\/\/gpl-love.com\/fr\/wp-json\/wp\/v2\/product"}],"about":[{"href":"https:\/\/gpl-love.com\/fr\/wp-json\/wp\/v2\/types\/product"}],"replies":[{"embeddable":true,"href":"https:\/\/gpl-love.com\/fr\/wp-json\/wp\/v2\/comments?post=148642"}],"wp:attachment":[{"href":"https:\/\/gpl-love.com\/fr\/wp-json\/wp\/v2\/media?parent=148642"}],"wp:term":[{"taxonomy":"product_brand","embeddable":true,"href":"https:\/\/gpl-love.com\/fr\/wp-json\/wp\/v2\/product_brand?post=148642"},{"taxonomy":"product_cat","embeddable":true,"href":"https:\/\/gpl-love.com\/fr\/wp-json\/wp\/v2\/product_cat?post=148642"},{"taxonomy":"product_tag","embeddable":true,"href":"https:\/\/gpl-love.com\/fr\/wp-json\/wp\/v2\/product_tag?post=148642"}],"curies":[{"name":"wp","href":"https:\/\/api.w.org\/{rel}","templated":true}]}}