{"id":148636,"date":"2026-03-21T00:00:00","date_gmt":"2026-03-20T23:00:00","guid":{"rendered":"https:\/\/gpl-love.com\/fr\/produit\/wp-ruby-affiliate-butler-pro\/"},"modified":"2026-04-19T00:33:05","modified_gmt":"2026-04-18T22:33:05","slug":"wp-ruby-affiliate-butler-pro","status":"publish","type":"product","link":"https:\/\/gpl-love.com\/fr\/produit\/wp-ruby-affiliate-butler-pro\/","title":{"rendered":"WP Ruby Affiliate Butler Pro 2.2.0"},"content":{"rendered":"<h3>WP Ruby Affiliate Butler Pro Traits<\/h3>\n<p>Lib\u00e9rez tout le potentiel du marketing d&rsquo;affiliation avec WP Ruby Affiliate Butler Pro. Cet outil puissant est con\u00e7u pour simplifier et optimiser vos efforts en marketing d&rsquo;affiliation, ce qui en fait un incontournable pour les d\u00e9butants comme pour les experts. Curieux de d\u00e9couvrir les fonctionnalit\u00e9s de WP Ruby Affiliate Butler Pro\u00a0? Explorez une suite d&rsquo;outils performants qui simplifient la gestion des liens d&rsquo;affiliation, am\u00e9liorent le r\u00e9f\u00e9rencement naturel et augmentent les taux de conversion.<\/p>\n<p>Pour ceux qui se demandent comment utiliser WP Ruby Affiliate Butler Pro, un guide d&rsquo;installation d\u00e9taill\u00e9 et un tutoriel vous accompagnent pas \u00e0 pas pour une prise en main facile. Son interface intuitive le rend id\u00e9al pour les d\u00e9butants, tandis que ses options d&rsquo;int\u00e9gration s&rsquo;adressent aux utilisateurs avanc\u00e9s.<\/p>\n<p>Le prix de WP Ruby Affiliate Butler Pro est tr\u00e8s attractif et offre un excellent retour sur investissement gr\u00e2ce \u00e0 une efficacit\u00e9 et des revenus accrus. Avant de vous engager, testez une d\u00e9mo de WP Ruby Affiliate Butler Pro pour le voir en action. Les t\u00e9moignages clients soulignent sa simplicit\u00e9 d&rsquo;utilisation et son efficacit\u00e9 par rapport \u00e0 la concurrence.<\/p>\n<p>Trouvez les meilleurs param\u00e8tres pour WP Ruby Affiliate Butler Pro dans le guide utilisateur complet et profitez d&rsquo;une assistance fiable en toute s\u00e9r\u00e9nit\u00e9. Pour ceux qui explorent WP Ruby<\/p>\n<ul>\n<li>Int\u00e9gration fluide avec les r\u00e9seaux d&rsquo;affiliation les plus populaires pour une gestion efficace<\/li>\n<li>Masquage avanc\u00e9 des liens pour prot\u00e9ger les commissions d&rsquo;affiliation<\/li>\n<li>G\u00e9n\u00e9ration automatique de liens d&rsquo;affiliation pour une mon\u00e9tisation simplifi\u00e9e du contenu<\/li>\n<li>Redirections de liens personnalisables pour optimiser l&rsquo;exp\u00e9rience utilisateur et les conversions<\/li>\n<li>Tableau de bord analytique d\u00e9taill\u00e9 pour le suivi des clics et des performances<\/li>\n<li>Interface conviviale con\u00e7ue pour une configuration et une gestion rapides<\/li>\n<li>Compatible avec WordPress pour une int\u00e9gration fluide au site<\/li>\n<li>Prise en charge compl\u00e8te de plusieurs langues et devises<\/li>\n<li>Mises \u00e0 jour r\u00e9guli\u00e8res pour garantir la compatibilit\u00e9 et la s\u00e9curit\u00e9<\/li>\n<li>Formules tarifaires flexibles adapt\u00e9es \u00e0 toutes les tailles d&rsquo;entreprise et \u00e0 tous les besoins<\/li>\n<\/ul>\n","protected":false},"excerpt":{"rendered":"<p>D\u00e9couvrez l&rsquo;outil ultime pour les affili\u00e9s\u00a0: WP Ruby Affiliate Butler Pro. Cette solution performante offre une int\u00e9gration fluide, des guides d&rsquo;utilisation complets et un guide d&rsquo;installation pas \u00e0 pas con\u00e7u pour les d\u00e9butants. Testez la d\u00e9mo de WP Ruby Affiliate Butler Pro pour d\u00e9couvrir ses fonctionnalit\u00e9s uniques, notamment une prise en charge intuitive du marketing d&rsquo;affiliation et une personnalisation optimale des param\u00e8tres. Comparez WP Ruby Affiliate Butler Pro \u00e0 ses concurrents et d\u00e9couvrez pourquoi il est un choix de premier ordre, gr\u00e2ce aux t\u00e9moignages clients qui soulignent ses avantages. Apprenez \u00e0 utiliser efficacement WP Ruby Affiliate Butler Pro gr\u00e2ce \u00e0 des tutoriels d\u00e9taill\u00e9s et d\u00e9couvrez les options de prix et de t\u00e9l\u00e9chargement pour d\u00e9marrer. Explorez les alternatives \u00e0 WP Ruby Affiliate Butler Pro et trouvez o\u00f9 l&rsquo;acheter d\u00e8s aujourd&rsquo;hui.<\/p>\n","protected":false},"featured_media":0,"comment_status":"open","ping_status":"open","template":"","meta":[],"product_brand":[2501],"product_cat":[1207,1181,1186],"product_tag":[2194],"class_list":{"0":"post-148636","1":"product","2":"type-product","3":"status-publish","5":"product_brand-wpruby","6":"product_cat-commercialisation-wordpress-plugins","7":"product_cat-plugins","8":"product_cat-wordpress-plugins","9":"product_tag-wpruby","10":"member-discount","11":"discount-restricted","13":"first","14":"instock","15":"sale","16":"downloadable","17":"virtual","18":"sold-individually","19":"purchasable","20":"product-type-simple"},"_links":{"self":[{"href":"https:\/\/gpl-love.com\/fr\/wp-json\/wp\/v2\/product\/148636","targetHints":{"allow":["GET"]}}],"collection":[{"href":"https:\/\/gpl-love.com\/fr\/wp-json\/wp\/v2\/product"}],"about":[{"href":"https:\/\/gpl-love.com\/fr\/wp-json\/wp\/v2\/types\/product"}],"replies":[{"embeddable":true,"href":"https:\/\/gpl-love.com\/fr\/wp-json\/wp\/v2\/comments?post=148636"}],"wp:attachment":[{"href":"https:\/\/gpl-love.com\/fr\/wp-json\/wp\/v2\/media?parent=148636"}],"wp:term":[{"taxonomy":"product_brand","embeddable":true,"href":"https:\/\/gpl-love.com\/fr\/wp-json\/wp\/v2\/product_brand?post=148636"},{"taxonomy":"product_cat","embeddable":true,"href":"https:\/\/gpl-love.com\/fr\/wp-json\/wp\/v2\/product_cat?post=148636"},{"taxonomy":"product_tag","embeddable":true,"href":"https:\/\/gpl-love.com\/fr\/wp-json\/wp\/v2\/product_tag?post=148636"}],"curies":[{"name":"wp","href":"https:\/\/api.w.org\/{rel}","templated":true}]}}