{"id":148635,"date":"2026-03-21T00:00:00","date_gmt":"2026-03-20T23:00:00","guid":{"rendered":"https:\/\/gpl-love.com\/fr\/produit\/latepoint-pro-features\/"},"modified":"2026-04-18T06:35:57","modified_gmt":"2026-04-18T04:35:57","slug":"latepoint-pro-features","status":"publish","type":"product","link":"https:\/\/gpl-love.com\/fr\/produit\/latepoint-pro-features\/","title":{"rendered":"LatePoint Pro Features 1.3.1"},"content":{"rendered":"<h3>LatePoint Pro Features Traits<\/h3>\n<p>D\u00e9couvrez la puissance de LatePoint Pro, une solution r\u00e9volutionnaire pour la planification des rendez-vous et la gestion de la relation client. Ce syst\u00e8me de r\u00e9servation performant est con\u00e7u pour optimiser vos op\u00e9rations gr\u00e2ce \u00e0 ses fonctionnalit\u00e9s avanc\u00e9es et son interface intuitive. Explorez la liste compl\u00e8te des fonctionnalit\u00e9s de LatePoint Pro et d\u00e9couvrez ses atouts uniques, tels que son int\u00e9gration fluide et ses nombreuses options de personnalisation.<\/p>\n<p>Les entreprises appr\u00e9cieront les fonctionnalit\u00e9s de gestion des rendez-vous de LatePoint Pro, qui garantissent des processus de planification et de reprogrammation sans accroc. Ses fonctionnalit\u00e9s de gestion de la relation client offrent une approche intuitive pour traiter les informations clients, facilitant ainsi la fourniture d&rsquo;un service personnalis\u00e9.<\/p>\n<p>Envie d&rsquo;en savoir plus sur les fonctionnalit\u00e9s avanc\u00e9es de LatePoint Pro\u00a0? Consultez la pr\u00e9sentation des fonctionnalit\u00e9s pour comprendre comment les utiliser efficacement. Comparez LatePoint Pro avec d&rsquo;autres plateformes et d\u00e9couvrez ce qui le distingue.<\/p>\n<p>La comparaison des fonctionnalit\u00e9s de LatePoint Pro montre comment ses outils de planification r\u00e9pondent aux divers besoins des entreprises, am\u00e9liorant ainsi la productivit\u00e9 et l&rsquo;efficacit\u00e9. Son interface intuitive facilite la navigation et garantit une exp\u00e9rience optimale pour le personnel comme pour les clients. Que vous g\u00e9riez un grand nombre de rendez-vous ou une grande entreprise, LatePoint Pro est la solution id\u00e9ale.<\/p>\n<ul>\n<li>Syst\u00e8me de r\u00e9servation de rendez-vous simplifi\u00e9 pour les entreprises et les professionnels<\/li>\n<li><\/li>\n<li>Interface conviviale et navigation intuitive<\/li>\n<li><\/li>\n<li>Formulaires de r\u00e9servation personnalisables pour r\u00e9pondre aux besoins sp\u00e9cifiques de chaque entreprise<\/li>\n<li><\/li>\n<li>Rappels et notifications automatis\u00e9s pour les clients et le personnel<\/li>\n<li><\/li>\n<li>Int\u00e9gration avec les applications de calendrier les plus populaires pour une gestion simplifi\u00e9e des plannings<\/li>\n<li><\/li>\n<li>Rapports et analyses avanc\u00e9s pour une meilleure compr\u00e9hension de votre activit\u00e9<\/li>\n<li><\/li>\n<li>Prise en charge multilingue pour une accessibilit\u00e9 mondiale<\/li>\n<li>Options de paiement s\u00e9curis\u00e9es pour des transactions simplifi\u00e9es<\/li>\n<li>Apparence personnalisable pour une parfaite ad\u00e9quation avec votre identit\u00e9 visuelle<\/li>\n<li><\/li>\n<li>Panneau d&rsquo;administration complet pour une gestion et un contr\u00f4le efficaces<\/li>\n<\/ul>\n","protected":false},"excerpt":{"rendered":"<p>D\u00e9couvrez la puissance de LatePoint Pro, une solution innovante con\u00e7ue pour optimiser l&rsquo;efficacit\u00e9 de votre entreprise gr\u00e2ce \u00e0 son syst\u00e8me de r\u00e9servation avanc\u00e9 et son interface intuitive. G\u00e9rez vos rendez-vous en toute simplicit\u00e9 gr\u00e2ce aux fonctionnalit\u00e9s de gestion de rendez-vous de LatePoint Pro et explorez ses puissantes options de planification. Consultez la pr\u00e9sentation des fonctionnalit\u00e9s de LatePoint Pro pour d\u00e9couvrir des options de personnalisation uniques et des fonctionnalit\u00e9s d&rsquo;int\u00e9gration adapt\u00e9es \u00e0 tous vos besoins. Comparez les fonctionnalit\u00e9s de LatePoint Pro ou explorez la liste des fonctionnalit\u00e9s pour comprendre ses principaux composants. Am\u00e9liorez les interactions clients gr\u00e2ce aux fonctionnalit\u00e9s de gestion de la relation client de LatePoint Pro, pour une exp\u00e9rience fluide et intuitive. D\u00e9couvrez comment utiliser les fonctionnalit\u00e9s de LatePoint Pro pour transformer et rationaliser vos op\u00e9rations d\u00e8s aujourd&rsquo;hui.<\/p>\n","protected":false},"featured_media":0,"comment_status":"open","ping_status":"open","template":"","meta":[],"product_brand":[2435],"product_cat":[2837,1181,1186],"product_tag":[1231],"class_list":{"0":"post-148635","1":"product","2":"type-product","3":"status-publish","5":"product_brand-codecanyon","6":"product_cat-entreprise-wordpress-plugins","7":"product_cat-plugins","8":"product_cat-wordpress-plugins","9":"product_tag-codecanyon","10":"member-discount","11":"discount-restricted","13":"first","14":"instock","15":"sale","16":"downloadable","17":"virtual","18":"sold-individually","19":"purchasable","20":"product-type-simple"},"_links":{"self":[{"href":"https:\/\/gpl-love.com\/fr\/wp-json\/wp\/v2\/product\/148635","targetHints":{"allow":["GET"]}}],"collection":[{"href":"https:\/\/gpl-love.com\/fr\/wp-json\/wp\/v2\/product"}],"about":[{"href":"https:\/\/gpl-love.com\/fr\/wp-json\/wp\/v2\/types\/product"}],"replies":[{"embeddable":true,"href":"https:\/\/gpl-love.com\/fr\/wp-json\/wp\/v2\/comments?post=148635"}],"wp:attachment":[{"href":"https:\/\/gpl-love.com\/fr\/wp-json\/wp\/v2\/media?parent=148635"}],"wp:term":[{"taxonomy":"product_brand","embeddable":true,"href":"https:\/\/gpl-love.com\/fr\/wp-json\/wp\/v2\/product_brand?post=148635"},{"taxonomy":"product_cat","embeddable":true,"href":"https:\/\/gpl-love.com\/fr\/wp-json\/wp\/v2\/product_cat?post=148635"},{"taxonomy":"product_tag","embeddable":true,"href":"https:\/\/gpl-love.com\/fr\/wp-json\/wp\/v2\/product_tag?post=148635"}],"curies":[{"name":"wp","href":"https:\/\/api.w.org\/{rel}","templated":true}]}}