{"id":148626,"date":"2025-11-27T00:00:00","date_gmt":"2025-11-26T23:00:00","guid":{"rendered":"https:\/\/gpl-love.com\/fr\/produit\/gravity-forms-supercharge-addon-2\/"},"modified":"2026-04-19T18:30:56","modified_gmt":"2026-04-19T16:30:56","slug":"gravity-forms-supercharge-addon-2","status":"publish","type":"product","link":"https:\/\/gpl-love.com\/fr\/produit\/gravity-forms-supercharge-addon-2\/","title":{"rendered":"GPLL4468 1.0.4"},"content":{"rendered":"<h3>GPLL4468 Traits<\/h3>\n<p>D\u00e9couvrez la simplicit\u00e9 d&rsquo;utilisation de la fonctionnalit\u00e9 de glisser-d\u00e9poser de JetFormBuilder pour WordPress. Ce plugin intuitif simplifie la collecte de fichiers gr\u00e2ce \u00e0 son interface conviviale. Consultez le guide complet de JetFormBuilder pour apprendre \u00e0 configurer et personnaliser vos formulaires de t\u00e9l\u00e9chargement de fichiers en toute simplicit\u00e9. De la configuration de base aux fonctionnalit\u00e9s avanc\u00e9es, JetFormBuilder offre un large \u00e9ventail d&rsquo;options pour r\u00e9pondre \u00e0 tous vos besoins.<\/p>\n<p>Ce tutoriel sur l&rsquo;utilisation du glisser-d\u00e9poser de JetFormBuilder pr\u00e9sente les bonnes pratiques pour une int\u00e9gration et une personnalisation optimales. La gestion des fichiers est simplifi\u00e9e gr\u00e2ce \u00e0 ce plugin, id\u00e9al pour tout site WordPress souhaitant am\u00e9liorer l&rsquo;interaction utilisateur.<\/p>\n<p>Pour ceux qui recherchent des fonctionnalit\u00e9s avanc\u00e9es, JetFormBuilder propose de nombreuses options de personnalisation et d&rsquo;int\u00e9gration. L&rsquo;\u00e9valuation du glisser-d\u00e9poser de JetFormBuilder souligne son efficacit\u00e9 et la facilit\u00e9 de configuration des formulaires gr\u00e2ce \u00e0 des instructions claires. Que ce soit pour un usage professionnel, \u00e9ducatif ou personnel.<\/p>\n<ul>\n<li>Interface utilisateur intuitive par glisser-d\u00e9poser pour des chargements de fichiers simplifi\u00e9s<\/li>\n<li><\/li>\n<li>Prise en charge de nombreux types de fichiers pour des applications polyvalentes<\/li>\n<li><\/li>\n<li>Indicateurs de progression des chargements en temps r\u00e9el pour une exp\u00e9rience utilisateur optimale<\/li>\n<li><\/li>\n<li>Champs de chargement personnalisables pour r\u00e9pondre aux exigences sp\u00e9cifiques de chaque formulaire<\/li>\n<li><\/li>\n<li>Stockage s\u00e9curis\u00e9 des fichiers avec des mesures de protection des donn\u00e9es robustes<\/li>\n<li><\/li>\n<li>Conception adaptative garantissant un fonctionnement optimal sur tous les appareils<\/li>\n<li><\/li>\n<li>Int\u00e9gration facile avec les formulaires et flux de travail existants<\/li>\n<li><\/li>\n<li>Aucune programmation requise\u00a0: id\u00e9al pour les d\u00e9butants comme pour les utilisateurs avanc\u00e9s<\/li>\n<li><\/li>\n<li>Optimis\u00e9 pour des chargements rapides, r\u00e9duisant les temps d\u2019attente<\/li>\n<li><\/li>\n<li>Compatible avec les th\u00e8mes et extensions WordPress les plus populaires<\/li>\n<\/ul>\n","protected":false},"excerpt":{"rendered":"<p>D\u00e9couvrez la fonctionnalit\u00e9 de glisser-d\u00e9poser pour l&rsquo;envoi de fichiers de JetFormBuilder, une solution simple pour enrichir vos formulaires WordPress gr\u00e2ce \u00e0 des options avanc\u00e9es d&rsquo;envoi de fichiers. Ce plugin intuitif permet d&rsquo;int\u00e9grer facilement l&rsquo;envoi de fichiers \u00e0 vos formulaires, permettant ainsi aux utilisateurs de glisser-d\u00e9poser des fichiers en toute simplicit\u00e9. D\u00e9couvrez comment utiliser le glisser-d\u00e9poser de fichiers de JetFormBuilder gr\u00e2ce \u00e0 ses nombreuses options de configuration et de personnalisation. Suivez le guide d\u00e9taill\u00e9 et les instructions pour optimiser le fonctionnement de votre formulaire. Explorez les bonnes pratiques et int\u00e9grez cet outil puissant pour am\u00e9liorer l&rsquo;exp\u00e9rience utilisateur de votre site. Profitez de la simplicit\u00e9 d&rsquo;utilisation des options d&rsquo;envoi de fichiers de JetFormBuilder et transformez votre site web d\u00e8s aujourd&rsquo;hui.<\/p>\n","protected":false},"featured_media":0,"comment_status":"open","ping_status":"open","template":"","meta":[],"product_brand":[2433],"product_cat":[1187,1181,1186],"product_tag":[1366],"class_list":{"0":"post-148626","1":"product","2":"type-product","3":"status-publish","5":"product_brand-themeforest","6":"product_cat-administration-wordpress-plugins","7":"product_cat-plugins","8":"product_cat-wordpress-plugins","9":"product_tag-themeforest","10":"member-discount","11":"discount-restricted","13":"first","14":"instock","15":"sale","16":"downloadable","17":"virtual","18":"sold-individually","19":"purchasable","20":"product-type-simple"},"_links":{"self":[{"href":"https:\/\/gpl-love.com\/fr\/wp-json\/wp\/v2\/product\/148626","targetHints":{"allow":["GET"]}}],"collection":[{"href":"https:\/\/gpl-love.com\/fr\/wp-json\/wp\/v2\/product"}],"about":[{"href":"https:\/\/gpl-love.com\/fr\/wp-json\/wp\/v2\/types\/product"}],"replies":[{"embeddable":true,"href":"https:\/\/gpl-love.com\/fr\/wp-json\/wp\/v2\/comments?post=148626"}],"wp:attachment":[{"href":"https:\/\/gpl-love.com\/fr\/wp-json\/wp\/v2\/media?parent=148626"}],"wp:term":[{"taxonomy":"product_brand","embeddable":true,"href":"https:\/\/gpl-love.com\/fr\/wp-json\/wp\/v2\/product_brand?post=148626"},{"taxonomy":"product_cat","embeddable":true,"href":"https:\/\/gpl-love.com\/fr\/wp-json\/wp\/v2\/product_cat?post=148626"},{"taxonomy":"product_tag","embeddable":true,"href":"https:\/\/gpl-love.com\/fr\/wp-json\/wp\/v2\/product_tag?post=148626"}],"curies":[{"name":"wp","href":"https:\/\/api.w.org\/{rel}","templated":true}]}}