{"id":148329,"date":"2025-11-04T00:00:00","date_gmt":"2025-11-03T23:00:00","guid":{"rendered":"https:\/\/gpl-love.com\/fr\/produit\/uniiq-photography-portfolio-wordpress-theme\/"},"modified":"2026-04-18T06:35:48","modified_gmt":"2026-04-18T04:35:48","slug":"uniiq-photography-portfolio-wordpress-theme","status":"publish","type":"product","link":"https:\/\/gpl-love.com\/fr\/produit\/uniiq-photography-portfolio-wordpress-theme\/","title":{"rendered":"Uniiq Photography Portfolio WordPress Theme 2.0.1"},"content":{"rendered":"<h3>Uniiq Photography Portfolio WordPress Theme Traits<\/h3>\n<p>D\u00e9couvrez le th\u00e8me WordPress Uniiq Photography Portfolio, un choix de premier ordre parmi les meilleurs th\u00e8mes WordPress pour photographes et cr\u00e9atifs. Ce th\u00e8me offre une harmonie parfaite entre style et fonctionnalit\u00e9, id\u00e9ale pour pr\u00e9senter des portfolios photographiques exceptionnels. Le th\u00e8me Uniiq Photography Portfolio propose un design intuitif et facile \u00e0 naviguer, vous permettant de mettre en valeur chaque chef-d&rsquo;\u0153uvre en toute simplicit\u00e9.<\/p>\n<p>Vous souhaitez savoir comment utiliser le th\u00e8me Uniiq Photography Portfolio\u00a0? Le tutoriel complet et le guide d&rsquo;installation simplifient la configuration. Gr\u00e2ce \u00e0 ses nombreuses options de personnalisation, il est facile d&rsquo;adapter l&rsquo;apparence \u00e0 votre style. Pour ceux qui souhaitent un aper\u00e7u, la d\u00e9mo du th\u00e8me Uniiq Photography Portfolio met en lumi\u00e8re ses fonctionnalit\u00e9s dynamiques et vous offre un aper\u00e7u de son potentiel.<\/p>\n<p>L&rsquo;optimisation SEO est un atout majeur, garantissant \u00e0 votre portfolio la visibilit\u00e9 qu&rsquo;il m\u00e9rite. Un support est disponible en permanence pour vous aider en cas de besoin. Le prix du th\u00e8me Uniiq Photography Portfolio vous int\u00e9resse\u00a0? Il offre un excellent rapport qualit\u00e9-prix. Pour les photographes qui souhaitent\u2026<\/p>\n<ul>\n<li>Design enti\u00e8rement adaptatif pour un affichage optimal sur tous les appareils<\/li>\n<li>Options de personnalisation faciles \u00e0 utiliser pour un style sur mesure<\/li>\n<li>Mises en page portfolio int\u00e9gr\u00e9es pour une pr\u00e9sentation photographique soign\u00e9e<\/li>\n<li>Structure optimis\u00e9e pour le r\u00e9f\u00e9rencement naturel (SEO) afin d&rsquo;am\u00e9liorer la visibilit\u00e9 dans les r\u00e9sultats de recherche<\/li>\n<li>Temps de chargement rapides pour une exp\u00e9rience utilisateur am\u00e9lior\u00e9e<\/li>\n<li>Int\u00e9gration avec les plugins les plus populaires pour des fonctionnalit\u00e9s \u00e9tendues<\/li>\n<li>Graphismes Retina pour un affichage d&rsquo;image de haute qualit\u00e9<\/li>\n<li>Importation de d\u00e9mo en un clic pour une installation et un lancement rapides<\/li>\n<li>Pr\u00eat pour la traduction afin de prendre en charge plusieurs langues<\/li>\n<li>Mises \u00e0 jour r\u00e9guli\u00e8res pour une s\u00e9curit\u00e9 et des performances renforc\u00e9es<\/li>\n<\/ul>\n","protected":false},"excerpt":{"rendered":"<p>D\u00e9couvrez le th\u00e8me WordPress Uniiq Photography Portfolio, un choix de premier ordre pour les photographes et cr\u00e9atifs \u00e0 la recherche d&rsquo;une plateforme visuellement \u00e9poustouflante et optimis\u00e9e pour le r\u00e9f\u00e9rencement. Reconnu comme l&rsquo;un des meilleurs th\u00e8mes WordPress pour photographes, il offre des fonctionnalit\u00e9s impressionnantes et de nombreuses options de personnalisation. Explorez la d\u00e9mo du th\u00e8me Uniiq Photography Portfolio pour le voir en action et apprenez \u00e0 l&rsquo;utiliser gr\u00e2ce \u00e0 un tutoriel complet. Le guide d&rsquo;installation garantit une configuration simple et rapide, tandis que l&rsquo;assistance d\u00e9di\u00e9e est l\u00e0 pour r\u00e9pondre \u00e0 toutes vos questions. Son prix comp\u00e9titif le rend accessible \u00e0 tous, offrant un m\u00e9lange unique de fonctionnalit\u00e9s et d&rsquo;esth\u00e9tique pour les portfolios de photographes.<\/p>\n","protected":false},"featured_media":0,"comment_status":"open","ping_status":"open","template":"","meta":[],"product_brand":[2433],"product_cat":[1242,1212,1213],"product_tag":[1366],"class_list":{"0":"post-148329","1":"product","2":"type-product","3":"status-publish","5":"product_brand-themeforest","6":"product_cat-creatif","7":"product_cat-themes","8":"product_cat-wordpress-themes","9":"product_tag-themeforest","10":"member-discount","11":"discount-restricted","13":"first","14":"instock","15":"sale","16":"downloadable","17":"virtual","18":"sold-individually","19":"purchasable","20":"product-type-simple"},"_links":{"self":[{"href":"https:\/\/gpl-love.com\/fr\/wp-json\/wp\/v2\/product\/148329","targetHints":{"allow":["GET"]}}],"collection":[{"href":"https:\/\/gpl-love.com\/fr\/wp-json\/wp\/v2\/product"}],"about":[{"href":"https:\/\/gpl-love.com\/fr\/wp-json\/wp\/v2\/types\/product"}],"replies":[{"embeddable":true,"href":"https:\/\/gpl-love.com\/fr\/wp-json\/wp\/v2\/comments?post=148329"}],"wp:attachment":[{"href":"https:\/\/gpl-love.com\/fr\/wp-json\/wp\/v2\/media?parent=148329"}],"wp:term":[{"taxonomy":"product_brand","embeddable":true,"href":"https:\/\/gpl-love.com\/fr\/wp-json\/wp\/v2\/product_brand?post=148329"},{"taxonomy":"product_cat","embeddable":true,"href":"https:\/\/gpl-love.com\/fr\/wp-json\/wp\/v2\/product_cat?post=148329"},{"taxonomy":"product_tag","embeddable":true,"href":"https:\/\/gpl-love.com\/fr\/wp-json\/wp\/v2\/product_tag?post=148329"}],"curies":[{"name":"wp","href":"https:\/\/api.w.org\/{rel}","templated":true}]}}