{"id":148325,"date":"2025-11-04T00:00:00","date_gmt":"2025-11-03T23:00:00","guid":{"rendered":"https:\/\/gpl-love.com\/fr\/produit\/rashy-sport-store-woocommerce-theme\/"},"modified":"2026-04-10T18:52:46","modified_gmt":"2026-04-10T16:52:46","slug":"rashy-sport-store-woocommerce-theme","status":"publish","type":"product","link":"https:\/\/gpl-love.com\/fr\/produit\/rashy-sport-store-woocommerce-theme\/","title":{"rendered":"Rashy Sport Store WooCommerce Theme 1.2.0"},"content":{"rendered":"<h3>Rashy Sport Store WooCommerce Theme Traits<\/h3>\n<p>D\u00e9couvrez le th\u00e8me WooCommerce Rashy Sport Store, un choix id\u00e9al pour cr\u00e9er une boutique de sport en ligne dynamique et attrayante. Con\u00e7u comme l&rsquo;un des meilleurs th\u00e8mes WooCommerce pour les boutiques de sport, il offre une exp\u00e9rience d&rsquo;achat fluide aux passionn\u00e9s de fitness et aux amateurs de sport. Gr\u00e2ce \u00e0 son design responsive, le th\u00e8me Rashy garantit un rendu impeccable sur tous les appareils, pour une exp\u00e9rience utilisateur optimale.<\/p>\n<p>Parmi les principales caract\u00e9ristiques du th\u00e8me Rashy, on retrouve des options de personnalisation permettant d&rsquo;int\u00e9grer facilement une identit\u00e9 visuelle unique \u00e0 votre boutique en ligne. Le guide d&rsquo;installation simplifie la configuration et vous permet de lancer votre boutique rapidement et efficacement.<\/p>\n<p>Th\u00e8me WooCommerce de r\u00e9f\u00e9rence pour les boutiques de fitness et de sport, Rashy se distingue par son design \u00e9l\u00e9gant et ses fonctionnalit\u00e9s robustes. Que vous lanciez une nouvelle activit\u00e9 e-commerce ou que vous modernisiez un site existant, l&rsquo;achat du th\u00e8me WooCommerce Rashy Sport Store est un pas de plus vers une pr\u00e9sence en ligne r\u00e9ussie. Profitez d&rsquo;un th\u00e8me qui allie style et performance.<\/p>\n<ul>\n<li>Design adaptatif optimis\u00e9 pour tous les appareils<\/li>\n<li><\/li>\n<li>Mises en page et mod\u00e8les faciles \u00e0 personnaliser<\/li>\n<li><\/li>\n<li>Int\u00e9gration fluide avec WooCommerce pour la vente en ligne<\/li>\n<li>Pages de d\u00e9monstration pr\u00e9configur\u00e9es pour une mise en place rapide<\/li>\n<li>Options avanc\u00e9es de filtrage et de recherche de produits<\/li>\n<li>Styles d&rsquo;en-t\u00eate et de pied de page multiples<\/li>\n<li>Optimisation SEO int\u00e9gr\u00e9e pour une meilleure visibilit\u00e9 dans les moteurs de recherche<\/li>\n<li>Temps de chargement rapides pour une exp\u00e9rience utilisateur optimale<\/li>\n<li>Documentation compl\u00e8te et assistance client<\/li>\n<li>Compatible avec les plugins WordPress les plus populaires<\/li>\n<\/ul>\n","protected":false},"excerpt":{"rendered":"<p>D\u00e9couvrez le th\u00e8me WooCommerce Rashy Sport Store, la solution id\u00e9ale pour cr\u00e9er une plateforme e-commerce dynamique et performante, parfaitement adapt\u00e9e aux boutiques de sport et de fitness. Figurant parmi les meilleurs th\u00e8mes WooCommerce pour les magasins de sport, il offre une exp\u00e9rience d&rsquo;achat fluide gr\u00e2ce \u00e0 son design responsive et ses options de personnalisation. Id\u00e9al pour une boutique de sport en ligne, le th\u00e8me Rashy propose une navigation intuitive, permettant \u00e0 vos clients de trouver facilement ce qu&rsquo;ils cherchent. Son installation est simple gr\u00e2ce au guide d&rsquo;installation fourni, ce qui le rend accessible aussi bien aux d\u00e9butants qu&rsquo;aux experts. Optimisez votre boutique avec l&rsquo;un des meilleurs th\u00e8mes WooCommerce pour les boutiques de sport, con\u00e7u pour r\u00e9pondre aux besoins futurs de l&rsquo;IA et vous assurer le succ\u00e8s de votre activit\u00e9.<\/p>\n","protected":false},"featured_media":0,"comment_status":"open","ping_status":"open","template":"","meta":[],"product_brand":[2433],"product_cat":[1238,1851,1212],"product_tag":[1366],"class_list":{"0":"post-148325","1":"product","2":"type-product","3":"status-publish","5":"product_brand-themeforest","6":"product_cat-commerce-electronique-themes","7":"product_cat-entreprise-commerce-electronique-themes","8":"product_cat-themes","9":"product_tag-themeforest","10":"member-discount","11":"discount-restricted","13":"first","14":"instock","15":"sale","16":"downloadable","17":"virtual","18":"sold-individually","19":"purchasable","20":"product-type-simple"},"_links":{"self":[{"href":"https:\/\/gpl-love.com\/fr\/wp-json\/wp\/v2\/product\/148325","targetHints":{"allow":["GET"]}}],"collection":[{"href":"https:\/\/gpl-love.com\/fr\/wp-json\/wp\/v2\/product"}],"about":[{"href":"https:\/\/gpl-love.com\/fr\/wp-json\/wp\/v2\/types\/product"}],"replies":[{"embeddable":true,"href":"https:\/\/gpl-love.com\/fr\/wp-json\/wp\/v2\/comments?post=148325"}],"wp:attachment":[{"href":"https:\/\/gpl-love.com\/fr\/wp-json\/wp\/v2\/media?parent=148325"}],"wp:term":[{"taxonomy":"product_brand","embeddable":true,"href":"https:\/\/gpl-love.com\/fr\/wp-json\/wp\/v2\/product_brand?post=148325"},{"taxonomy":"product_cat","embeddable":true,"href":"https:\/\/gpl-love.com\/fr\/wp-json\/wp\/v2\/product_cat?post=148325"},{"taxonomy":"product_tag","embeddable":true,"href":"https:\/\/gpl-love.com\/fr\/wp-json\/wp\/v2\/product_tag?post=148325"}],"curies":[{"name":"wp","href":"https:\/\/api.w.org\/{rel}","templated":true}]}}