{"id":148322,"date":"2026-02-14T00:00:00","date_gmt":"2026-02-13T23:00:00","guid":{"rendered":"https:\/\/gpl-love.com\/fr\/produit\/urok-creative-portfolio-and-agency-theme\/"},"modified":"2026-04-18T06:35:42","modified_gmt":"2026-04-18T04:35:42","slug":"urok-creative-portfolio-and-agency-theme","status":"publish","type":"product","link":"https:\/\/gpl-love.com\/fr\/produit\/urok-creative-portfolio-and-agency-theme\/","title":{"rendered":"Urok Creative Portfolio et Agency Theme 2.1.4"},"content":{"rendered":"<h3>Urok Creative Portfolio et Agency Theme Traits<\/h3>\n<p>D\u00e9couvrez Urok Creative Portfolio and Agency Theme pour WordPress, le th\u00e8me id\u00e9al pour les agences cr\u00e9atives en qu\u00eate d&rsquo;une pr\u00e9sence en ligne percutante. Achetez facilement le th\u00e8me Urok en ligne et d\u00e9couvrez pourquoi les avis et les notes soulignent son excellence. Son installation est un jeu d&rsquo;enfant gr\u00e2ce au guide d&rsquo;installation, garantissant une configuration sans accroc.<\/p>\n<p>Explorez les fonctionnalit\u00e9s cl\u00e9s du th\u00e8me Urok, sp\u00e9cialement con\u00e7ues pour les designers et les cr\u00e9atifs, gr\u00e2ce au guide de personnalisation. Parfait pour les agences marketing, Urok propose des plugins compatibles qui optimisent ses fonctionnalit\u00e9s, tandis que son design responsive assure un affichage impeccable sur tous les appareils. B\u00e9n\u00e9ficiez de l&rsquo;optimisation SEO du th\u00e8me Urok pour booster votre visibilit\u00e9 et votre trafic.<\/p>\n<p>Ce th\u00e8me Urok abordable pour portfolios offre un excellent rapport qualit\u00e9-prix, avec un support client et des mises \u00e0 jour r\u00e9guli\u00e8res. Profitez des r\u00e9ductions disponibles et d\u00e9couvrez ses fonctionnalit\u00e9s gr\u00e2ce \u00e0 la d\u00e9mo et \u00e0 l&rsquo;aper\u00e7u en direct. Besoin d&rsquo;aide\u00a0? Un service d&rsquo;installation est \u00e0 votre disposition.<\/p>\n<p>En savoir plus<\/p>\n<ul>\n<li>Design moderne et adaptatif pour une exp\u00e9rience utilisateur optimale sur tous les appareils<\/li>\n<li><\/li>\n<li>Options de mise en page personnalisables pour une pr\u00e9sentation efficace de vos cr\u00e9ations<\/li>\n<li><\/li>\n<li>Mod\u00e8les de portfolio pr\u00e9d\u00e9finis pour un gain de temps et d&rsquo;efforts<\/li>\n<li><\/li>\n<li>Compatibilit\u00e9 int\u00e9gr\u00e9e avec les principaux constructeurs de pages pour une personnalisation simplifi\u00e9e<\/li>\n<li><\/li>\n<li>Optimisation pour un chargement rapide et une meilleure interaction avec les utilisateurs<\/li>\n<li><\/li>\n<li>Structure optimis\u00e9e pour le r\u00e9f\u00e9rencement naturel (SEO) afin d&rsquo;am\u00e9liorer votre visibilit\u00e9 sur les moteurs de recherche<\/li>\n<li><\/li>\n<li>Nombreuses options de typographie pour une image de marque personnalis\u00e9e<\/li>\n<li><\/li>\n<li>Int\u00e9gration des r\u00e9seaux sociaux pour d\u00e9velopper votre pr\u00e9sence en ligne<\/li>\n<li><\/li>\n<li>Documentation d\u00e9taill\u00e9e et assistance client pour une installation simplifi\u00e9e<\/li>\n<li><\/li>\n<li>Compatible avec les plugins les plus populaires pour des fonctionnalit\u00e9s \u00e9tendues<\/li>\n<\/ul>\n","protected":false},"excerpt":{"rendered":"<p>D\u00e9couvrez Urok, le th\u00e8me WordPress id\u00e9al pour les agences et les cr\u00e9ateurs, et plus particuli\u00e8rement pour les portfolios cr\u00e9atifs. Achetez-le en ligne et explorez ses atouts majeurs\u00a0: design responsive, optimisation SEO et compatibilit\u00e9 avec les plugins essentiels. Consultez les avis et \u00e9valuations d\u00e9taill\u00e9s sur Urok et acc\u00e9dez \u00e0 un guide d&rsquo;installation simple pour une prise en main rapide. Personnalisez votre th\u00e8me gr\u00e2ce \u00e0 des options avanc\u00e9es con\u00e7ues pour les agences marketing et les cr\u00e9atifs. Profitez de tarifs avantageux, de r\u00e9ductions et d&rsquo;un excellent support client, avec des mises \u00e0 jour r\u00e9guli\u00e8res. Visionnez la d\u00e9mo d&rsquo;Urok pour un aper\u00e7u en direct et b\u00e9n\u00e9ficiez de nos services d&rsquo;installation pour une configuration simplifi\u00e9e. D\u00e9couvrez les t\u00e9moignages d&rsquo;utilisateurs et comprenez pourquoi Urok se distingue des autres th\u00e8mes cr\u00e9atifs.<\/p>\n","protected":false},"featured_media":0,"comment_status":"open","ping_status":"open","template":"","meta":[],"product_brand":[2433],"product_cat":[1242,1212,1213],"product_tag":[1366],"class_list":{"0":"post-148322","1":"product","2":"type-product","3":"status-publish","5":"product_brand-themeforest","6":"product_cat-creatif","7":"product_cat-themes","8":"product_cat-wordpress-themes","9":"product_tag-themeforest","10":"member-discount","11":"discount-restricted","13":"first","14":"instock","15":"sale","16":"downloadable","17":"virtual","18":"sold-individually","19":"purchasable","20":"product-type-simple"},"_links":{"self":[{"href":"https:\/\/gpl-love.com\/fr\/wp-json\/wp\/v2\/product\/148322","targetHints":{"allow":["GET"]}}],"collection":[{"href":"https:\/\/gpl-love.com\/fr\/wp-json\/wp\/v2\/product"}],"about":[{"href":"https:\/\/gpl-love.com\/fr\/wp-json\/wp\/v2\/types\/product"}],"replies":[{"embeddable":true,"href":"https:\/\/gpl-love.com\/fr\/wp-json\/wp\/v2\/comments?post=148322"}],"wp:attachment":[{"href":"https:\/\/gpl-love.com\/fr\/wp-json\/wp\/v2\/media?parent=148322"}],"wp:term":[{"taxonomy":"product_brand","embeddable":true,"href":"https:\/\/gpl-love.com\/fr\/wp-json\/wp\/v2\/product_brand?post=148322"},{"taxonomy":"product_cat","embeddable":true,"href":"https:\/\/gpl-love.com\/fr\/wp-json\/wp\/v2\/product_cat?post=148322"},{"taxonomy":"product_tag","embeddable":true,"href":"https:\/\/gpl-love.com\/fr\/wp-json\/wp\/v2\/product_tag?post=148322"}],"curies":[{"name":"wp","href":"https:\/\/api.w.org\/{rel}","templated":true}]}}