{"id":148321,"date":"2025-11-04T00:00:00","date_gmt":"2025-11-03T23:00:00","guid":{"rendered":"https:\/\/gpl-love.com\/fr\/produit\/medibazar-medical-store-ecommerce-theme\/"},"modified":"2026-03-21T00:12:59","modified_gmt":"2026-03-20T23:12:59","slug":"medibazar-medical-store-ecommerce-theme","status":"publish","type":"product","link":"https:\/\/gpl-love.com\/fr\/produit\/medibazar-medical-store-ecommerce-theme\/","title":{"rendered":"Medibazar Medical Store eCommerce Theme 1.9.3"},"content":{"rendered":"<h3>Medibazar Medical Store eCommerce Theme Traits<\/h3>\n<p>D\u00e9couvrez le th\u00e8me e-commerce Medibazar pour WordPress, la solution id\u00e9ale pour cr\u00e9er une pr\u00e9sence en ligne professionnelle pour toute entreprise du secteur m\u00e9dical. Reconnu comme le meilleur th\u00e8me e-commerce m\u00e9dical pour les boutiques en ligne, il s&rsquo;int\u00e8gre parfaitement \u00e0 WooCommerce, ce qui le rend id\u00e9al pour les pharmacies en ligne et les magasins de mat\u00e9riel m\u00e9dical.<\/p>\n<p>Configurer le th\u00e8me e-commerce m\u00e9dical Medibazar est simple gr\u00e2ce \u00e0 son tutoriel d&rsquo;installation complet qui guide les utilisateurs \u00e9tape par \u00e9tape. Ce th\u00e8me se distingue par son design responsive, garantissant une navigation fluide sur tous les appareils. Que vous vendiez des fournitures m\u00e9dicales en ligne ou g\u00e9riez un site e-commerce d\u00e9di\u00e9 \u00e0 la sant\u00e9, Medibazar offre des fonctionnalit\u00e9s de pointe qui r\u00e9pondent \u00e0 tous vos besoins.<\/p>\n<p>La personnalisation est un jeu d&rsquo;enfant\u00a0: le th\u00e8me Medibazar propose un guide de personnalisation d\u00e9taill\u00e9 pour adapter le site web \u00e0 votre identit\u00e9 visuelle. Pour ceux qui souhaitent am\u00e9liorer leur visibilit\u00e9, les conseils SEO du th\u00e8me e-commerce m\u00e9dical Medibazar sont pr\u00e9cieux. Parfait pour les magasins de mat\u00e9riel hospitalier et les distributeurs de produits de sant\u00e9, ce th\u00e8me allie fonctionnalit\u00e9 et \u00e9l\u00e9gance. Choisissez le th\u00e8me qui vous convient.<\/p>\n<ul>\n<li>Design enti\u00e8rement adaptatif et optimis\u00e9 pour les mobiles pour un affichage optimal sur tous les appareils<\/li>\n<li><\/li>\n<li>Options de personnalisation faciles \u00e0 utiliser gr\u00e2ce \u00e0 un constructeur de pages par glisser-d\u00e9poser<\/li>\n<li><\/li>\n<li>Int\u00e9gration avec WooCommerce pour une exp\u00e9rience d&rsquo;achat en ligne fluide<\/li>\n<li><\/li>\n<li>Mod\u00e8les pr\u00e9d\u00e9finis sp\u00e9cialement con\u00e7us pour les produits m\u00e9dicaux et de sant\u00e9<\/li>\n<li><\/li>\n<li>Temps de chargement rapides pour une exp\u00e9rience utilisateur am\u00e9lior\u00e9e et un r\u00e9f\u00e9rencement optimis\u00e9<\/li>\n<li>Blog et section actualit\u00e9s int\u00e9gr\u00e9s pour informer et fid\u00e9liser les clients<\/li>\n<li>Compatibilit\u00e9 \u00e9tendue avec les plugins populaires pour \u00e9tendre les fonctionnalit\u00e9s<\/li>\n<li>Passerelles de paiement s\u00e9curis\u00e9es et fiables pour des transactions en toute s\u00e9curit\u00e9<\/li>\n<li>Prise en charge multilingue et multidevises pour une port\u00e9e internationale<\/li>\n<li>Mises \u00e0 jour r\u00e9guli\u00e8res et assistance client pour un fonctionnement optimal<\/li>\n<\/ul>\n","protected":false},"excerpt":{"rendered":"<p>D\u00e9couvrez l&rsquo;avenir du commerce m\u00e9dical en ligne avec le th\u00e8me e-commerce Medibazar pour WordPress. Reconnu comme le meilleur th\u00e8me e-commerce m\u00e9dical pour les boutiques en ligne, il est parfaitement compatible avec WooCommerce, ce qui le rend id\u00e9al pour les pharmacies en ligne et les magasins de mat\u00e9riel m\u00e9dical. Facile \u00e0 installer gr\u00e2ce au tutoriel du th\u00e8me Medibazar, ce th\u00e8me est parfait pour la vente de fournitures m\u00e9dicales en ligne. Dot\u00e9 d&rsquo;un design responsive, il convient aux sites web e-commerce du secteur de la sant\u00e9, aux magasins de mat\u00e9riel hospitalier et bien plus encore. Exploitez toutes les fonctionnalit\u00e9s gr\u00e2ce au guide de personnalisation du th\u00e8me Medibazar et optimisez votre visibilit\u00e9 gr\u00e2ce aux conseils SEO pour une pr\u00e9sence en ligne performante.<\/p>\n","protected":false},"featured_media":0,"comment_status":"open","ping_status":"open","template":"","meta":[],"product_brand":[2433],"product_cat":[1238,1851,1212],"product_tag":[1366],"class_list":{"0":"post-148321","1":"product","2":"type-product","3":"status-publish","5":"product_brand-themeforest","6":"product_cat-commerce-electronique-themes","7":"product_cat-entreprise-commerce-electronique-themes","8":"product_cat-themes","9":"product_tag-themeforest","10":"member-discount","11":"discount-restricted","13":"first","14":"instock","15":"sale","16":"downloadable","17":"virtual","18":"sold-individually","19":"purchasable","20":"product-type-simple"},"_links":{"self":[{"href":"https:\/\/gpl-love.com\/fr\/wp-json\/wp\/v2\/product\/148321","targetHints":{"allow":["GET"]}}],"collection":[{"href":"https:\/\/gpl-love.com\/fr\/wp-json\/wp\/v2\/product"}],"about":[{"href":"https:\/\/gpl-love.com\/fr\/wp-json\/wp\/v2\/types\/product"}],"replies":[{"embeddable":true,"href":"https:\/\/gpl-love.com\/fr\/wp-json\/wp\/v2\/comments?post=148321"}],"wp:attachment":[{"href":"https:\/\/gpl-love.com\/fr\/wp-json\/wp\/v2\/media?parent=148321"}],"wp:term":[{"taxonomy":"product_brand","embeddable":true,"href":"https:\/\/gpl-love.com\/fr\/wp-json\/wp\/v2\/product_brand?post=148321"},{"taxonomy":"product_cat","embeddable":true,"href":"https:\/\/gpl-love.com\/fr\/wp-json\/wp\/v2\/product_cat?post=148321"},{"taxonomy":"product_tag","embeddable":true,"href":"https:\/\/gpl-love.com\/fr\/wp-json\/wp\/v2\/product_tag?post=148321"}],"curies":[{"name":"wp","href":"https:\/\/api.w.org\/{rel}","templated":true}]}}