{"id":148316,"date":"2025-11-04T00:00:00","date_gmt":"2025-11-03T23:00:00","guid":{"rendered":"https:\/\/gpl-love.com\/fr\/produit\/ws-form-pro-paypal-checkout\/"},"modified":"2026-04-18T06:35:32","modified_gmt":"2026-04-18T04:35:32","slug":"ws-form-pro-paypal-checkout","status":"publish","type":"product","link":"https:\/\/gpl-love.com\/fr\/produit\/ws-form-pro-paypal-checkout\/","title":{"rendered":"WS Form Pro PayPal Checkout 2.0.12"},"content":{"rendered":"<h3>WS Form Pro PayPal Checkout Traits<\/h3>\n<p>D\u00e9couvrez l&rsquo;int\u00e9gration fluide de WS Form Pro avec PayPal Checkout, con\u00e7ue pour simplifier les processus de paiement sur les sites WordPress. Que vous d\u00e9butiez dans le monde des transactions en ligne ou que vous souhaitiez am\u00e9liorer une configuration existante, ce guide vous offre une pr\u00e9sentation compl\u00e8te de l&rsquo;int\u00e9gration de WS Form Pro avec PayPal Checkout. Apprenez \u00e0 utiliser WS Form Pro avec PayPal gr\u00e2ce \u00e0 des tutoriels et des instructions d&rsquo;installation faciles \u00e0 suivre.<\/p>\n<p>Ce plugin PayPal Checkout simplifie la configuration des paiements et garantit une exp\u00e9rience de transaction fluide. Suivez le tutoriel WS Form Pro PayPal pour une pr\u00e9sentation \u00e9tape par \u00e9tape, ou explorez la d\u00e9mo WS Form Pro PayPal Checkout pour le voir en action. La configuration est simple, avec des fonctionnalit\u00e9s con\u00e7ues pour optimiser les processus de la passerelle de paiement PayPal.<\/p>\n<p>Besoin d&rsquo;aide suppl\u00e9mentaire\u00a0? L&rsquo;assistance pour l&rsquo;int\u00e9gration de WS Form Pro avec PayPal est l\u00e0 pour vous aider. La lecture d&rsquo;un avis sur WS Form Pro PayPal Checkout peut \u00e9galement vous apporter des informations pr\u00e9cieuses. Configurer PayPal Checkout dans WS Form Pro est intuitif et permet aux utilisateurs de configurer leurs param\u00e8tres de paiement sans effort.<\/p>\n<p>Avec WS Form Pro PayPal Checkout pour WordPress, g\u00e9rez vos paiements en ligne en toute simplicit\u00e9.<\/p>\n<ul>\n<li>Int\u00e9gration fluide avec PayPal Checkout pour un traitement des paiements efficace<\/li>\n<li>Configuration facile avec des formulaires personnalisables pour une exp\u00e9rience utilisateur sur mesure<\/li>\n<li>Prise en charge de divers modes de paiement, dont les cartes bancaires et PayPal<\/li>\n<li>Conception adaptative garantissant la compatibilit\u00e9 avec tous les appareils<\/li>\n<li>Logique conditionnelle avanc\u00e9e pour des interactions dynamiques avec les formulaires<\/li>\n<li>Traitement s\u00e9curis\u00e9 des transactions avec pr\u00e9vention int\u00e9gr\u00e9e de la fraude<\/li>\n<li>Suivi et analyses en temps r\u00e9el des soumissions de formulaires<\/li>\n<li>Cr\u00e9ateur de formulaires intuitif par glisser-d\u00e9poser<\/li>\n<li>Documentation compl\u00e8te et assistance au d\u00e9pannage<\/li>\n<li>Compatible avec les sites WordPress pour une int\u00e9gration simplifi\u00e9e<\/li>\n<\/ul>\n","protected":false},"excerpt":{"rendered":"<p>Simplifiez vos transactions en ligne gr\u00e2ce \u00e0 l&rsquo;int\u00e9gration de PayPal Checkout avec WS Form Pro. D\u00e9couvrez comment utiliser WS Form Pro avec PayPal pour optimiser vos processus de paiement en toute simplicit\u00e9. La configuration de PayPal dans WS Form Pro est intuitive et garantit une exp\u00e9rience utilisateur optimale. Suivez le tutoriel complet sur PayPal pour WS Form Pro et ma\u00eetrisez facilement chaque aspect de son fonctionnement. Ce guide d&rsquo;int\u00e9gration de PayPal Checkout avec WS Form Pro simplifie la configuration de PayPal Checkout et propose une d\u00e9monstration conviviale illustrant ses fonctionnalit\u00e9s. B\u00e9n\u00e9ficiez de la passerelle de paiement PayPal de WS Form Pro, reconnue pour son support performant et ses options de configuration d\u00e9taill\u00e9es adapt\u00e9es aux utilisateurs WordPress. Explorez d\u00e8s aujourd&rsquo;hui les fonctionnalit\u00e9s de PayPal Checkout dans WS Form Pro et transformez votre plateforme e-commerce gr\u00e2ce \u00e0 des solutions de paiement efficaces.<\/p>\n","protected":false},"featured_media":0,"comment_status":"open","ping_status":"open","template":"","meta":[],"product_brand":[2880],"product_cat":[1191,1181,1186],"product_tag":[2881],"class_list":{"0":"post-148316","1":"product","2":"type-product","3":"status-publish","5":"product_brand-ws-form","6":"product_cat-formes","7":"product_cat-plugins","8":"product_cat-wordpress-plugins","9":"product_tag-ws-form","10":"member-discount","11":"discount-restricted","13":"first","14":"instock","15":"sale","16":"downloadable","17":"virtual","18":"sold-individually","19":"purchasable","20":"product-type-simple"},"_links":{"self":[{"href":"https:\/\/gpl-love.com\/fr\/wp-json\/wp\/v2\/product\/148316","targetHints":{"allow":["GET"]}}],"collection":[{"href":"https:\/\/gpl-love.com\/fr\/wp-json\/wp\/v2\/product"}],"about":[{"href":"https:\/\/gpl-love.com\/fr\/wp-json\/wp\/v2\/types\/product"}],"replies":[{"embeddable":true,"href":"https:\/\/gpl-love.com\/fr\/wp-json\/wp\/v2\/comments?post=148316"}],"wp:attachment":[{"href":"https:\/\/gpl-love.com\/fr\/wp-json\/wp\/v2\/media?parent=148316"}],"wp:term":[{"taxonomy":"product_brand","embeddable":true,"href":"https:\/\/gpl-love.com\/fr\/wp-json\/wp\/v2\/product_brand?post=148316"},{"taxonomy":"product_cat","embeddable":true,"href":"https:\/\/gpl-love.com\/fr\/wp-json\/wp\/v2\/product_cat?post=148316"},{"taxonomy":"product_tag","embeddable":true,"href":"https:\/\/gpl-love.com\/fr\/wp-json\/wp\/v2\/product_tag?post=148316"}],"curies":[{"name":"wp","href":"https:\/\/api.w.org\/{rel}","templated":true}]}}