{"id":148311,"date":"2025-11-04T00:00:00","date_gmt":"2025-11-03T23:00:00","guid":{"rendered":"https:\/\/gpl-love.com\/fr\/produit\/ws-form-pro-moosend\/"},"modified":"2026-04-19T00:32:53","modified_gmt":"2026-04-18T22:32:53","slug":"ws-form-pro-moosend","status":"publish","type":"product","link":"https:\/\/gpl-love.com\/fr\/produit\/ws-form-pro-moosend\/","title":{"rendered":"WS Form Pro Moosend 1.0.1"},"content":{"rendered":"<h3>WS Form Pro Moosend Traits<\/h3>\n<p>Exploitez pleinement le potentiel de votre marketing par e-mail gr\u00e2ce \u00e0 l&rsquo;int\u00e9gration fluide de WS Form Pro avec Moosend. D\u00e9couvrez comment utiliser WS Form Pro avec Moosend pour optimiser votre automatisation marketing en toute simplicit\u00e9. Le guide d&rsquo;installation de WS Form Pro pour Moosend vous propose une proc\u00e9dure claire et pas \u00e0 pas, adapt\u00e9e aussi bien aux d\u00e9butants qu&rsquo;aux experts. Plongez-vous dans le tutoriel WS Form Pro et Moosend pour ma\u00eetriser les bonnes pratiques d&rsquo;utilisation de WS Form Pro avec Moosend et transformer chaque soumission de formulaire en un prospect qualifi\u00e9.<\/p>\n<p>Configurer WS Form Pro pour Moosend est un jeu d&rsquo;enfant gr\u00e2ce \u00e0 une documentation compl\u00e8te et \u00e0 un excellent support. Profitez des puissantes fonctionnalit\u00e9s de WS Form Pro pour Moosend, comme l&rsquo;int\u00e9gration API, pour des processus simplifi\u00e9s. B\u00e9n\u00e9ficiez d&rsquo;un d\u00e9marrage rapide gr\u00e2ce \u00e0 la fonction de d\u00e9marrage rapide de WS Form Pro pour Moosend, qui permet une transition efficace des formulaires vers Moosend.<\/p>\n<p>Optimisez la constitution de votre liste de diffusion gr\u00e2ce aux workflows d&rsquo;automatisation de WS Form Pro pour Moosend, con\u00e7us pour simplifier vos campagnes e-mail et la gestion de vos abonn\u00e9s.<\/p>\n<ul>\n<li>Int\u00e9gration fluide avec Moosend pour une automatisation marketing par e-mail efficace<\/li>\n<li><\/li>\n<li>Cr\u00e9ateur de formulaires intuitif par glisser-d\u00e9poser avec de nombreuses options de personnalisation<\/li>\n<li><\/li>\n<li>Logique conditionnelle avanc\u00e9e pour des exp\u00e9riences utilisateur personnalis\u00e9es<\/li>\n<li><\/li>\n<li>Analyse des formulaires en temps r\u00e9el pour suivre les performances et optimiser l&rsquo;engagement<\/li>\n<li><\/li>\n<li>Conception responsive pour une compatibilit\u00e9 optimale sur tous les appareils<\/li>\n<li><\/li>\n<li>Protection anti-spam int\u00e9gr\u00e9e pour garantir l&rsquo;int\u00e9grit\u00e9 des donn\u00e9es<\/li>\n<li><\/li>\n<li>Vaste biblioth\u00e8que de mod\u00e8les de formulaires pr\u00e9d\u00e9finis pour un gain de temps<\/li>\n<li><\/li>\n<li>Formulaires multi-\u00e9tapes pour une meilleure interaction utilisateur et une collecte de donn\u00e9es optimis\u00e9e<\/li>\n<li>Conformit\u00e9 RGPD pour une confidentialit\u00e9 et une s\u00e9curit\u00e9 des donn\u00e9es garanties<\/li>\n<li><\/li>\n<li>Prise en charge des CSS et JavaScript personnalis\u00e9s pour une personnalisation encore plus pouss\u00e9e<\/li>\n<\/ul>\n","protected":false},"excerpt":{"rendered":"<p>D\u00e9couvrez l&rsquo;efficacit\u00e9 et la fluidit\u00e9 de l&rsquo;int\u00e9gration WS Form Pro et Moosend, une solution r\u00e9volutionnaire pour l&rsquo;automatisation de vos campagnes d&#8217;emailing. Apprenez \u00e0 utiliser WS Form Pro avec Moosend pour optimiser vos campagnes gr\u00e2ce \u00e0 notre guide d&rsquo;installation complet. Consultez le tutoriel WS Form Pro et Moosend pour d\u00e9couvrir les bonnes pratiques de configuration de WS Form Pro pour Moosend. Profitez pleinement des fonctionnalit\u00e9s et avantages de WS Form Pro et Moosend, notamment les guides de d\u00e9marrage rapide, l&rsquo;int\u00e9gration de formulaires et la prise en charge de l&rsquo;API. Am\u00e9liorez la constitution de votre liste de diffusion gr\u00e2ce aux workflows d&rsquo;automatisation WS Form Pro et Moosend, \u00e0 des campagnes emailing performantes et \u00e0 la gestion de vos abonn\u00e9s. Acc\u00e9dez \u00e0 la documentation d\u00e9taill\u00e9e et aux guides d&rsquo;utilisation de WS Form Pro et Moosend pour une configuration pas \u00e0 pas qui transformera votre relation avec votre audience.<\/p>\n","protected":false},"featured_media":0,"comment_status":"open","ping_status":"open","template":"","meta":[],"product_brand":[2880],"product_cat":[1191,1181,1186],"product_tag":[2881],"class_list":{"0":"post-148311","1":"product","2":"type-product","3":"status-publish","5":"product_brand-ws-form","6":"product_cat-formes","7":"product_cat-plugins","8":"product_cat-wordpress-plugins","9":"product_tag-ws-form","10":"member-discount","11":"discount-restricted","13":"first","14":"instock","15":"sale","16":"downloadable","17":"virtual","18":"sold-individually","19":"purchasable","20":"product-type-simple"},"_links":{"self":[{"href":"https:\/\/gpl-love.com\/fr\/wp-json\/wp\/v2\/product\/148311","targetHints":{"allow":["GET"]}}],"collection":[{"href":"https:\/\/gpl-love.com\/fr\/wp-json\/wp\/v2\/product"}],"about":[{"href":"https:\/\/gpl-love.com\/fr\/wp-json\/wp\/v2\/types\/product"}],"replies":[{"embeddable":true,"href":"https:\/\/gpl-love.com\/fr\/wp-json\/wp\/v2\/comments?post=148311"}],"wp:attachment":[{"href":"https:\/\/gpl-love.com\/fr\/wp-json\/wp\/v2\/media?parent=148311"}],"wp:term":[{"taxonomy":"product_brand","embeddable":true,"href":"https:\/\/gpl-love.com\/fr\/wp-json\/wp\/v2\/product_brand?post=148311"},{"taxonomy":"product_cat","embeddable":true,"href":"https:\/\/gpl-love.com\/fr\/wp-json\/wp\/v2\/product_cat?post=148311"},{"taxonomy":"product_tag","embeddable":true,"href":"https:\/\/gpl-love.com\/fr\/wp-json\/wp\/v2\/product_tag?post=148311"}],"curies":[{"name":"wp","href":"https:\/\/api.w.org\/{rel}","templated":true}]}}