{"id":148304,"date":"2025-11-04T00:00:00","date_gmt":"2025-11-03T23:00:00","guid":{"rendered":"https:\/\/gpl-love.com\/fr\/produit\/ws-form-pro-brevo\/"},"modified":"2026-04-19T00:32:47","modified_gmt":"2026-04-18T22:32:47","slug":"ws-form-pro-brevo","status":"publish","type":"product","link":"https:\/\/gpl-love.com\/fr\/produit\/ws-form-pro-brevo\/","title":{"rendered":"WS Form Pro Brevo 1.0.5"},"content":{"rendered":"<h3>WS Form Pro Brevo Traits<\/h3>\n<p>D\u00e9couvrez la puissance et la flexibilit\u00e9 de WS Form Pro Brevo, un choix de pr\u00e9dilection pour les passionn\u00e9s de WordPress \u00e0 la recherche d&rsquo;un cr\u00e9ateur de formulaires polyvalent. Cet outil complet offre une multitude de fonctionnalit\u00e9s, ce qui en fait une option incontournable face aux autres cr\u00e9ateurs de formulaires. Apprenez \u00e0 utiliser WS Form Pro Brevo gr\u00e2ce \u00e0 des tutoriels intuitifs et un guide utilisateur d\u00e9taill\u00e9 qui simplifient l&rsquo;installation.<\/p>\n<p>Que vous souhaitiez conna\u00eetre les tarifs de WS Form Pro Brevo ou t\u00e9l\u00e9charger l&rsquo;extension, cet outil offre un excellent rapport qualit\u00e9-prix. Profitez du guide d&rsquo;int\u00e9gration et des conseils avanc\u00e9s de WS Form Pro Brevo pour vous connecter facilement \u00e0 d&rsquo;autres plateformes et enrichir les fonctionnalit\u00e9s de votre site. Ses options de conception responsive garantissent un affichage optimal de vos formulaires sur tous les appareils, tandis que les options de personnalisation permettent de cr\u00e9er des formulaires uniques et \u00e0 votre image.<\/p>\n<p>Am\u00e9liorez votre visibilit\u00e9 sur les moteurs de recherche gr\u00e2ce aux avantages SEO de WS Form Pro Brevo et hissez votre site en t\u00eate des classements. Des mises \u00e0 jour r\u00e9guli\u00e8res maintiennent l&rsquo;extension \u00e0 jour, et une assistance technique est disponible pour r\u00e9soudre rapidement les probl\u00e8mes. Consultez les bonnes pratiques pour WS Form Pro Brevo.<\/p>\n<ul>\n<li>Int\u00e9gration fluide avec Brevo pour des campagnes d&#8217;emailing optimis\u00e9es.<\/li>\n<li><\/li>\n<li>Cr\u00e9ateur de formulaires par glisser-d\u00e9poser pour une personnalisation et une conception simplifi\u00e9es.<\/li>\n<li><\/li>\n<li>Conception responsive pour un affichage optimal sur tous les appareils.<\/li>\n<li><\/li>\n<li>Logique conditionnelle pour des exp\u00e9riences utilisateur dynamiques et personnalis\u00e9es.<\/li>\n<li><\/li>\n<li>Analyse avanc\u00e9e des formulaires pour le suivi de l&rsquo;engagement et des conversions.<\/li>\n<li><\/li>\n<li>Conformit\u00e9 RGPD pour la protection des donn\u00e9es et le respect de la vie priv\u00e9e.<\/li>\n<li><\/li>\n<li>Vaste biblioth\u00e8que de mod\u00e8les de formulaires pour une configuration rapide.<\/li>\n<li><\/li>\n<li>Formulaires multipages pour simplifier la collecte de donn\u00e9es.<\/li>\n<li><\/li>\n<li>Protection anti-spam avec reCAPTCHA et la technologie honeypot.<\/li>\n<li><\/li>\n<li>Prise en charge du t\u00e9l\u00e9chargement de fichiers et de diff\u00e9rents types de champs pour une collecte de donn\u00e9es polyvalente.<\/li>\n<\/ul>\n","protected":false},"excerpt":{"rendered":"<p>D\u00e9couvrez toute la puissance de WS Form Pro Brevo gr\u00e2ce \u00e0 ce guide complet con\u00e7u pour r\u00e9pondre \u00e0 tous vos besoins en mati\u00e8re de cr\u00e9ation de formulaires. Que vous recherchiez un tutoriel WS Form Pro Brevo ou un avis approfondi sur cette plateforme, elle offre une polyvalence in\u00e9gal\u00e9e. Apprenez \u00e0 utiliser WS Form Pro Brevo en toute simplicit\u00e9, d\u00e9couvrez ses tarifs comp\u00e9titifs et explorez ses fonctionnalit\u00e9s exceptionnelles. Int\u00e9grez-le facilement aux outils populaires gr\u00e2ce au guide d&rsquo;int\u00e9gration WS Form Pro Brevo et comparez-le aux autres cr\u00e9ateurs de formulaires pour trouver la solution id\u00e9ale. Acc\u00e9dez \u00e0 un guide utilisateur d\u00e9taill\u00e9, suivez les instructions d&rsquo;installation et d\u00e9couvrez les bonnes pratiques. Lisez les t\u00e9moignages clients et perfectionnez vos comp\u00e9tences gr\u00e2ce \u00e0 des conseils avanc\u00e9s. T\u00e9l\u00e9chargez l&rsquo;extension WS Form Pro Brevo pour WordPress afin de profiter de ses avantages en mati\u00e8re de r\u00e9f\u00e9rencement (SEO) et de ses options de conception responsive. En cas de probl\u00e8me, l&rsquo;assistance technique et le support d\u00e9veloppeur sont disponibles. Restez inform\u00e9 des mises \u00e0 jour de WS Form Pro Brevo.<\/p>\n","protected":false},"featured_media":0,"comment_status":"open","ping_status":"open","template":"","meta":[],"product_brand":[2880],"product_cat":[1191,1181,1186],"product_tag":[2881],"class_list":{"0":"post-148304","1":"product","2":"type-product","3":"status-publish","5":"product_brand-ws-form","6":"product_cat-formes","7":"product_cat-plugins","8":"product_cat-wordpress-plugins","9":"product_tag-ws-form","10":"member-discount","11":"discount-restricted","13":"first","14":"instock","15":"sale","16":"downloadable","17":"virtual","18":"sold-individually","19":"purchasable","20":"product-type-simple"},"_links":{"self":[{"href":"https:\/\/gpl-love.com\/fr\/wp-json\/wp\/v2\/product\/148304","targetHints":{"allow":["GET"]}}],"collection":[{"href":"https:\/\/gpl-love.com\/fr\/wp-json\/wp\/v2\/product"}],"about":[{"href":"https:\/\/gpl-love.com\/fr\/wp-json\/wp\/v2\/types\/product"}],"replies":[{"embeddable":true,"href":"https:\/\/gpl-love.com\/fr\/wp-json\/wp\/v2\/comments?post=148304"}],"wp:attachment":[{"href":"https:\/\/gpl-love.com\/fr\/wp-json\/wp\/v2\/media?parent=148304"}],"wp:term":[{"taxonomy":"product_brand","embeddable":true,"href":"https:\/\/gpl-love.com\/fr\/wp-json\/wp\/v2\/product_brand?post=148304"},{"taxonomy":"product_cat","embeddable":true,"href":"https:\/\/gpl-love.com\/fr\/wp-json\/wp\/v2\/product_cat?post=148304"},{"taxonomy":"product_tag","embeddable":true,"href":"https:\/\/gpl-love.com\/fr\/wp-json\/wp\/v2\/product_tag?post=148304"}],"curies":[{"name":"wp","href":"https:\/\/api.w.org\/{rel}","templated":true}]}}