{"id":148293,"date":"2026-03-20T00:00:00","date_gmt":"2026-03-19T23:00:00","guid":{"rendered":"https:\/\/gpl-love.com\/fr\/produit\/paid-memberships-pro-import-users-from-csv\/"},"modified":"2026-04-17T00:33:07","modified_gmt":"2026-04-16T22:33:07","slug":"paid-memberships-pro-import-users-from-csv","status":"publish","type":"product","link":"https:\/\/gpl-love.com\/fr\/produit\/paid-memberships-pro-import-users-from-csv\/","title":{"rendered":"Paid Memberships Pro Import Users from CSV 1.2.1"},"content":{"rendered":"<h3>Paid Memberships Pro Import Users from CSV Traits<\/h3>\n<p>G\u00e9rez facilement vos adh\u00e9sions gr\u00e2ce \u00e0 la fonction d&rsquo;importation CSV de Paid Memberships Pro. Que vous partiez de z\u00e9ro ou que vous migrais depuis une autre plateforme, l&rsquo;outil d&rsquo;importation d&rsquo;utilisateurs de Paid Memberships Pro est con\u00e7u pour simplifier l&rsquo;ajout d&rsquo;utilisateurs. Importez vos utilisateurs depuis un fichier CSV en toute simplicit\u00e9 dans Paid Memberships Pro, pour une transition fluide et une gestion efficace des adh\u00e9sions.<\/p>\n<p>Vous souhaitez savoir comment importer des utilisateurs dans Paid Memberships Pro\u00a0? Suivez le guide d&rsquo;importation simple pour importer un fichier CSV et profiter d&rsquo;une exp\u00e9rience sans tracas. La fonction d&rsquo;importation group\u00e9e d&rsquo;utilisateurs de Paid Memberships Pro prend en charge les grands volumes de donn\u00e9es, ce qui la rend id\u00e9ale pour les organisations souhaitant se d\u00e9velopper rapidement.<\/p>\n<p>Le tutoriel d&rsquo;importation CSV de Paid Memberships Pro vous guide pas \u00e0 pas, de la pr\u00e9paration du fichier CSV \u00e0 l&rsquo;importation. Cette m\u00e9thode est \u00e9galement tr\u00e8s utile pour importer de nouveaux utilisateurs dans Paid Memberships Pro et ainsi acc\u00e9l\u00e9rer l&rsquo;expansion de votre base d&rsquo;adh\u00e9rents.<\/p>\n<p>Avec l&rsquo;importation d&rsquo;adh\u00e9sions depuis un fichier CSV dans Paid Memberships Pro, la gestion des donn\u00e9es utilisateurs n&rsquo;a jamais \u00e9t\u00e9 aussi simple. Cet outil permet une migration efficace des utilisateurs, transformant le processus de passage \u00e0 un abonnement payant.<\/p>\n<ul>\n<li>Importation simplifi\u00e9e des donn\u00e9es utilisateur depuis des fichiers CSV<\/li>\n<li><\/li>\n<li>Prise en charge de l&rsquo;inscription et de la mise \u00e0 jour en masse des utilisateurs<\/li>\n<li><\/li>\n<li>Mappage des champs personnalisable pour un transfert de donn\u00e9es pr\u00e9cis<\/li>\n<li><\/li>\n<li>Compatible avec de nombreux formats CSV<\/li>\n<li><\/li>\n<li>Gestion efficace des grands volumes de donn\u00e9es pour un traitement rapide<\/li>\n<li><\/li>\n<li>Notifications automatiques par e-mail aux utilisateurs import\u00e9s<\/li>\n<li>Possibilit\u00e9 d&rsquo;attribuer des niveaux d&rsquo;abonnement lors de l&rsquo;importation<\/li>\n<li>Journalisation d\u00e9taill\u00e9e pour le suivi des activit\u00e9s d&rsquo;importation<\/li>\n<li><\/li>\n<li>Interface utilisateur intuitive pour une utilisation simplifi\u00e9e<\/li>\n<li><\/li>\n<li>Id\u00e9al pour la migration des utilisateurs vers Paid Memberships Pro<\/li>\n<\/ul>\n","protected":false},"excerpt":{"rendered":"<p>G\u00e9rez facilement votre site d&rsquo;adh\u00e9sion gr\u00e2ce \u00e0 l&rsquo;outil d&rsquo;importation d&rsquo;utilisateurs CSV de Paid Memberships Pro. Cette fonctionnalit\u00e9 puissante simplifie l&rsquo;importation d&rsquo;utilisateurs dans Paid Memberships Pro, permettant une importation group\u00e9e fluide. D\u00e9couvrez comment importer rapidement des utilisateurs dans Paid Memberships Pro gr\u00e2ce au guide complet d&rsquo;importation. Le tutoriel intuitif d&rsquo;importation CSV de Paid Memberships Pro vous accompagne pas \u00e0 pas dans l&rsquo;ajout d&rsquo;utilisateurs via un fichier CSV, pour une transition en douceur. Migrez vos utilisateurs vers Paid Memberships Pro en quelques clics seulement gr\u00e2ce \u00e0 l&rsquo;outil d&rsquo;importation d\u00e9di\u00e9. D\u00e9couvrez d\u00e8s aujourd&rsquo;hui l&rsquo;efficacit\u00e9 de l&rsquo;importation d&rsquo;adh\u00e9sions depuis un fichier CSV dans Paid Memberships Pro\u00a0!<\/p>\n","protected":false},"featured_media":0,"comment_status":"open","ping_status":"open","template":"","meta":[],"product_brand":[2620],"product_cat":[1187,1181,1186],"product_tag":[2307],"class_list":{"0":"post-148293","1":"product","2":"type-product","3":"status-publish","5":"product_brand-paid-memberships-pro","6":"product_cat-administration-wordpress-plugins","7":"product_cat-plugins","8":"product_cat-wordpress-plugins","9":"product_tag-paid-memberships-pro","10":"member-discount","11":"discount-restricted","13":"first","14":"instock","15":"sale","16":"downloadable","17":"virtual","18":"sold-individually","19":"purchasable","20":"product-type-simple"},"_links":{"self":[{"href":"https:\/\/gpl-love.com\/fr\/wp-json\/wp\/v2\/product\/148293","targetHints":{"allow":["GET"]}}],"collection":[{"href":"https:\/\/gpl-love.com\/fr\/wp-json\/wp\/v2\/product"}],"about":[{"href":"https:\/\/gpl-love.com\/fr\/wp-json\/wp\/v2\/types\/product"}],"replies":[{"embeddable":true,"href":"https:\/\/gpl-love.com\/fr\/wp-json\/wp\/v2\/comments?post=148293"}],"wp:attachment":[{"href":"https:\/\/gpl-love.com\/fr\/wp-json\/wp\/v2\/media?parent=148293"}],"wp:term":[{"taxonomy":"product_brand","embeddable":true,"href":"https:\/\/gpl-love.com\/fr\/wp-json\/wp\/v2\/product_brand?post=148293"},{"taxonomy":"product_cat","embeddable":true,"href":"https:\/\/gpl-love.com\/fr\/wp-json\/wp\/v2\/product_cat?post=148293"},{"taxonomy":"product_tag","embeddable":true,"href":"https:\/\/gpl-love.com\/fr\/wp-json\/wp\/v2\/product_tag?post=148293"}],"curies":[{"name":"wp","href":"https:\/\/api.w.org\/{rel}","templated":true}]}}