{"id":148287,"date":"2025-12-15T00:00:00","date_gmt":"2025-12-14T23:00:00","guid":{"rendered":"https:\/\/gpl-love.com\/fr\/produit\/learnpress-upsell\/"},"modified":"2026-04-18T06:35:11","modified_gmt":"2026-04-18T04:35:11","slug":"learnpress-upsell","status":"publish","type":"product","link":"https:\/\/gpl-love.com\/fr\/produit\/learnpress-upsell\/","title":{"rendered":"LearnPress Upsell 4.0.8"},"content":{"rendered":"<h3>LearnPress Upsell Traits<\/h3>\n<p>Exploitez pleinement le potentiel de vos cours en ligne gr\u00e2ce \u00e0 la vente incitative efficace sur LearnPress. D\u00e9couvrez comment augmenter vos revenus gr\u00e2ce aux strat\u00e9gies de vente incitative LearnPress, \u00e0 la fois intuitives et performantes. Le plugin de vente incitative LearnPress offre une int\u00e9gration fluide, permettant des techniques de vente incitative simples qui enrichissent l&rsquo;exp\u00e9rience d&rsquo;apprentissage. Suivez un tutoriel complet sur la vente incitative LearnPress pour ma\u00eetriser son int\u00e9gration et optimiser votre tunnel de vente.<\/p>\n<p>Explorez les bonnes pratiques de vente incitative sur LearnPress afin que chaque vente s&rsquo;int\u00e8gre naturellement au parcours d&rsquo;apprentissage. Gr\u00e2ce \u00e0 la personnalisation de la vente incitative LearnPress, cr\u00e9ez des offres qui correspondent aux attentes des apprenants et augmentez vos ventes gr\u00e2ce aux fonctionnalit\u00e9s con\u00e7ues pour maximiser l&rsquo;engagement.<\/p>\n<p>Apprenez \u00e0 r\u00e9aliser des ventes incitatives avec LearnPress en tirant parti de strat\u00e9gies qui privil\u00e9gient les besoins et les int\u00e9r\u00eats des apprenants. En suivant les bonnes pratiques de vente incitative LearnPress, cr\u00e9ez des options intuitives et persuasives. Qu&rsquo;il s&rsquo;agisse de proposer des cours avanc\u00e9s ou du contenu exclusif, les techniques de vente incitative de cours LearnPress ouvrent la voie \u00e0 des exp\u00e9riences \u00e9ducatives enrichies et \u00e0 une augmentation des ventes.<\/p>\n<ul>\n<li>Options de mon\u00e9tisation de cours am\u00e9lior\u00e9es<\/li>\n<li>Int\u00e9gration fluide avec les cours LearnPress existants<\/li>\n<li>Offres de vente additionnelle personnalisables pour augmenter les revenus<\/li>\n<li>Interface conviviale pour une configuration et une gestion simplifi\u00e9es<\/li>\n<li>Compatible avec de nombreuses passerelles de paiement<\/li>\n<li>Am\u00e9lioration de l&rsquo;engagement \u00e9tudiant gr\u00e2ce \u00e0 des offres personnalis\u00e9es<\/li>\n<li>Strat\u00e9gies tarifaires flexibles pour maximiser les profits<\/li>\n<li>Analyses en temps r\u00e9el pour suivre les performances des ventes additionnelles<\/li>\n<li>Compatible avec de nombreux th\u00e8mes WordPress<\/li>\n<li>Mises \u00e0 jour r\u00e9guli\u00e8res et assistance pour un fonctionnement optimal<\/li>\n<\/ul>\n","protected":false},"excerpt":{"rendered":"<p>Exploitez pleinement le potentiel de vos cours en ligne gr\u00e2ce aux strat\u00e9gies de vente additionnelle de LearnPress. D\u00e9couvrez comment r\u00e9aliser des ventes additionnelles avec LearnPress gr\u00e2ce \u00e0 son plugin intuitif, qui s&rsquo;int\u00e8gre parfaitement \u00e0 votre plateforme pour optimiser votre processus de vente. Ma\u00eetrisez les techniques de vente additionnelle de cours LearnPress et mettez en \u0153uvre les meilleures pratiques pour augmenter vos revenus. L&rsquo;int\u00e9gration de la vente additionnelle avec LearnPress optimise votre tunnel de vente et offre une exp\u00e9rience utilisateur optimale. Consultez le tutoriel LearnPress sur la vente additionnelle pour d\u00e9couvrir des fonctionnalit\u00e9s performantes et des options de personnalisation. Boostez vos revenus gr\u00e2ce \u00e0 la vente additionnelle avec LearnPress en mettant en \u0153uvre des strat\u00e9gies sur mesure et en tirant parti des meilleures pratiques, garantissant ainsi un parcours d&rsquo;apprentissage stimulant pour chaque \u00e9tudiant.<\/p>\n","protected":false},"featured_media":0,"comment_status":"open","ping_status":"open","template":"","meta":[],"product_brand":[2876],"product_cat":[1207,1181,1186],"product_tag":[2877],"class_list":{"0":"post-148287","1":"product","2":"type-product","3":"status-publish","5":"product_brand-thimpress","6":"product_cat-commercialisation-wordpress-plugins","7":"product_cat-plugins","8":"product_cat-wordpress-plugins","9":"product_tag-thimpress","10":"member-discount","11":"discount-restricted","13":"first","14":"instock","15":"sale","16":"downloadable","17":"virtual","18":"sold-individually","19":"purchasable","20":"product-type-simple"},"_links":{"self":[{"href":"https:\/\/gpl-love.com\/fr\/wp-json\/wp\/v2\/product\/148287","targetHints":{"allow":["GET"]}}],"collection":[{"href":"https:\/\/gpl-love.com\/fr\/wp-json\/wp\/v2\/product"}],"about":[{"href":"https:\/\/gpl-love.com\/fr\/wp-json\/wp\/v2\/types\/product"}],"replies":[{"embeddable":true,"href":"https:\/\/gpl-love.com\/fr\/wp-json\/wp\/v2\/comments?post=148287"}],"wp:attachment":[{"href":"https:\/\/gpl-love.com\/fr\/wp-json\/wp\/v2\/media?parent=148287"}],"wp:term":[{"taxonomy":"product_brand","embeddable":true,"href":"https:\/\/gpl-love.com\/fr\/wp-json\/wp\/v2\/product_brand?post=148287"},{"taxonomy":"product_cat","embeddable":true,"href":"https:\/\/gpl-love.com\/fr\/wp-json\/wp\/v2\/product_cat?post=148287"},{"taxonomy":"product_tag","embeddable":true,"href":"https:\/\/gpl-love.com\/fr\/wp-json\/wp\/v2\/product_tag?post=148287"}],"curies":[{"name":"wp","href":"https:\/\/api.w.org\/{rel}","templated":true}]}}