{"id":148285,"date":"2025-10-24T00:00:00","date_gmt":"2025-10-23T22:00:00","guid":{"rendered":"https:\/\/gpl-love.com\/fr\/produit\/wpml-contact-form-7\/"},"modified":"2026-04-19T00:32:43","modified_gmt":"2026-04-18T22:32:43","slug":"wpml-contact-form-7","status":"publish","type":"product","link":"https:\/\/gpl-love.com\/fr\/produit\/wpml-contact-form-7\/","title":{"rendered":"WPML Contact Form 7 1.3.3"},"content":{"rendered":"<h3>WPML Contact Form 7 Traits<\/h3>\n<p>Naviguer dans l&rsquo;univers des sites web multilingues peut s&rsquo;av\u00e9rer complexe, notamment lorsqu&rsquo;il s&rsquo;agit de cr\u00e9er une exp\u00e9rience utilisateur optimale. Pour ceux qui souhaitent int\u00e9grer Contact Form 7 \u00e0 WPML, un guide complet est indispensable. D\u00e9couvrez comment utiliser WPML avec Contact Form 7 pour garantir l&rsquo;accessibilit\u00e9 de vos formulaires en plusieurs langues. Le guide d&rsquo;int\u00e9gration WPML pour Contact Form 7 propose des instructions d\u00e9taill\u00e9es pour configurer WPML avec Contact Form 7, permettant ainsi aux utilisateurs de traduire facilement les formulaires Contact Form 7.<\/p>\n<p>Configurer un formulaire de contact multilingue avec WPML pour Contact Form 7 est simple gr\u00e2ce \u00e0 quelques conseils. D\u00e9couvrez le s\u00e9lecteur de langue de WPML pour Contact Form 7, qui offre aux utilisateurs une mani\u00e8re intuitive de choisir leur langue pr\u00e9f\u00e9r\u00e9e. Ce plugin de formulaire de contact compatible WPML offre une exp\u00e9rience multilingue optimale, garantissant la clart\u00e9 de chaque message.<\/p>\n<p>Am\u00e9liorez l&rsquo;accessibilit\u00e9 de votre site gr\u00e2ce aux conseils de traduction de WPML et Contact Form 7, con\u00e7us pour un processus de traduction fluide et efficace. Profitez de la prise en charge de la traduction par WPML pour Contact Form 7.<\/p>\n<ul>\n<li>Int\u00e9gration fluide avec Contact Form 7 pour la prise en charge des formulaires multilingues<\/li>\n<li><\/li>\n<li>Traduction simplifi\u00e9e des champs et messages des formulaires<\/li>\n<li><\/li>\n<li>Compatible avec plusieurs langues pour une exp\u00e9rience utilisateur optimale<\/li>\n<li><\/li>\n<li>Configuration facile, sans connaissances en programmation<\/li>\n<li><\/li>\n<li>Prise en charge des formulaires sp\u00e9cifiques \u00e0 chaque langue pour cibler des publics vari\u00e9s<\/li>\n<li><\/li>\n<li>D\u00e9tection automatique de la langue pr\u00e9f\u00e9r\u00e9e de l&rsquo;utilisateur pour une interaction personnalis\u00e9e<\/li>\n<li><\/li>\n<li>Gestion simplifi\u00e9e des traductions gr\u00e2ce \u00e0 une interface intuitive<\/li>\n<li><\/li>\n<li>Fonctionnalit\u00e9s coh\u00e9rentes des formulaires dans toutes les langues prises en charge<\/li>\n<li><\/li>\n<li>Compatible avec WPML pour une exp\u00e9rience utilisateur multilingue unifi\u00e9e<\/li>\n<li><\/li>\n<li>Mises \u00e0 jour r\u00e9guli\u00e8res pour une s\u00e9curit\u00e9 renforc\u00e9e et des fonctionnalit\u00e9s suppl\u00e9mentaires<\/li>\n<\/ul>\n","protected":false},"excerpt":{"rendered":"<p>D\u00e9bloquez une communication multilingue fluide gr\u00e2ce au guide d&rsquo;int\u00e9gration complet de WPML pour Contact Form 7. D\u00e9couvrez comment utiliser WPML avec Contact Form 7 pour une configuration multilingue efficace et traduisez vos formulaires sans effort gr\u00e2ce aux outils performants de WPML. Ce plugin de formulaire de contact compatible WPML est con\u00e7u pour une configuration simple et prend en charge un s\u00e9lecteur de langue polyvalent, garantissant une communication impeccable entre les langues. B\u00e9n\u00e9ficiez de conseils pratiques sur la traduction avec WPML et Contact Form 7 et offrez-vous la meilleure exp\u00e9rience possible pour vos formulaires de contact multilingues. D\u00e9veloppez la port\u00e9e internationale de votre site web gr\u00e2ce \u00e0 la prise en charge de la traduction par WPML pour Contact Form 7, offrant des fonctionnalit\u00e9s in\u00e9gal\u00e9es pour r\u00e9pondre \u00e0 tous vos besoins linguistiques.<\/p>\n","protected":false},"featured_media":0,"comment_status":"open","ping_status":"open","template":"","meta":[],"product_brand":[2449],"product_cat":[1189,1181,1186],"product_tag":[1426],"class_list":{"0":"post-148285","1":"product","2":"type-product","3":"status-publish","5":"product_brand-wpml","6":"product_cat-personnalisation","7":"product_cat-plugins","8":"product_cat-wordpress-plugins","9":"product_tag-wpml","10":"member-discount","11":"discount-restricted","13":"first","14":"instock","15":"sale","16":"downloadable","17":"virtual","18":"sold-individually","19":"purchasable","20":"product-type-simple"},"_links":{"self":[{"href":"https:\/\/gpl-love.com\/fr\/wp-json\/wp\/v2\/product\/148285","targetHints":{"allow":["GET"]}}],"collection":[{"href":"https:\/\/gpl-love.com\/fr\/wp-json\/wp\/v2\/product"}],"about":[{"href":"https:\/\/gpl-love.com\/fr\/wp-json\/wp\/v2\/types\/product"}],"replies":[{"embeddable":true,"href":"https:\/\/gpl-love.com\/fr\/wp-json\/wp\/v2\/comments?post=148285"}],"wp:attachment":[{"href":"https:\/\/gpl-love.com\/fr\/wp-json\/wp\/v2\/media?parent=148285"}],"wp:term":[{"taxonomy":"product_brand","embeddable":true,"href":"https:\/\/gpl-love.com\/fr\/wp-json\/wp\/v2\/product_brand?post=148285"},{"taxonomy":"product_cat","embeddable":true,"href":"https:\/\/gpl-love.com\/fr\/wp-json\/wp\/v2\/product_cat?post=148285"},{"taxonomy":"product_tag","embeddable":true,"href":"https:\/\/gpl-love.com\/fr\/wp-json\/wp\/v2\/product_tag?post=148285"}],"curies":[{"name":"wp","href":"https:\/\/api.w.org\/{rel}","templated":true}]}}