{"id":148282,"date":"2026-03-20T00:00:00","date_gmt":"2026-03-19T23:00:00","guid":{"rendered":"https:\/\/gpl-love.com\/fr\/produit\/wpdesk-custom-price-for-woocommerce-pro\/"},"modified":"2026-03-21T00:11:44","modified_gmt":"2026-03-20T23:11:44","slug":"wpdesk-custom-price-for-woocommerce-pro","status":"publish","type":"product","link":"https:\/\/gpl-love.com\/fr\/produit\/wpdesk-custom-price-for-woocommerce-pro\/","title":{"rendered":"WPDesk Custom Price pour WooCommerce Pro 1.2.23"},"content":{"rendered":"<h3>WPDesk Custom Price pour WooCommerce Pro Traits<\/h3>\n<p>Transformez vos boutiques en ligne avec l&rsquo;extension WPDesk Custom Price pour WooCommerce PRO, une solution de r\u00e9f\u00e9rence pour une tarification produit flexible et personnalis\u00e9e. Cet outil de tarification dynamique offre des options avanc\u00e9es, permettant aux clients de fixer leurs prix et cr\u00e9ant ainsi une exp\u00e9rience d&rsquo;achat unique. Reconnue comme la meilleure extension de tarification personnalis\u00e9e pour WooCommerce gr\u00e2ce \u00e0 son int\u00e9gration fluide et ses fonctionnalit\u00e9s robustes, WPDesk Custom Price pour WooCommerce PRO est facile \u00e0 installer gr\u00e2ce \u00e0 son guide d&rsquo;installation complet et son tutoriel. Une fois install\u00e9e, acc\u00e9dez \u00e0 une suite de fonctionnalit\u00e9s con\u00e7ues pour optimiser vos strat\u00e9gies de vente, notamment des r\u00e8gles de tarification personnalis\u00e9es et des ajustements de prix flexibles. Les avis soulignent la simplicit\u00e9 d&rsquo;utilisation de l&rsquo;extension et l&rsquo;excellent support disponible, garantissant une r\u00e9ponse rapide \u00e0 toutes vos questions.<\/p>\n<p>Vous cherchez d&rsquo;autres solutions ? Peu d&rsquo;extensions \u00e9galent la polyvalence de WPDesk. T\u00e9l\u00e9chargez l&rsquo;extension WPDesk Custom Price pour WooCommerce PRO et constatez la diff\u00e9rence. Avec ses prix comp\u00e9titifs, elle devient un outil indispensable pour toute boutique WooCommerce \u00e0 la recherche de solutions de tarification personnalisables.<\/p>\n<p>Que ce soit pour ajuster les prix en fonction des commentaires des clients ou pour mettre en \u0153uvre une strat\u00e9gie de tarification sur mesure, cette extension WooCommerce r\u00e9pond \u00e0 tous vos besoins.<\/p>\n<ul>\n<li>D\u00e9finissez facilement des prix personnalis\u00e9s pour chaque produit WooCommerce.<\/li>\n<li><\/li>\n<li>Activez la tarification bas\u00e9e sur les r\u00f4les des utilisateurs pour une meilleure segmentation client.<\/li>\n<li><\/li>\n<li>Configurez facilement les prix minimum et maximum de vos produits.<\/li>\n<li><\/li>\n<li>Proposez des options de tarification dynamique pour encourager les achats group\u00e9s.<\/li>\n<li><\/li>\n<li>Int\u00e9grez facilement votre boutique WooCommerce existante.<\/li>\n<li><\/li>\n<li>Personnalisez vos r\u00e8gles de tarification pour les adapter \u00e0 votre strat\u00e9gie commerciale.<\/li>\n<li><\/li>\n<li>Offrez des ajustements de prix personnalis\u00e9s \u00e0 certains clients.<\/li>\n<li><\/li>\n<li>Automatisez les modifications de prix en fonction des attributs des produits.<\/li>\n<li><\/li>\n<li>Am\u00e9liorez vos taux de conversion gr\u00e2ce \u00e0 des strat\u00e9gies de tarification sur mesure.<\/li>\n<li><\/li>\n<li>Optimisez la rentabilit\u00e9 de votre boutique gr\u00e2ce \u00e0 des contr\u00f4les de prix flexibles.<\/li>\n<\/ul>\n","protected":false},"excerpt":{"rendered":"<p>Exploitez pleinement le potentiel de votre boutique WooCommerce gr\u00e2ce \u00e0 l&rsquo;extension WPDesk Custom Price pour WooCommerce PRO. Cette extension de tarification personnalis\u00e9e de pointe pour WooCommerce offre des options avanc\u00e9es, vous permettant de mettre en \u0153uvre une strat\u00e9gie tarifaire dynamique et flexible, parfaitement adapt\u00e9e aux besoins de vos clients. Facile \u00e0 installer gr\u00e2ce \u00e0 son tutoriel d&rsquo;installation complet, WPDesk Custom Price pour WooCommerce PRO simplifie la gestion des prix de vos produits WooCommerce. D\u00e9couvrez ses fonctionnalit\u00e9s uniques, ses avantages et ses options de tarification personnalis\u00e9e qui renforcent l&rsquo;engagement client. Consultez les avis, les tarifs et les alternatives \u00e0 WPDesk Custom Price pour WooCommerce PRO afin de faire un choix \u00e9clair\u00e9. T\u00e9l\u00e9chargez-la d\u00e8s maintenant et r\u00e9volutionnez la gestion de vos prix WooCommerce.<\/p>\n","protected":false},"featured_media":0,"comment_status":"open","ping_status":"open","template":"","meta":[],"product_brand":[2550],"product_cat":[1189,1181,1186],"product_tag":[1685],"class_list":{"0":"post-148282","1":"product","2":"type-product","3":"status-publish","5":"product_brand-wp-desk","6":"product_cat-personnalisation","7":"product_cat-plugins","8":"product_cat-wordpress-plugins","9":"product_tag-wp-desk","10":"member-discount","11":"discount-restricted","13":"first","14":"instock","15":"sale","16":"downloadable","17":"virtual","18":"sold-individually","19":"purchasable","20":"product-type-simple"},"_links":{"self":[{"href":"https:\/\/gpl-love.com\/fr\/wp-json\/wp\/v2\/product\/148282","targetHints":{"allow":["GET"]}}],"collection":[{"href":"https:\/\/gpl-love.com\/fr\/wp-json\/wp\/v2\/product"}],"about":[{"href":"https:\/\/gpl-love.com\/fr\/wp-json\/wp\/v2\/types\/product"}],"replies":[{"embeddable":true,"href":"https:\/\/gpl-love.com\/fr\/wp-json\/wp\/v2\/comments?post=148282"}],"wp:attachment":[{"href":"https:\/\/gpl-love.com\/fr\/wp-json\/wp\/v2\/media?parent=148282"}],"wp:term":[{"taxonomy":"product_brand","embeddable":true,"href":"https:\/\/gpl-love.com\/fr\/wp-json\/wp\/v2\/product_brand?post=148282"},{"taxonomy":"product_cat","embeddable":true,"href":"https:\/\/gpl-love.com\/fr\/wp-json\/wp\/v2\/product_cat?post=148282"},{"taxonomy":"product_tag","embeddable":true,"href":"https:\/\/gpl-love.com\/fr\/wp-json\/wp\/v2\/product_tag?post=148282"}],"curies":[{"name":"wp","href":"https:\/\/api.w.org\/{rel}","templated":true}]}}