{"id":148276,"date":"2025-10-24T00:00:00","date_gmt":"2025-10-23T22:00:00","guid":{"rendered":"https:\/\/gpl-love.com\/fr\/produit\/errin-newspaper-and-personal-blog-wordpress-theme\/"},"modified":"2026-04-21T06:33:25","modified_gmt":"2026-04-21T04:33:25","slug":"errin-newspaper-and-personal-blog-wordpress-theme","status":"publish","type":"product","link":"https:\/\/gpl-love.com\/fr\/produit\/errin-newspaper-and-personal-blog-wordpress-theme\/","title":{"rendered":"Errin Newspaper et Personal Blog WordPress Theme 2.0.2"},"content":{"rendered":"<h3>Errin Newspaper et Personal Blog WordPress Theme Traits<\/h3>\n<p>D\u00e9couvrez l&rsquo;alliance parfaite du style et de la fonctionnalit\u00e9 avec le th\u00e8me WordPress Errin pour journaux et blogs personnels. Id\u00e9al pour les blogueurs, journalistes et cr\u00e9ateurs de contenu, ce th\u00e8me est con\u00e7u pour ceux qui recherchent une exp\u00e9rience responsive et optimis\u00e9e pour le r\u00e9f\u00e9rencement (SEO). Que vous lanciez un blog personnel ou un site d&rsquo;actualit\u00e9s complet, le th\u00e8me Errin offre des options de personnalisation adapt\u00e9es aux deux types de sites.<\/p>\n<p>Configurer le th\u00e8me WordPress Errin pour journaux est simple et rapide, permettant m\u00eame aux d\u00e9butants de cr\u00e9er facilement une pr\u00e9sence num\u00e9rique remarquable. Son optimisation SEO garantit une large diffusion du contenu, faisant d&rsquo;Errin le th\u00e8me WordPress id\u00e9al pour les journaux et les blogs. Les utilisateurs appr\u00e9cient sa polyvalence, soulignant que les fonctionnalit\u00e9s du th\u00e8me Errin sont parfaitement adapt\u00e9es aux r\u00e9dacteurs professionnels et aux sites web journalistiques.<\/p>\n<p>Pour ceux qui se lancent dans le multim\u00e9dia, le th\u00e8me Errin pour plateformes d&rsquo;actualit\u00e9s num\u00e9riques et blogs multim\u00e9dias offre une int\u00e9gration fluide. Cr\u00e9ez un blog avec le th\u00e8me WordPress Errin et profitez d&rsquo;une mise en page responsive qui s&rsquo;affiche parfaitement sur tous les appareils. Ce mod\u00e8le WordPress est bien plus qu&rsquo;un simple outil\u00a0: c&rsquo;est une v\u00e9ritable source d&rsquo;inspiration pour les cr\u00e9ateurs de contenu qui souhaitent marquer les esprits.<\/p>\n<ul>\n<li>Conception adaptative pour un affichage optimal sur tous les appareils<\/li>\n<li><\/li>\n<li>Options de mise en page personnalisables pour refl\u00e9ter votre style<\/li>\n<li><\/li>\n<li>Structure optimis\u00e9e pour le r\u00e9f\u00e9rencement naturel afin d&rsquo;am\u00e9liorer votre visibilit\u00e9 sur les moteurs de recherche<\/li>\n<li><\/li>\n<li>Int\u00e9gration des r\u00e9seaux sociaux pour un partage de contenu simplifi\u00e9<\/li>\n<li><\/li>\n<li>Plusieurs formats de publication pour diff\u00e9rents types de contenu<\/li>\n<li><\/li>\n<li>Options de typographie avanc\u00e9es pour un style unique<\/li>\n<li><\/li>\n<li>Pr\u00eat pour la traduction pour un public multilingue<\/li>\n<li><\/li>\n<li>Optimis\u00e9 pour des temps de chargement et des performances rapides<\/li>\n<li><\/li>\n<li>Interface utilisateur intuitive pour une gestion simplifi\u00e9e du th\u00e8me<\/li>\n<li><\/li>\n<li>Mises \u00e0 jour r\u00e9guli\u00e8res pour garantir la compatibilit\u00e9 et la s\u00e9curit\u00e9<\/li>\n<\/ul>\n","protected":false},"excerpt":{"rendered":"<p>D\u00e9couvrez la polyvalence du th\u00e8me WordPress Errin, id\u00e9al pour les journaux et les blogs personnels. Ce th\u00e8me responsive, con\u00e7u sur mesure pour le journalisme, les blogs multim\u00e9dias et les plateformes d&rsquo;actualit\u00e9s num\u00e9riques, offre une personnalisation fluide pour s&rsquo;adapter \u00e0 votre style. Ses fonctionnalit\u00e9s optimis\u00e9es pour le r\u00e9f\u00e9rencement (SEO) renforcent votre pr\u00e9sence en ligne et en font le th\u00e8me WordPress de r\u00e9f\u00e9rence pour les journaux et les blogs. Configurez et personnalisez facilement le th\u00e8me Errin pour votre blog personnel et offrez une exp\u00e9rience captivante \u00e0 vos lecteurs. Parfait pour les r\u00e9dacteurs et cr\u00e9ateurs de contenu professionnels, le th\u00e8me Errin allie fonctionnalit\u00e9 et esth\u00e9tique, ce qui en fait le mod\u00e8le id\u00e9al pour les journaux et les blogs personnels.<\/p>\n","protected":false},"featured_media":0,"comment_status":"open","ping_status":"open","template":"","meta":[],"product_brand":[2433],"product_cat":[1220,1212,1213],"product_tag":[1366],"class_list":{"0":"post-148276","1":"product","2":"type-product","3":"status-publish","5":"product_brand-themeforest","6":"product_cat-blog-magazine","7":"product_cat-themes","8":"product_cat-wordpress-themes","9":"product_tag-themeforest","10":"member-discount","11":"discount-restricted","13":"first","14":"instock","15":"sale","16":"downloadable","17":"virtual","18":"sold-individually","19":"purchasable","20":"product-type-simple"},"_links":{"self":[{"href":"https:\/\/gpl-love.com\/fr\/wp-json\/wp\/v2\/product\/148276","targetHints":{"allow":["GET"]}}],"collection":[{"href":"https:\/\/gpl-love.com\/fr\/wp-json\/wp\/v2\/product"}],"about":[{"href":"https:\/\/gpl-love.com\/fr\/wp-json\/wp\/v2\/types\/product"}],"replies":[{"embeddable":true,"href":"https:\/\/gpl-love.com\/fr\/wp-json\/wp\/v2\/comments?post=148276"}],"wp:attachment":[{"href":"https:\/\/gpl-love.com\/fr\/wp-json\/wp\/v2\/media?parent=148276"}],"wp:term":[{"taxonomy":"product_brand","embeddable":true,"href":"https:\/\/gpl-love.com\/fr\/wp-json\/wp\/v2\/product_brand?post=148276"},{"taxonomy":"product_cat","embeddable":true,"href":"https:\/\/gpl-love.com\/fr\/wp-json\/wp\/v2\/product_cat?post=148276"},{"taxonomy":"product_tag","embeddable":true,"href":"https:\/\/gpl-love.com\/fr\/wp-json\/wp\/v2\/product_tag?post=148276"}],"curies":[{"name":"wp","href":"https:\/\/api.w.org\/{rel}","templated":true}]}}