{"id":148271,"date":"2025-10-24T00:00:00","date_gmt":"2025-10-23T22:00:00","guid":{"rendered":"https:\/\/gpl-love.com\/fr\/produit\/aleesa-book-author-and-writer-gutenverse-wp-theme\/"},"modified":"2026-05-13T00:32:48","modified_gmt":"2026-05-12T22:32:48","slug":"aleesa-book-author-and-writer-gutenverse-wp-theme","status":"publish","type":"product","link":"https:\/\/gpl-love.com\/fr\/produit\/aleesa-book-author-and-writer-gutenverse-wp-theme\/","title":{"rendered":"Aleesa Book Author et Writer Gutenverse WP Theme 1.0.1"},"content":{"rendered":"<h3>Aleesa Book Author et Writer Gutenverse WP Theme Traits<\/h3>\n<p>Lib\u00e9rez votre cr\u00e9ativit\u00e9 et captivez vos lecteurs avec le th\u00e8me WordPress Aleesa pour auteurs et \u00e9crivains (compatible Gutenverse). Con\u00e7u sp\u00e9cifiquement pour les auteurs, romanciers et cr\u00e9ateurs de contenu, ce th\u00e8me allie fonctionnalit\u00e9 et esth\u00e9tique. Le th\u00e8me Aleesa offre des fonctionnalit\u00e9s de blog robustes, ce qui en fait le choix id\u00e9al pour les blogs litt\u00e9raires et de narration. Gr\u00e2ce \u00e0 ses options de personnalisation, il s&rsquo;adapte au style unique de chaque auteur, assurant une touche personnelle \u00e0 chaque page.<\/p>\n<p>Le th\u00e8me WordPress Gutenverse pour \u00e9crivains est non seulement visuellement attrayant, mais aussi responsive et optimis\u00e9 pour les mobiles, garantissant une exp\u00e9rience utilisateur optimale sur tous les appareils. Ce th\u00e8me optimis\u00e9 pour le r\u00e9f\u00e9rencement (SEO) am\u00e9liore la visibilit\u00e9 en ligne, permettant aux auteurs d&rsquo;atteindre un public plus large sans effort. Con\u00e7u comme un th\u00e8me WordPress intuitif pour auteurs, il simplifie la cr\u00e9ation de sites web, vous laissant ainsi plus de temps pour vous concentrer sur l&rsquo;\u00e9criture.<\/p>\n<p>Le th\u00e8me Aleesa pour les auteurs cr\u00e9atifs est parfait pour l&rsquo;\u00e9dition, offrant une plateforme professionnelle pour pr\u00e9senter vos \u0153uvres litt\u00e9raires. Sa flexibilit\u00e9 s&rsquo;\u00e9tend au th\u00e8me Gutenverse pour auteurs, id\u00e9al pour les cr\u00e9ateurs de contenu \u00e0 la recherche d&rsquo;un site soign\u00e9 et professionnel.<\/p>\n<ul>\n<li>Optimis\u00e9 pour les auteurs et \u00e9crivains souhaitant pr\u00e9senter leurs livres et publications<\/li>\n<li>Int\u00e9gration fluide avec l&rsquo;\u00e9diteur Gutenberg pour une personnalisation ais\u00e9e<\/li>\n<li>Design adaptatif, garantissant la compatibilit\u00e9 avec tous les appareils<\/li>\n<li>Mises en page de portfolio int\u00e9gr\u00e9es pour pr\u00e9senter vos collections de livres<\/li>\n<li>Plusieurs styles de blog pour partager actualit\u00e9s et articles<\/li>\n<li>Options de th\u00e8me faciles \u00e0 utiliser pour une image de marque personnalis\u00e9e<\/li>\n<li>Structure optimis\u00e9e pour le r\u00e9f\u00e9rencement naturel (SEO) afin d&rsquo;am\u00e9liorer votre visibilit\u00e9 sur les moteurs de recherche<\/li>\n<li>Temps de chargement rapides pour une exp\u00e9rience utilisateur optimale<\/li>\n<li>Compatible avec les plugins populaires pour \u00e9tendre les fonctionnalit\u00e9s<\/li>\n<li>Mises \u00e0 jour r\u00e9guli\u00e8res et assistance d\u00e9di\u00e9e pour la maintenance du th\u00e8me<\/li>\n<\/ul>\n","protected":false},"excerpt":{"rendered":"<p>D\u00e9couvrez Aleesa, le th\u00e8me WordPress Gutenverse pour auteurs et \u00e9crivains, une solution r\u00e9volutionnaire con\u00e7ue pour les auteurs, romanciers et cr\u00e9ateurs de contenu. Ce th\u00e8me optimis\u00e9 pour le r\u00e9f\u00e9rencement (SEO) est id\u00e9al pour les auteurs souhaitant une pr\u00e9sence en ligne professionnelle. Avec le th\u00e8me Aleesa pour auteurs sur WordPress, l&rsquo;art de raconter des histoires atteint de nouveaux sommets gr\u00e2ce \u00e0 son design personnalisable et adaptatif. Le th\u00e8me Gutenverse pour \u00e9crivains propose des fonctionnalit\u00e9s de blog adapt\u00e9es aux blogs litt\u00e9raires, garantissant une exp\u00e9rience utilisateur optimale sur les appareils mobiles. Id\u00e9al pour l&rsquo;\u00e9dition, ce th\u00e8me WordPress facile \u00e0 utiliser accompagne tous vos projets cr\u00e9atifs, ce qui en fait le th\u00e8me WordPress id\u00e9al pour les romanciers et les \u00e9crivains. D\u00e9veloppez votre pr\u00e9sence num\u00e9rique d\u00e8s aujourd&rsquo;hui gr\u00e2ce aux fonctionnalit\u00e9s intuitives d&rsquo;Aleesa.<\/p>\n","protected":false},"featured_media":0,"comment_status":"open","ping_status":"open","template":"","meta":[],"product_brand":[2433],"product_cat":[1220,1212,1213],"product_tag":[1366],"class_list":{"0":"post-148271","1":"product","2":"type-product","3":"status-publish","5":"product_brand-themeforest","6":"product_cat-blog-magazine","7":"product_cat-themes","8":"product_cat-wordpress-themes","9":"product_tag-themeforest","10":"member-discount","11":"discount-restricted","13":"first","14":"instock","15":"sale","16":"downloadable","17":"virtual","18":"sold-individually","19":"purchasable","20":"product-type-simple"},"_links":{"self":[{"href":"https:\/\/gpl-love.com\/fr\/wp-json\/wp\/v2\/product\/148271","targetHints":{"allow":["GET"]}}],"collection":[{"href":"https:\/\/gpl-love.com\/fr\/wp-json\/wp\/v2\/product"}],"about":[{"href":"https:\/\/gpl-love.com\/fr\/wp-json\/wp\/v2\/types\/product"}],"replies":[{"embeddable":true,"href":"https:\/\/gpl-love.com\/fr\/wp-json\/wp\/v2\/comments?post=148271"}],"wp:attachment":[{"href":"https:\/\/gpl-love.com\/fr\/wp-json\/wp\/v2\/media?parent=148271"}],"wp:term":[{"taxonomy":"product_brand","embeddable":true,"href":"https:\/\/gpl-love.com\/fr\/wp-json\/wp\/v2\/product_brand?post=148271"},{"taxonomy":"product_cat","embeddable":true,"href":"https:\/\/gpl-love.com\/fr\/wp-json\/wp\/v2\/product_cat?post=148271"},{"taxonomy":"product_tag","embeddable":true,"href":"https:\/\/gpl-love.com\/fr\/wp-json\/wp\/v2\/product_tag?post=148271"}],"curies":[{"name":"wp","href":"https:\/\/api.w.org\/{rel}","templated":true}]}}