{"id":148268,"date":"2025-10-24T00:00:00","date_gmt":"2025-10-23T22:00:00","guid":{"rendered":"https:\/\/gpl-love.com\/fr\/produit\/koga-blog-and-magazine-wordpress-theme\/"},"modified":"2026-03-21T00:11:10","modified_gmt":"2026-03-20T23:11:10","slug":"koga-blog-and-magazine-wordpress-theme","status":"publish","type":"product","link":"https:\/\/gpl-love.com\/fr\/produit\/koga-blog-and-magazine-wordpress-theme\/","title":{"rendered":"Koga Blog et Magazine WordPress Theme 1.0.8"},"content":{"rendered":"<h3>Koga Blog et Magazine WordPress Theme Traits<\/h3>\n<p>D\u00e9couvrez Koga, le th\u00e8me WordPress pour blogs et magazines, un choix de pr\u00e9dilection pour les blogueurs et les \u00e9diteurs num\u00e9riques. Id\u00e9al pour les magazines en ligne et les sites d&rsquo;actualit\u00e9s, ce th\u00e8me allie style et fonctionnalit\u00e9 avec brio. Reconnu comme l&rsquo;un des meilleurs th\u00e8mes WordPress pour blogs et magazines, Koga offre une exp\u00e9rience utilisateur intuitive aux cr\u00e9ateurs de contenu.<\/p>\n<p>Envie d&rsquo;en savoir plus sur ses fonctionnalit\u00e9s\u00a0? Le th\u00e8me Koga Magazine b\u00e9n\u00e9ficie d&rsquo;une optimisation SEO performante, garantissant une large audience \u00e0 votre contenu. Ses nombreuses options de personnalisation permettent d&rsquo;adapter le design \u00e0 votre identit\u00e9 visuelle. Pour les d\u00e9butants sur WordPress, la d\u00e9mo et le guide d&rsquo;installation du th\u00e8me Koga facilitent la prise en main.<\/p>\n<p>Vous souhaitez personnaliser le th\u00e8me Koga\u00a0? Le guide de personnalisation complet vous accompagne pas \u00e0 pas, pour un r\u00e9sultat impeccable. Avec un prix comp\u00e9titif, l&rsquo;achat du th\u00e8me Koga pour blogs est un investissement judicieux pour tous les professionnels de l&rsquo;\u00e9dition num\u00e9rique.<\/p>\n<p>Consultez les avis pour d\u00e9couvrir pourquoi il est consid\u00e9r\u00e9 comme l&rsquo;un des meilleurs th\u00e8mes WordPress pour blogueurs.<\/p>\n<ul>\n<li>Conception enti\u00e8rement adaptative pour un affichage optimal sur tous les appareils<\/li>\n<li><\/li>\n<li>Options de mise en page personnalisables pour un site web sur mesure<\/li>\n<li>Structure optimis\u00e9e pour le r\u00e9f\u00e9rencement naturel (SEO) afin d&rsquo;am\u00e9liorer votre visibilit\u00e9 sur les moteurs de recherche<\/li>\n<li>Importation de d\u00e9mo en un clic pour une configuration rapide et facile<\/li>\n<li>Partage int\u00e9gr\u00e9 sur les r\u00e9seaux sociaux pour dynamiser l&rsquo;engagement<\/li>\n<li>Formats de publication multiples pour une pr\u00e9sentation de contenu polyvalente<\/li>\n<li>Espaces publicitaires int\u00e9gr\u00e9s pour optimiser la mon\u00e9tisation<\/li>\n<li>Compatible avec les plugins les plus populaires pour \u00e9tendre les fonctionnalit\u00e9s<\/li>\n<li>Compatible avec les \u00e9crans Retina pour une nettet\u00e9 exceptionnelle<\/li>\n<li>Mises \u00e0 jour r\u00e9guli\u00e8res et assistance d\u00e9di\u00e9e pour des performances optimales<\/li>\n<\/ul>\n","protected":false},"excerpt":{"rendered":"<p>Plongez dans l&rsquo;univers de l&rsquo;\u00e9dition num\u00e9rique avec le th\u00e8me WordPress Koga pour blogs et magazines, un choix de pr\u00e9dilection pour les blogueurs et cr\u00e9ateurs de contenu. Reconnu parmi les meilleurs th\u00e8mes WordPress pour blogs et magazines, Koga offre des options de personnalisation fluides, d\u00e9taill\u00e9es dans le guide de personnalisation du th\u00e8me Koga pour blogs. Id\u00e9al pour les sites d&rsquo;actualit\u00e9s et les magazines en ligne, il b\u00e9n\u00e9ficie d&rsquo;une optimisation SEO performante et de fonctionnalit\u00e9s adapt\u00e9es \u00e0 l&rsquo;\u00e9dition num\u00e9rique. D\u00e9couvrez la d\u00e9mo du th\u00e8me WordPress Koga pour constater par vous-m\u00eame ses capacit\u00e9s dynamiques. Son installation est un jeu d&rsquo;enfant et, gr\u00e2ce \u00e0 son prix comp\u00e9titif, l&rsquo;achat du th\u00e8me WordPress Koga est un investissement dans la cr\u00e9ativit\u00e9 et la fonctionnalit\u00e9.<\/p>\n","protected":false},"featured_media":0,"comment_status":"open","ping_status":"open","template":"","meta":[],"product_brand":[2433],"product_cat":[1220,1212,1213],"product_tag":[1366],"class_list":{"0":"post-148268","1":"product","2":"type-product","3":"status-publish","5":"product_brand-themeforest","6":"product_cat-blog-magazine","7":"product_cat-themes","8":"product_cat-wordpress-themes","9":"product_tag-themeforest","10":"member-discount","11":"discount-restricted","13":"first","14":"instock","15":"sale","16":"downloadable","17":"virtual","18":"sold-individually","19":"purchasable","20":"product-type-simple"},"_links":{"self":[{"href":"https:\/\/gpl-love.com\/fr\/wp-json\/wp\/v2\/product\/148268","targetHints":{"allow":["GET"]}}],"collection":[{"href":"https:\/\/gpl-love.com\/fr\/wp-json\/wp\/v2\/product"}],"about":[{"href":"https:\/\/gpl-love.com\/fr\/wp-json\/wp\/v2\/types\/product"}],"replies":[{"embeddable":true,"href":"https:\/\/gpl-love.com\/fr\/wp-json\/wp\/v2\/comments?post=148268"}],"wp:attachment":[{"href":"https:\/\/gpl-love.com\/fr\/wp-json\/wp\/v2\/media?parent=148268"}],"wp:term":[{"taxonomy":"product_brand","embeddable":true,"href":"https:\/\/gpl-love.com\/fr\/wp-json\/wp\/v2\/product_brand?post=148268"},{"taxonomy":"product_cat","embeddable":true,"href":"https:\/\/gpl-love.com\/fr\/wp-json\/wp\/v2\/product_cat?post=148268"},{"taxonomy":"product_tag","embeddable":true,"href":"https:\/\/gpl-love.com\/fr\/wp-json\/wp\/v2\/product_tag?post=148268"}],"curies":[{"name":"wp","href":"https:\/\/api.w.org\/{rel}","templated":true}]}}