{"id":148265,"date":"2025-10-24T00:00:00","date_gmt":"2025-10-23T22:00:00","guid":{"rendered":"https:\/\/gpl-love.com\/fr\/produit\/woocommerce-custom-thank-you-pages-6\/"},"modified":"2026-04-19T00:32:25","modified_gmt":"2026-04-18T22:32:25","slug":"woocommerce-custom-thank-you-pages-6","status":"publish","type":"product","link":"https:\/\/gpl-love.com\/fr\/produit\/woocommerce-custom-thank-you-pages-6\/","title":{"rendered":"Bargain Bot 2.0.7"},"content":{"rendered":"<h3>Bargain Bot Traits<\/h3>\n<p>D\u00e9couvrez une fa\u00e7on plus intelligente de faire vos achats avec Bargain Bot, l&rsquo;assistant shopping ultime con\u00e7u pour les consommateurs soucieux de leur budget. Cette application est r\u00e9put\u00e9e pour d\u00e9nicher les meilleures affaires, vous assurant ainsi de faire de bonnes affaires \u00e0 chaque achat. Curieux de savoir comment fonctionne Bargain Bot\u00a0? C&rsquo;est simple\u00a0: cet outil intuitif de comparaison de prix analyse d&rsquo;innombrables boutiques en ligne et met en avant les prix les plus bas. Que vous recherchiez des r\u00e9ductions ou des coupons, il excelle comme outil de d\u00e9nichage de bons plans et comme outil fiable pour trouver des coupons.<\/p>\n<p>Recevez des alertes de r\u00e9duction en temps r\u00e9el pour ne plus jamais rater une bonne affaire. L&rsquo;application Bargain Bot offre un guide d&rsquo;achat en ligne complet, dot\u00e9 de fonctionnalit\u00e9s et d&rsquo;avantages conviviaux, ce qui en fait une ressource pr\u00e9cieuse pour \u00e9conomiser de l&rsquo;argent. Vous vous demandez comment elle se compare aux autres applications de shopping\u00a0? Les t\u00e9moignages d&rsquo;utilisateurs, les avis et les notes concernant Bargain Bot soulignent r\u00e9guli\u00e8rement son efficacit\u00e9 et sa fiabilit\u00e9.<\/p>\n<p>Bargain Bot est bien plus qu&rsquo;un simple outil de shopping\u00a0; c&rsquo;est une v\u00e9ritable bou\u00e9e de sauvetage pour ceux qui sont d\u00e9termin\u00e9s \u00e0 optimiser chaque euro d\u00e9pens\u00e9. Gr\u00e2ce \u00e0 son int\u00e9gration fluide dans vos habitudes d&rsquo;achat quotidiennes,<\/p>\n<ul>\n<li>Suivi automatis\u00e9 des prix pour vos achats en ligne<\/li>\n<li>Alertes en temps r\u00e9el sur les baisses de prix et les r\u00e9ductions<\/li>\n<li>Interface intuitive pour une navigation simplifi\u00e9e<\/li>\n<li>Filtres de recherche personnalisables pour trouver des produits sp\u00e9cifiques<\/li>\n<li>Compatibilit\u00e9 avec de nombreuses plateformes e-commerce<\/li>\n<li>Gestion s\u00e9curis\u00e9e et confidentielle des donn\u00e9es<\/li>\n<li>Gain de temps et d&rsquo;argent gr\u00e2ce \u00e0 des recommandations intelligentes<\/li>\n<li>Application mobile pour un acc\u00e8s o\u00f9 que vous soyez<\/li>\n<li>Algorithmes avanc\u00e9s pour des pr\u00e9dictions de prix pr\u00e9cises<\/li>\n<li>Partagez facilement les bons plans avec vos proches<\/li>\n<\/ul>\n","protected":false},"excerpt":{"rendered":"<p>D\u00e9couvrez le compagnon shopping id\u00e9al avec Bargain Bot, l&rsquo;assistant shopping innovant con\u00e7u pour les consommateurs soucieux de leur budget. Trouvez facilement les meilleures offres gr\u00e2ce \u00e0 cet outil de comparaison de prix avanc\u00e9. Comment fonctionne Bargain Bot\u00a0? Il analyse des milliers de boutiques pour d\u00e9nicher les derni\u00e8res r\u00e9ductions et coupons, vous assurant ainsi de ne jamais rater une bonne affaire. L&rsquo;application intuitive Bargain Bot vous envoie des alertes de r\u00e9duction en temps r\u00e9el, tandis qu&rsquo;un guide d&rsquo;achat en ligne complet enrichit votre exp\u00e9rience. Consultez les t\u00e9moignages et avis des utilisateurs pour d\u00e9couvrir pourquoi Bargain Bot surpasse les autres applications shopping. Faites des \u00e9conomies sans effort avec Bargain Bot, le comparateur de coupons de confiance pour les acheteurs avertis.<\/p>\n","protected":false},"featured_media":0,"comment_status":"open","ping_status":"open","template":"","meta":[],"product_brand":[2435],"product_cat":[1189,1181,1186],"product_tag":[1231],"class_list":{"0":"post-148265","1":"product","2":"type-product","3":"status-publish","5":"product_brand-codecanyon","6":"product_cat-personnalisation","7":"product_cat-plugins","8":"product_cat-wordpress-plugins","9":"product_tag-codecanyon","10":"member-discount","11":"discount-restricted","13":"first","14":"instock","15":"sale","16":"downloadable","17":"virtual","18":"sold-individually","19":"purchasable","20":"product-type-simple"},"_links":{"self":[{"href":"https:\/\/gpl-love.com\/fr\/wp-json\/wp\/v2\/product\/148265","targetHints":{"allow":["GET"]}}],"collection":[{"href":"https:\/\/gpl-love.com\/fr\/wp-json\/wp\/v2\/product"}],"about":[{"href":"https:\/\/gpl-love.com\/fr\/wp-json\/wp\/v2\/types\/product"}],"replies":[{"embeddable":true,"href":"https:\/\/gpl-love.com\/fr\/wp-json\/wp\/v2\/comments?post=148265"}],"wp:attachment":[{"href":"https:\/\/gpl-love.com\/fr\/wp-json\/wp\/v2\/media?parent=148265"}],"wp:term":[{"taxonomy":"product_brand","embeddable":true,"href":"https:\/\/gpl-love.com\/fr\/wp-json\/wp\/v2\/product_brand?post=148265"},{"taxonomy":"product_cat","embeddable":true,"href":"https:\/\/gpl-love.com\/fr\/wp-json\/wp\/v2\/product_cat?post=148265"},{"taxonomy":"product_tag","embeddable":true,"href":"https:\/\/gpl-love.com\/fr\/wp-json\/wp\/v2\/product_tag?post=148265"}],"curies":[{"name":"wp","href":"https:\/\/api.w.org\/{rel}","templated":true}]}}