{"id":148263,"date":"2026-03-04T00:00:00","date_gmt":"2026-03-03T23:00:00","guid":{"rendered":"https:\/\/gpl-love.com\/fr\/produit\/woocommerce-custom-thank-you-pages-4\/"},"modified":"2026-04-18T06:34:26","modified_gmt":"2026-04-18T04:34:26","slug":"woocommerce-custom-thank-you-pages-4","status":"publish","type":"product","link":"https:\/\/gpl-love.com\/fr\/produit\/woocommerce-custom-thank-you-pages-4\/","title":{"rendered":"WooCommerce Product Filters 2.0.8"},"content":{"rendered":"<h3>WooCommerce Product Filters Traits<\/h3>\n<p>Transformez l&rsquo;exp\u00e9rience d&rsquo;achat de votre boutique en ligne gr\u00e2ce \u00e0 l&rsquo;extension WooCommerce Product Filters. Reconnue comme l&rsquo;une des meilleures extensions de filtres produits pour WooCommerce, elle permet \u00e0 vos clients de trouver facilement ce qu&rsquo;ils cherchent. Vous souhaitez savoir comment utiliser les filtres produits WooCommerce\u00a0? Un tutoriel complet et un guide d&rsquo;installation vous simplifieront la t\u00e2che, m\u00eame pour les d\u00e9butants.<\/p>\n<p>Ces filtres avanc\u00e9s permettent de rechercher des produits par cat\u00e9gorie, prix et bien plus encore, ce qui les rend id\u00e9aux pour toute plateforme e-commerce. L&rsquo;int\u00e9gration de la technologie Ajax garantit un fonctionnement en temps r\u00e9el, pour une navigation fluide et sans rechargement de page. Am\u00e9liorez l&rsquo;exp\u00e9rience utilisateur gr\u00e2ce aux options de personnalisation, notamment les nuanciers de couleurs, ce qui est parfait pour les catalogues importants et les boutiques optimis\u00e9es pour mobile.<\/p>\n<p>Disponibles en t\u00e9l\u00e9chargement gratuit, ces filtres am\u00e9liorent non seulement l&rsquo;exp\u00e9rience utilisateur, mais peuvent aussi augmenter consid\u00e9rablement vos ventes. L&rsquo;installation est rapide et, gr\u00e2ce \u00e0 l&rsquo;int\u00e9gration des filtres produits WooCommerce, votre boutique en ligne est pr\u00eate \u00e0 r\u00e9pondre \u00e0 toutes les demandes de vos clients. Que vous cr\u00e9iez une nouvelle boutique ou non\u2026<\/p>\n<ul>\n<li>Options de filtrage facilement personnalisables pour une int\u00e9gration parfaite \u00e0 toute boutique WooCommerce<\/li>\n<li><\/li>\n<li>Prise en charge d&rsquo;une large gamme de filtres, notamment par prix, cat\u00e9gorie, attributs et \u00e9tiquettes<\/li>\n<li><\/li>\n<li>Interface utilisateur intuitive pour configurer et g\u00e9rer les filtres sans comp\u00e9tences techniques<\/li>\n<li><\/li>\n<li>Filtrage AJAX pour des r\u00e9sultats rapides et en temps r\u00e9el, sans rechargement de page<\/li>\n<li><\/li>\n<li>Conception responsive garantissant la compatibilit\u00e9 avec tous les appareils<\/li>\n<li><\/li>\n<li>Logique de filtrage avanc\u00e9e avec conditions ET\/OU pour des recherches de produits pr\u00e9cises<\/li>\n<li>Architecture optimis\u00e9e pour le r\u00e9f\u00e9rencement naturel (SEO) afin d&rsquo;am\u00e9liorer la visibilit\u00e9 et le positionnement dans les moteurs de recherche<\/li>\n<li><\/li>\n<li>Compatibilit\u00e9 avec les th\u00e8mes et plugins WooCommerce les plus populaires<\/li>\n<li>Prise en charge multilingue pour une port\u00e9e internationale gr\u00e2ce \u00e0 l&rsquo;int\u00e9gration avec WPML et d&rsquo;autres plugins de traduction<\/li>\n<li>Mises \u00e0 jour r\u00e9guli\u00e8res et assistance d\u00e9di\u00e9e pour des performances et une s\u00e9curit\u00e9 optimales<\/li>\n<\/ul>\n","protected":false},"excerpt":{"rendered":"<p>Transformez votre exp\u00e9rience e-commerce avec l&rsquo;extension WooCommerce Product Filters, la solution id\u00e9ale pour optimiser l&rsquo;ergonomie de votre boutique en ligne. Figurant parmi les meilleurs filtres de produits WooCommerce, elle offre aux utilisateurs des options intuitives pour une utilisation efficace. Ce tutoriel complet et ce guide d&rsquo;installation vous garantissent une int\u00e9gration parfaite \u00e0 votre boutique, incluant des fonctionnalit\u00e9s avanc\u00e9es telles que le filtrage des produits par cat\u00e9gorie, prix et palette de couleurs. Id\u00e9ale pour les catalogues importants, l&rsquo;extension propose des options de personnalisation qui am\u00e9liorent l&rsquo;exp\u00e9rience utilisateur et augmentent vos ventes. B\u00e9n\u00e9ficiez d&rsquo;une exp\u00e9rience optimis\u00e9e pour mobile gr\u00e2ce \u00e0 WooCommerce Product Filters avec Ajax, disponible en t\u00e9l\u00e9chargement gratuit.<\/p>\n","protected":false},"featured_media":0,"comment_status":"open","ping_status":"open","template":"","meta":[],"product_brand":[2518],"product_cat":[1182,1223,1181],"product_tag":[1619],"class_list":{"0":"post-148263","1":"product","2":"type-product","3":"status-publish","5":"product_brand-barn2","6":"product_cat-commerce-electronique-plugins","7":"product_cat-personnalisation-commerce-electronique-plugins","8":"product_cat-plugins","9":"product_tag-barn2","10":"member-discount","11":"discount-restricted","13":"first","14":"instock","15":"sale","16":"downloadable","17":"virtual","18":"sold-individually","19":"purchasable","20":"product-type-simple"},"_links":{"self":[{"href":"https:\/\/gpl-love.com\/fr\/wp-json\/wp\/v2\/product\/148263","targetHints":{"allow":["GET"]}}],"collection":[{"href":"https:\/\/gpl-love.com\/fr\/wp-json\/wp\/v2\/product"}],"about":[{"href":"https:\/\/gpl-love.com\/fr\/wp-json\/wp\/v2\/types\/product"}],"replies":[{"embeddable":true,"href":"https:\/\/gpl-love.com\/fr\/wp-json\/wp\/v2\/comments?post=148263"}],"wp:attachment":[{"href":"https:\/\/gpl-love.com\/fr\/wp-json\/wp\/v2\/media?parent=148263"}],"wp:term":[{"taxonomy":"product_brand","embeddable":true,"href":"https:\/\/gpl-love.com\/fr\/wp-json\/wp\/v2\/product_brand?post=148263"},{"taxonomy":"product_cat","embeddable":true,"href":"https:\/\/gpl-love.com\/fr\/wp-json\/wp\/v2\/product_cat?post=148263"},{"taxonomy":"product_tag","embeddable":true,"href":"https:\/\/gpl-love.com\/fr\/wp-json\/wp\/v2\/product_tag?post=148263"}],"curies":[{"name":"wp","href":"https:\/\/api.w.org\/{rel}","templated":true}]}}