{"id":148259,"date":"2026-01-10T00:00:00","date_gmt":"2026-01-09T23:00:00","guid":{"rendered":"https:\/\/gpl-love.com\/fr\/produit\/eazydocs-pro\/"},"modified":"2026-03-21T00:10:49","modified_gmt":"2026-03-20T23:10:49","slug":"eazydocs-pro","status":"publish","type":"product","link":"https:\/\/gpl-love.com\/fr\/produit\/eazydocs-pro\/","title":{"rendered":"EazyDocs Pro 2.9.0"},"content":{"rendered":"<h3>EazyDocs Pro Traits<\/h3>\n<p>D\u00e9couvrez la puissance d&rsquo;une documentation simplifi\u00e9e avec EazyDocs Pro. Id\u00e9al pour les startups et les petites entreprises, cet outil de documentation technique avanc\u00e9 simplifie la cr\u00e9ation de guides d&rsquo;utilisation et la mise en place de centres d&rsquo;aide. EazyDocs Pro est un logiciel de base de connaissances intuitif, dot\u00e9 d&rsquo;un syst\u00e8me de gestion de contenu robuste qui garantit un acc\u00e8s facile \u00e0 toutes les informations essentielles.<\/p>\n<p>Les nouveaux utilisateurs peuvent se familiariser rapidement avec EazyDocs Pro gr\u00e2ce au tutoriel pour d\u00e9butants, et apprendre \u00e0 utiliser le logiciel pour la documentation en toute simplicit\u00e9. Gr\u00e2ce \u00e0 son int\u00e9gration fluide avec d&rsquo;autres outils, EazyDocs Pro facilite la collaboration. Explorez une vari\u00e9t\u00e9 de mod\u00e8les de documentation pour assurer la coh\u00e9rence et respecter les bonnes pratiques avec EazyDocs Pro.<\/p>\n<p>Vous souhaitez en savoir plus sur les tarifs et les fonctionnalit\u00e9s d&rsquo;EazyDocs Pro\u00a0? Une version d&rsquo;essai est disponible pour d\u00e9couvrir ses fonctionnalit\u00e9s avanc\u00e9es et \u00e9valuer son ad\u00e9quation \u00e0 vos besoins sp\u00e9cifiques. Comparez EazyDocs Pro aux autres outils de documentation et d\u00e9couvrez pourquoi il se distingue\u00a0: son interface conviviale, son assistance compl\u00e8te et son service client de qualit\u00e9 lui valent d&rsquo;excellents avis.<\/p>\n<p>Qu&rsquo;il s&rsquo;agisse de mettre en place un centre d&rsquo;aide ou de g\u00e9rer<\/p>\n<ul>\n<li>Gestion documentaire simplifi\u00e9e pour une organisation efficace<\/li>\n<li>Interface utilisateur intuitive pour une navigation et une configuration ais\u00e9es<\/li>\n<li>Fonctionnalit\u00e9 de recherche avanc\u00e9e pour localiser rapidement les documents<\/li>\n<li>Int\u00e9gration fluide avec les applications et outils tiers les plus utilis\u00e9s<\/li>\n<li>Mod\u00e8les personnalisables pour la cr\u00e9ation de documents sur mesure<\/li>\n<li>Stockage cloud s\u00e9curis\u00e9 pour une protection fiable des donn\u00e9es<\/li>\n<li>Fonctionnalit\u00e9s de collaboration en temps r\u00e9el pour une productivit\u00e9 d&rsquo;\u00e9quipe accrue<\/li>\n<li>Flux de travail automatis\u00e9s pour une efficacit\u00e9 op\u00e9rationnelle optimis\u00e9e<\/li>\n<li>Analyses compl\u00e8tes pour des informations et des rapports d\u00e9taill\u00e9s<\/li>\n<li>Solutions \u00e9volutives pour accompagner la croissance de votre entreprise<\/li>\n<\/ul>\n","protected":false},"excerpt":{"rendered":"<p>EazyDocs Pro r\u00e9volutionne la documentation gr\u00e2ce \u00e0 une interface intuitive qui simplifie la cr\u00e9ation de guides d&rsquo;utilisation et la mise en place de centres d&rsquo;aide. Con\u00e7u pour les startups et les PME, cet outil de documentation technique avanc\u00e9 s&rsquo;int\u00e8gre parfaitement \u00e0 d&rsquo;autres outils, ce qui le rend id\u00e9al pour les entreprises modernes. Explorez les mod\u00e8les de documentation intuitifs d&rsquo;EazyDocs Pro et d\u00e9couvrez les bonnes pratiques gr\u00e2ce \u00e0 un tutoriel complet pour d\u00e9butants. Profitez des avantages d&rsquo;EazyDocs Pro, de la gestion efficace du contenu \u00e0 un support et un service client performants. Comparez EazyDocs Pro aux autres outils de documentation et profitez de sa version d&rsquo;essai pour d\u00e9couvrir par vous-m\u00eame ses fonctionnalit\u00e9s de pointe et son prix comp\u00e9titif.<\/p>\n","protected":false},"featured_media":0,"comment_status":"open","ping_status":"open","template":"","meta":[],"product_brand":[2870],"product_cat":[1187,1181,1186],"product_tag":[2871],"class_list":{"0":"post-148259","1":"product","2":"type-product","3":"status-publish","5":"product_brand-spider-themes","6":"product_cat-administration-wordpress-plugins","7":"product_cat-plugins","8":"product_cat-wordpress-plugins","9":"product_tag-spider-themes","10":"member-discount","11":"discount-restricted","13":"first","14":"instock","15":"sale","16":"downloadable","17":"virtual","18":"sold-individually","19":"purchasable","20":"product-type-simple"},"_links":{"self":[{"href":"https:\/\/gpl-love.com\/fr\/wp-json\/wp\/v2\/product\/148259","targetHints":{"allow":["GET"]}}],"collection":[{"href":"https:\/\/gpl-love.com\/fr\/wp-json\/wp\/v2\/product"}],"about":[{"href":"https:\/\/gpl-love.com\/fr\/wp-json\/wp\/v2\/types\/product"}],"replies":[{"embeddable":true,"href":"https:\/\/gpl-love.com\/fr\/wp-json\/wp\/v2\/comments?post=148259"}],"wp:attachment":[{"href":"https:\/\/gpl-love.com\/fr\/wp-json\/wp\/v2\/media?parent=148259"}],"wp:term":[{"taxonomy":"product_brand","embeddable":true,"href":"https:\/\/gpl-love.com\/fr\/wp-json\/wp\/v2\/product_brand?post=148259"},{"taxonomy":"product_cat","embeddable":true,"href":"https:\/\/gpl-love.com\/fr\/wp-json\/wp\/v2\/product_cat?post=148259"},{"taxonomy":"product_tag","embeddable":true,"href":"https:\/\/gpl-love.com\/fr\/wp-json\/wp\/v2\/product_tag?post=148259"}],"curies":[{"name":"wp","href":"https:\/\/api.w.org\/{rel}","templated":true}]}}