{"id":148250,"date":"2025-10-20T00:00:00","date_gmt":"2025-10-19T22:00:00","guid":{"rendered":"https:\/\/gpl-love.com\/fr\/produit\/whatsapp-chit-chat-plugin-for-wordpress\/"},"modified":"2026-04-19T00:32:12","modified_gmt":"2026-04-18T22:32:12","slug":"whatsapp-chit-chat-plugin-for-wordpress","status":"publish","type":"product","link":"https:\/\/gpl-love.com\/fr\/produit\/whatsapp-chit-chat-plugin-for-wordpress\/","title":{"rendered":"WhatsApp Chit Chat Plugin For WordPress 1.0.3"},"content":{"rendered":"<h3>WhatsApp Chit Chat Plugin For WordPress Traits<\/h3>\n<p>Boostez l&rsquo;engagement client sur votre site WordPress en toute simplicit\u00e9 gr\u00e2ce \u00e0 l&rsquo;extension WhatsApp Chit Chat. Reconnue comme la meilleure extension de chat WhatsApp pour WordPress, elle int\u00e8gre WhatsApp en toute transparence \u00e0 n&rsquo;importe quel site WordPress, offrant un canal de communication direct. Vous vous demandez comment ajouter le chat WhatsApp \u00e0 WordPress\u00a0? Cette extension de chat WhatsApp facile \u00e0 installer propose un processus simple, permettant m\u00eame aux d\u00e9butants de se lancer sans difficult\u00e9.<\/p>\n<p>Am\u00e9liorez votre support client avec l&rsquo;extension de support client WhatsApp pour WordPress, qui transforme les interactions client en une exp\u00e9rience fluide. Dot\u00e9e d&rsquo;un bouton de chat WhatsApp personnalisable pour les sites WordPress, elle permet aux utilisateurs d&rsquo;adapter l&rsquo;apparence \u00e0 l&rsquo;esth\u00e9tique de leur marque. Que vous recherchiez une extension de chat WhatsApp gratuite pour WordPress ou une version plus compl\u00e8te, il existe une option pour tous les besoins.<\/p>\n<p>Le widget de chat WhatsApp pour WordPress est un outil puissant pour les interactions en direct, tandis que l&rsquo;extension de contact WhatsApp pour WordPress facilite une communication fluide. Cette extension de chat WhatsApp pour WordPress sert de<\/p>\n<ul>\n<li>Int\u00e9gration fluide avec WordPress pour une configuration et une utilisation simplifi\u00e9es<\/li>\n<li><\/li>\n<li>Communication directe avec les visiteurs via WhatsApp<\/li>\n<li>Bouton de chat personnalisable pour s&rsquo;harmoniser avec le design du site web<\/li>\n<li>Gestion multi-agents pour un service client efficace<\/li>\n<li>Notifications en temps r\u00e9el pour ne jamais manquer un message<\/li>\n<li>Possibilit\u00e9 de d\u00e9finir les heures de disponibilit\u00e9 pour l&rsquo;assistance par chat<\/li>\n<li>Interface optimis\u00e9e pour tous les appareils mobiles<\/li>\n<li>Conformit\u00e9 RGPD avec options de confidentialit\u00e9 pour les donn\u00e9es utilisateur<\/li>\n<li>Tableau de bord intuitif pour la gestion des conversations<\/li>\n<li>Am\u00e9lioration de l&rsquo;engagement et des conversions gr\u00e2ce au chat instantan\u00e9<\/li>\n<\/ul>\n","protected":false},"excerpt":{"rendered":"<p>Transformez votre site WordPress avec l&rsquo;extension WhatsApp Chit Chat, reconnue comme la meilleure extension de chat WhatsApp pour WordPress. Int\u00e9grez facilement le chat WhatsApp \u00e0 votre site pour am\u00e9liorer le support client et la communication. Installez simplement le bouton de chat WhatsApp sur votre site WordPress pour une interaction en temps r\u00e9el. Cet outil de chat WhatsApp personnalisable permet aux entreprises de fournir une assistance instantan\u00e9e, ce qui en fait une extension de service client WhatsApp id\u00e9ale. Que ce soit pour des demandes de renseignements ou des discussions en direct, cette extension de contact WhatsApp pour WordPress offre une exp\u00e9rience utilisateur fluide. Parfaite pour ceux qui recherchent une extension de chat WhatsApp gratuite, elle offre des fonctionnalit\u00e9s robustes pour l&rsquo;int\u00e9gration du chat WhatsApp sur WordPress.<\/p>\n","protected":false},"featured_media":0,"comment_status":"open","ping_status":"open","template":"","meta":[],"product_brand":[2435],"product_cat":[1181,1232,1186],"product_tag":[1231],"class_list":{"0":"post-148250","1":"product","2":"type-product","3":"status-publish","5":"product_brand-codecanyon","6":"product_cat-plugins","7":"product_cat-social","8":"product_cat-wordpress-plugins","9":"product_tag-codecanyon","10":"member-discount","11":"discount-restricted","13":"first","14":"instock","15":"sale","16":"downloadable","17":"virtual","18":"sold-individually","19":"purchasable","20":"product-type-simple"},"_links":{"self":[{"href":"https:\/\/gpl-love.com\/fr\/wp-json\/wp\/v2\/product\/148250","targetHints":{"allow":["GET"]}}],"collection":[{"href":"https:\/\/gpl-love.com\/fr\/wp-json\/wp\/v2\/product"}],"about":[{"href":"https:\/\/gpl-love.com\/fr\/wp-json\/wp\/v2\/types\/product"}],"replies":[{"embeddable":true,"href":"https:\/\/gpl-love.com\/fr\/wp-json\/wp\/v2\/comments?post=148250"}],"wp:attachment":[{"href":"https:\/\/gpl-love.com\/fr\/wp-json\/wp\/v2\/media?parent=148250"}],"wp:term":[{"taxonomy":"product_brand","embeddable":true,"href":"https:\/\/gpl-love.com\/fr\/wp-json\/wp\/v2\/product_brand?post=148250"},{"taxonomy":"product_cat","embeddable":true,"href":"https:\/\/gpl-love.com\/fr\/wp-json\/wp\/v2\/product_cat?post=148250"},{"taxonomy":"product_tag","embeddable":true,"href":"https:\/\/gpl-love.com\/fr\/wp-json\/wp\/v2\/product_tag?post=148250"}],"curies":[{"name":"wp","href":"https:\/\/api.w.org\/{rel}","templated":true}]}}