{"id":148247,"date":"2026-02-06T00:00:00","date_gmt":"2026-02-05T23:00:00","guid":{"rendered":"https:\/\/gpl-love.com\/fr\/produit\/directorist-woocommerce-pricing-plans\/"},"modified":"2026-03-21T00:10:20","modified_gmt":"2026-03-20T23:10:20","slug":"directorist-woocommerce-pricing-plans","status":"publish","type":"product","link":"https:\/\/gpl-love.com\/fr\/produit\/directorist-woocommerce-pricing-plans\/","title":{"rendered":"Directorist WooCommerce Pricing Plans 3.6.7"},"content":{"rendered":"<h3>Directorist WooCommerce Pricing Plans Traits<\/h3>\n<p>Transformez l&rsquo;exp\u00e9rience de paiement WooCommerce avec le plugin Checkoutify, l&rsquo;outil ultime pour personnaliser les champs de paiement WooCommerce. Ce puissant plugin d&rsquo;\u00e9dition de champs de paiement WooCommerce offre une m\u00e9thode intuitive pour personnaliser chaque aspect du processus de paiement. Que vous souhaitiez modifier les champs de paiement WooCommerce avec Checkoutify ou une personnalisation avanc\u00e9e, ce plugin est le choix id\u00e9al pour une int\u00e9gration et une gestion fluides.<\/p>\n<p>Le guide d&rsquo;installation de Checkoutify pour WooCommerce vous guide facilement pour optimiser le processus de paiement. Apprenez \u00e0 modifier facilement les champs de paiement WooCommerce et d\u00e9couvrez les nombreuses fonctionnalit\u00e9s de l&rsquo;\u00e9diteur de paiement WooCommerce qu&rsquo;offre Checkoutify. De l&rsquo;am\u00e9lioration de l&rsquo;exp\u00e9rience de paiement globale \u00e0 la personnalisation fluide des champs de paiement WooCommerce avec Checkoutify, ce plugin est con\u00e7u pour allier flexibilit\u00e9 et simplicit\u00e9.<\/p>\n<p>Gr\u00e2ce au tutoriel d&rsquo;int\u00e9gration Checkoutify pour WooCommerce, m\u00eame les novices peuvent naviguer efficacement dans le processus, garantissant un formulaire de paiement parfaitement adapt\u00e9 \u00e0 leurs besoins sp\u00e9cifiques. Am\u00e9liorez l&rsquo;exp\u00e9rience de paiement et rationalisez vos op\u00e9rations gr\u00e2ce \u00e0 la gestion des champs de paiement Checkoutify pour WooCommerce. Adoptez l&rsquo;avenir du e-commerce avec Checkoutify Checkout.<\/p>\n<ul>\n<li>Personnalisez facilement les champs de paiement WooCommerce<\/li>\n<li>Ajoutez, modifiez ou supprimez des champs selon vos besoins<\/li>\n<li>Am\u00e9liorez l&rsquo;exp\u00e9rience utilisateur gr\u00e2ce \u00e0 des options de paiement personnalis\u00e9es<\/li>\n<li>Augmentez vos taux de conversion gr\u00e2ce \u00e0 un processus de paiement simplifi\u00e9<\/li>\n<li>Interface glisser-d\u00e9poser pour une gestion intuitive des champs<\/li>\n<li>Logique conditionnelle pour afficher ou masquer les champs en fonction des saisies de l&rsquo;utilisateur<\/li>\n<li>Prise en charge de plusieurs types de champs, notamment texte, listes d\u00e9roulantes et cases \u00e0 cocher<\/li>\n<li>Compatible avec les th\u00e8mes et extensions WooCommerce les plus populaires<\/li>\n<li>Optimisez le processus de paiement pour les utilisateurs mobiles et de bureau<\/li>\n<li>Aucune comp\u00e9tence en codage n&rsquo;est requise pour la configuration et la personnalisation<\/li>\n<\/ul>\n","protected":false},"excerpt":{"rendered":"<p>Exploitez tout le potentiel de votre boutique WooCommerce avec Checkoutify, la solution ultime pour personnaliser votre exp\u00e9rience de paiement. Ce puissant plugin d&rsquo;\u00e9dition de champs de paiement WooCommerce permet une personnalisation fluide et permet aux utilisateurs de personnaliser facilement les champs de paiement WooCommerce pour am\u00e9liorer la satisfaction client. D\u00e9couvrez comment modifier les champs de paiement WooCommerce avec Checkoutify et transformer le processus de paiement en une exp\u00e9rience simplifi\u00e9e et intuitive. Gr\u00e2ce \u00e0 ses fonctionnalit\u00e9s avanc\u00e9es de personnalisation des champs de paiement, Checkoutify s&rsquo;impose comme le meilleur plugin d&rsquo;\u00e9dition de champs de paiement WooCommerce. Suivez le guide d&rsquo;installation de Checkoutify pour ma\u00eetriser la personnalisation des champs de paiement WooCommerce, optimiser les processus de paiement et am\u00e9liorer les performances globales de votre boutique. Am\u00e9liorez votre exp\u00e9rience de paiement WooCommerce avec Checkoutify d\u00e8s aujourd&rsquo;hui\u00a0!<\/p>\n","protected":false},"featured_media":0,"comment_status":"open","ping_status":"open","template":"","meta":[],"product_brand":[2841],"product_cat":[1182,1223,1181],"product_tag":[2842],"class_list":{"0":"post-148247","1":"product","2":"type-product","3":"status-publish","5":"product_brand-wpwax","6":"product_cat-commerce-electronique-plugins","7":"product_cat-personnalisation-commerce-electronique-plugins","8":"product_cat-plugins","9":"product_tag-wpwax","10":"member-discount","11":"discount-restricted","13":"first","14":"instock","15":"sale","16":"downloadable","17":"virtual","18":"sold-individually","19":"purchasable","20":"product-type-simple"},"_links":{"self":[{"href":"https:\/\/gpl-love.com\/fr\/wp-json\/wp\/v2\/product\/148247","targetHints":{"allow":["GET"]}}],"collection":[{"href":"https:\/\/gpl-love.com\/fr\/wp-json\/wp\/v2\/product"}],"about":[{"href":"https:\/\/gpl-love.com\/fr\/wp-json\/wp\/v2\/types\/product"}],"replies":[{"embeddable":true,"href":"https:\/\/gpl-love.com\/fr\/wp-json\/wp\/v2\/comments?post=148247"}],"wp:attachment":[{"href":"https:\/\/gpl-love.com\/fr\/wp-json\/wp\/v2\/media?parent=148247"}],"wp:term":[{"taxonomy":"product_brand","embeddable":true,"href":"https:\/\/gpl-love.com\/fr\/wp-json\/wp\/v2\/product_brand?post=148247"},{"taxonomy":"product_cat","embeddable":true,"href":"https:\/\/gpl-love.com\/fr\/wp-json\/wp\/v2\/product_cat?post=148247"},{"taxonomy":"product_tag","embeddable":true,"href":"https:\/\/gpl-love.com\/fr\/wp-json\/wp\/v2\/product_tag?post=148247"}],"curies":[{"name":"wp","href":"https:\/\/api.w.org\/{rel}","templated":true}]}}