{"id":148243,"date":"2026-04-18T00:00:00","date_gmt":"2026-04-17T22:00:00","guid":{"rendered":"https:\/\/gpl-love.com\/fr\/produit\/woocommerce-spin-wheel\/"},"modified":"2026-04-19T00:32:09","modified_gmt":"2026-04-18T22:32:09","slug":"woocommerce-spin-wheel","status":"publish","type":"product","link":"https:\/\/gpl-love.com\/fr\/produit\/woocommerce-spin-wheel\/","title":{"rendered":"Woocommerce Spin Wheel 2.1"},"content":{"rendered":"<h3>Woocommerce Spin Wheel Traits<\/h3>\n<p>Transformez votre boutique en ligne avec le plugin WooCommerce Spin Wheel, l&rsquo;outil ultime pour booster l&rsquo;engagement et les conversions. Ajouter un Spin Wheel dans WooCommerce n&rsquo;a jamais \u00e9t\u00e9 aussi simple\u00a0: une fa\u00e7on interactive et ludique de collecter des e-mails et de booster vos ventes. Ce plugin WooCommerce Spin Wheel s&rsquo;int\u00e8gre parfaitement et propose des pop-ups ludiques qui attirent les clients avec des r\u00e9ductions et des offres int\u00e9ressantes.<\/p>\n<p>Ce plugin WooCommerce Spin Wheel est id\u00e9al pour les strat\u00e9gies d&rsquo;intention de sortie et permet de fid\u00e9liser les visiteurs qui, autrement, pourraient partir. La personnalisation est essentielle pour une exp\u00e9rience personnalis\u00e9e et adapt\u00e9e \u00e0 chaque marque. Un excellent test de Spin Wheel WooCommerce garantit son efficacit\u00e9.<\/p>\n<p>Pour ceux qui ne savent pas par o\u00f9 commencer, un guide d&rsquo;installation complet et un tutoriel de configuration simplifient le processus. Optimisez le Spin Wheel WooCommerce pour les conversions et voyez vos ventes augmenter en devenant un \u00e9l\u00e9ment central de votre strat\u00e9gie marketing. Id\u00e9al pour les promotions de fin d&rsquo;ann\u00e9e, il encourage les inscriptions \u00e0 la newsletter et renforce l&rsquo;engagement client.<\/p>\n<p>Consultez le comparatif des fonctionnalit\u00e9s du Spin Wheel WooCommerce pour trouver la meilleure solution.<\/p>\n<ul>\n<li>Engagez vos clients gr\u00e2ce \u00e0 la gamification interactive<\/li>\n<li>Augmentez vos taux de conversion gr\u00e2ce \u00e0 des offres attrayantes<\/li>\n<li>Design personnalisable pour s&rsquo;adapter \u00e0 l&rsquo;esth\u00e9tique de votre marque<\/li>\n<li>Interface mobile pour une exp\u00e9rience utilisateur fluide<\/li>\n<li>Int\u00e9gration facile aux boutiques WooCommerce existantes<\/li>\n<li>Param\u00e8tres de probabilit\u00e9 ajustables pour des promotions sur mesure<\/li>\n<li>Collecte des adresses e-mail pour vos campagnes marketing<\/li>\n<li>Analyses en temps r\u00e9el pour suivre les performances et les r\u00e9sultats<\/li>\n<li>Prise en charge de plusieurs types de remises et de prix<\/li>\n<li>Incitez les visites r\u00e9p\u00e9t\u00e9es gr\u00e2ce \u00e0 des interactions engageantes avec les utilisateurs<\/li>\n<\/ul>\n","protected":false},"excerpt":{"rendered":"<p>Lib\u00e9rez tout le potentiel de votre boutique en ligne avec l&rsquo;extension WooCommerce Spin Wheel. D\u00e9couvrez comment ajouter une roue dans WooCommerce pour captiver vos clients et booster leur engagement. Outil incontournable pour WooCommerce, il propose des pop-ups ludiques et des fonctionnalit\u00e9s d&rsquo;intention de sortie pour booster vos ventes et capter des e-mails. Cette extension WooCommerce de r\u00e9duction est id\u00e9ale pour la g\u00e9n\u00e9ration de leads et les promotions de fin d&rsquo;ann\u00e9e. Personnalisez l&rsquo;exp\u00e9rience gr\u00e2ce \u00e0 des options de personnalisation compl\u00e8tes, am\u00e9liorant l&rsquo;interaction client et les inscriptions \u00e0 la newsletter. Acc\u00e9dez \u00e0 un guide d&rsquo;installation d\u00e9taill\u00e9 et \u00e0 un tutoriel de configuration, et d\u00e9couvrez des conseils d&rsquo;exp\u00e9rience utilisateur pour optimiser les conversions. Optimisez votre strat\u00e9gie marketing gr\u00e2ce \u00e0 cet outil innovant.<\/p>\n","protected":false},"featured_media":0,"comment_status":"open","ping_status":"open","template":"","meta":[],"product_brand":[2440],"product_cat":[1182,1200,1181],"product_tag":[1398],"class_list":{"0":"post-148243","1":"product","2":"type-product","3":"status-publish","5":"product_brand-woocommerce","6":"product_cat-commerce-electronique-plugins","7":"product_cat-commercialisation","8":"product_cat-plugins","9":"product_tag-woocommerce","10":"member-discount","11":"discount-restricted","13":"first","14":"instock","15":"sale","16":"downloadable","17":"virtual","18":"sold-individually","19":"purchasable","20":"product-type-simple"},"_links":{"self":[{"href":"https:\/\/gpl-love.com\/fr\/wp-json\/wp\/v2\/product\/148243","targetHints":{"allow":["GET"]}}],"collection":[{"href":"https:\/\/gpl-love.com\/fr\/wp-json\/wp\/v2\/product"}],"about":[{"href":"https:\/\/gpl-love.com\/fr\/wp-json\/wp\/v2\/types\/product"}],"replies":[{"embeddable":true,"href":"https:\/\/gpl-love.com\/fr\/wp-json\/wp\/v2\/comments?post=148243"}],"wp:attachment":[{"href":"https:\/\/gpl-love.com\/fr\/wp-json\/wp\/v2\/media?parent=148243"}],"wp:term":[{"taxonomy":"product_brand","embeddable":true,"href":"https:\/\/gpl-love.com\/fr\/wp-json\/wp\/v2\/product_brand?post=148243"},{"taxonomy":"product_cat","embeddable":true,"href":"https:\/\/gpl-love.com\/fr\/wp-json\/wp\/v2\/product_cat?post=148243"},{"taxonomy":"product_tag","embeddable":true,"href":"https:\/\/gpl-love.com\/fr\/wp-json\/wp\/v2\/product_tag?post=148243"}],"curies":[{"name":"wp","href":"https:\/\/api.w.org\/{rel}","templated":true}]}}