{"id":148242,"date":"2025-10-17T00:00:00","date_gmt":"2025-10-16T22:00:00","guid":{"rendered":"https:\/\/gpl-love.com\/fr\/produit\/woocommerce-hide-price-and-add-to-cart-button\/"},"modified":"2026-03-21T00:10:08","modified_gmt":"2026-03-20T23:10:08","slug":"woocommerce-hide-price-and-add-to-cart-button","status":"publish","type":"product","link":"https:\/\/gpl-love.com\/fr\/produit\/woocommerce-hide-price-and-add-to-cart-button\/","title":{"rendered":"WooCommerce Hide Price et Add to Cart Button 1.5.1"},"content":{"rendered":"<h3>WooCommerce Hide Price et Add to Cart Button Traits<\/h3>\n<p>Vous souhaitez contr\u00f4ler l&rsquo;affichage des prix et des options d&rsquo;achat sur une boutique WooCommerce\u00a0? L&rsquo;extension WooCommerce \u00ab\u00a0Masquer les prix et le bouton Ajouter au panier\u00a0\u00bb offre une solution simple et efficace. Cet outil flexible permet de masquer les prix et le bouton Ajouter au panier aux visiteurs et aux utilisateurs non connect\u00e9s, garantissant ainsi que seuls les clients autoris\u00e9s voient le prix des produits. Que vous souhaitiez masquer les prix WooCommerce aux visiteurs ou les garder cach\u00e9s jusqu&rsquo;\u00e0 la connexion, cette extension est la solution id\u00e9ale.<\/p>\n<p>Pour les entreprises ayant des clients grossistes, la fonctionnalit\u00e9 \u00ab\u00a0Masquer les prix pour la vente en gros\u00a0\u00bb de WooCommerce est pr\u00e9cieuse. Les prix peuvent \u00eatre ajust\u00e9s ou masqu\u00e9s en fonction des r\u00f4les d&rsquo;utilisateur, adaptant ainsi l&rsquo;exp\u00e9rience d&rsquo;achat \u00e0 chaque type de client. La possibilit\u00e9 de supprimer le bouton Ajouter au panier pour des produits sp\u00e9cifiques ou des cat\u00e9gories enti\u00e8res offre une personnalisation suppl\u00e9mentaire, garantissant ainsi l&rsquo;ad\u00e9quation de la boutique avec les strat\u00e9gies commerciales.<\/p>\n<p>Avec des options permettant de masquer les prix sur la page produit ou d&rsquo;exiger la connexion avant l&rsquo;affichage, l&rsquo;extension prend en charge un large \u00e9ventail de sc\u00e9narios. Que vous g\u00e9riez une boutique de d\u00e9tail ou une entreprise de vente en gros, cette extension s&rsquo;impose comme la solution id\u00e9ale pour masquer les prix.<\/p>\n<ul>\n<li>Masquez facilement les prix et les boutons d&rsquo;ajout au panier pour certains produits ou cat\u00e9gories.<\/li>\n<li>Am\u00e9liorez l&rsquo;engagement client en encourageant les demandes directes.<\/li>\n<li>G\u00e9rez facilement les param\u00e8tres de visibilit\u00e9 gr\u00e2ce \u00e0 une interface intuitive.<\/li>\n<li>Proposez des exp\u00e9riences d&rsquo;achat personnalis\u00e9es en personnalisant les vues des produits.<\/li>\n<li>Augmentez la g\u00e9n\u00e9ration de leads en invitant les clients \u00e0 vous contacter pour conna\u00eetre les prix.<\/li>\n<li>Compatible avec divers th\u00e8mes et extensions WooCommerce.<\/li>\n<li>Options flexibles pour masquer les prix en fonction du r\u00f4le de l&rsquo;utilisateur ou de son statut de connexion.<\/li>\n<li>Prot\u00e9gez vos strat\u00e9gies de tarification en affichant les informations uniquement \u00e0 certains utilisateurs.<\/li>\n<li>Am\u00e9liorez l&rsquo;esth\u00e9tique de votre site en supprimant les boutons inutiles sur certaines pages.<\/li>\n<li>Installation et configuration simples, ne n\u00e9cessitant aucune expertise en codage.<\/li>\n<\/ul>\n","protected":false},"excerpt":{"rendered":"<p>Exploitez la puissance des strat\u00e9gies de tarification sur mesure avec l&rsquo;extension WooCommerce \u00ab\u00a0Masquer le prix et le bouton Ajouter au panier\u00a0\u00bb. Masquez facilement les prix WooCommerce aux visiteurs et aux utilisateurs non connect\u00e9s, garantissant ainsi que seuls certains clients ou r\u00f4les utilisateurs voient les prix des produits. Id\u00e9al pour les grossistes, cette extension permet de masquer les prix et les boutons Ajouter au panier par cat\u00e9gorie ou par produit. Am\u00e9liorez l&rsquo;exp\u00e9rience utilisateur en affichant les prix uniquement \u00e0 la connexion, offrant ainsi un parcours personnalis\u00e9. Avec des options permettant de supprimer le bouton Ajouter au panier et de masquer les prix sur les pages produits, cette extension est id\u00e9ale pour les entreprises souhaitant maintenir des prix exclusifs. D\u00e9couvrez la meilleure extension pour masquer les prix dans WooCommerce et transformez l&rsquo;engagement utilisateur d\u00e8s aujourd&rsquo;hui.<\/p>\n","protected":false},"featured_media":0,"comment_status":"open","ping_status":"open","template":"","meta":[],"product_brand":[2440],"product_cat":[1182,1223,1181],"product_tag":[1398],"class_list":{"0":"post-148242","1":"product","2":"type-product","3":"status-publish","5":"product_brand-woocommerce","6":"product_cat-commerce-electronique-plugins","7":"product_cat-personnalisation-commerce-electronique-plugins","8":"product_cat-plugins","9":"product_tag-woocommerce","10":"member-discount","11":"discount-restricted","13":"first","14":"instock","15":"sale","16":"downloadable","17":"virtual","18":"sold-individually","19":"purchasable","20":"product-type-simple"},"_links":{"self":[{"href":"https:\/\/gpl-love.com\/fr\/wp-json\/wp\/v2\/product\/148242","targetHints":{"allow":["GET"]}}],"collection":[{"href":"https:\/\/gpl-love.com\/fr\/wp-json\/wp\/v2\/product"}],"about":[{"href":"https:\/\/gpl-love.com\/fr\/wp-json\/wp\/v2\/types\/product"}],"replies":[{"embeddable":true,"href":"https:\/\/gpl-love.com\/fr\/wp-json\/wp\/v2\/comments?post=148242"}],"wp:attachment":[{"href":"https:\/\/gpl-love.com\/fr\/wp-json\/wp\/v2\/media?parent=148242"}],"wp:term":[{"taxonomy":"product_brand","embeddable":true,"href":"https:\/\/gpl-love.com\/fr\/wp-json\/wp\/v2\/product_brand?post=148242"},{"taxonomy":"product_cat","embeddable":true,"href":"https:\/\/gpl-love.com\/fr\/wp-json\/wp\/v2\/product_cat?post=148242"},{"taxonomy":"product_tag","embeddable":true,"href":"https:\/\/gpl-love.com\/fr\/wp-json\/wp\/v2\/product_tag?post=148242"}],"curies":[{"name":"wp","href":"https:\/\/api.w.org\/{rel}","templated":true}]}}