{"id":148239,"date":"2025-10-17T00:00:00","date_gmt":"2025-10-16T22:00:00","guid":{"rendered":"https:\/\/gpl-love.com\/fr\/produit\/modula-convert-gallery-to-slider\/"},"modified":"2026-03-21T00:10:01","modified_gmt":"2026-03-20T23:10:01","slug":"modula-convert-gallery-to-slider","status":"publish","type":"product","link":"https:\/\/gpl-love.com\/fr\/produit\/modula-convert-gallery-to-slider\/","title":{"rendered":"Modula Convert Gallery to Slider 1.1.22"},"content":{"rendered":"<h3>Modula Convert Gallery to Slider Traits<\/h3>\n<p>Transformer une galerie en un superbe slider sur WordPress n&rsquo;a jamais \u00e9t\u00e9 aussi simple gr\u00e2ce au plugin Modula Convert Gallery to Slider. Cet outil convivial est id\u00e9al pour les photographes et les cr\u00e9atifs souhaitant pr\u00e9senter leurs travaux de mani\u00e8re dynamique. D\u00e9couvrez comment utiliser Modula Convert Gallery to Slider gr\u00e2ce \u00e0 des instructions d&rsquo;installation simples et un guide complet. L&rsquo;installation est simple et le t\u00e9l\u00e9chargement rapide, pour une exp\u00e9rience fluide.<\/p>\n<p>Explorez les meilleurs param\u00e8tres pour Modula Convert Gallery to Slider afin d&rsquo;am\u00e9liorer l&rsquo;attrait visuel et d&rsquo;optimiser son r\u00e9f\u00e9rencement pour une meilleure visibilit\u00e9 en ligne. Les avis soulignent son design intuitif et ses fonctionnalit\u00e9s performantes, ce qui en fait un outil pl\u00e9biscit\u00e9 par les utilisateurs. Pour toute assistance, l&rsquo;assistance et l&rsquo;aide de Modula Convert Gallery to Slider sont facilement accessibles, r\u00e9solvant les probl\u00e8mes courants et proposant des correctifs. Des conseils de personnalisation permettent d&rsquo;apporter des touches personnelles, tandis que des exemples d&rsquo;utilisation inspirent des configurations cr\u00e9atives.<\/p>\n<p>Envie de comparer Modula Convert Gallery to Slider aux autres plugins\u00a0? Cet outil se distingue par sa polyvalence et sa facilit\u00e9 d&rsquo;utilisation. Que ce soit pour ajuster les param\u00e8tres ou explorer les options de personnalisation, ce plugin offre<\/p>\n<ul>\n<li>Transition fluide de la galerie au diaporama pour des options d&rsquo;affichage polyvalentes<\/li>\n<li>Interface conviviale pour une configuration simple et rapide<\/li>\n<li>Design enti\u00e8rement r\u00e9actif pour une visualisation optimale sur tous les appareils<\/li>\n<li>Param\u00e8tres personnalisables pour adapter le diaporama \u00e0 vos besoins sp\u00e9cifiques<\/li>\n<li>L\u00e9ger et rapide \u00e0 charger pour des performances optimales du site web<\/li>\n<li>Prise en charge de plusieurs formats d&rsquo;image pour une pr\u00e9sentation flexible du contenu<\/li>\n<li>Compatible avec les th\u00e8mes et extensions WordPress les plus populaires<\/li>\n<li>Inclut des commandes de navigation pour une interaction utilisateur optimis\u00e9e<\/li>\n<li>Offre des options de lecture automatique et de boucle pour une visualisation continue<\/li>\n<li>Optimis\u00e9 pour le r\u00e9f\u00e9rencement (SEO) pour am\u00e9liorer le classement dans les moteurs de recherche<\/li>\n<\/ul>\n","protected":false},"excerpt":{"rendered":"<p>Transformez vos galeries WordPress en diaporamas \u00e9poustouflants gr\u00e2ce \u00e0 l&rsquo;extension Modula Convert Gallery to Slider. Ce guide complet couvre toutes les \u00e9tapes, de l&rsquo;installation aux instructions de configuration, pour une transition fluide. D\u00e9couvrez comment utiliser Modula Convert Gallery to Slider facilement, gr\u00e2ce \u00e0 des conseils de personnalisation et des param\u00e8tres optimis\u00e9s pour des performances optimales. Id\u00e9al pour les photographes, cet outil optimise la narration visuelle gr\u00e2ce \u00e0 son interface intuitive. Consultez les avis sur Modula Convert Gallery to Slider et comparez-le aux autres extensions. Optimisez votre SEO gr\u00e2ce aux conseils d&rsquo;experts et r\u00e9solvez les probl\u00e8mes courants gr\u00e2ce \u00e0 une assistance et un support d\u00e9taill\u00e9s. T\u00e9l\u00e9chargez-le d\u00e8s maintenant et am\u00e9liorez l&rsquo;attrait visuel de votre site web.<\/p>\n","protected":false},"featured_media":0,"comment_status":"open","ping_status":"open","template":"","meta":[],"product_brand":[2761],"product_cat":[1189,1181,1186],"product_tag":[2339],"class_list":{"0":"post-148239","1":"product","2":"type-product","3":"status-publish","5":"product_brand-modula","6":"product_cat-personnalisation","7":"product_cat-plugins","8":"product_cat-wordpress-plugins","9":"product_tag-modula","10":"member-discount","11":"discount-restricted","13":"first","14":"instock","15":"sale","16":"downloadable","17":"virtual","18":"sold-individually","19":"purchasable","20":"product-type-simple"},"_links":{"self":[{"href":"https:\/\/gpl-love.com\/fr\/wp-json\/wp\/v2\/product\/148239","targetHints":{"allow":["GET"]}}],"collection":[{"href":"https:\/\/gpl-love.com\/fr\/wp-json\/wp\/v2\/product"}],"about":[{"href":"https:\/\/gpl-love.com\/fr\/wp-json\/wp\/v2\/types\/product"}],"replies":[{"embeddable":true,"href":"https:\/\/gpl-love.com\/fr\/wp-json\/wp\/v2\/comments?post=148239"}],"wp:attachment":[{"href":"https:\/\/gpl-love.com\/fr\/wp-json\/wp\/v2\/media?parent=148239"}],"wp:term":[{"taxonomy":"product_brand","embeddable":true,"href":"https:\/\/gpl-love.com\/fr\/wp-json\/wp\/v2\/product_brand?post=148239"},{"taxonomy":"product_cat","embeddable":true,"href":"https:\/\/gpl-love.com\/fr\/wp-json\/wp\/v2\/product_cat?post=148239"},{"taxonomy":"product_tag","embeddable":true,"href":"https:\/\/gpl-love.com\/fr\/wp-json\/wp\/v2\/product_tag?post=148239"}],"curies":[{"name":"wp","href":"https:\/\/api.w.org\/{rel}","templated":true}]}}