{"id":148236,"date":"2026-05-02T00:00:00","date_gmt":"2026-05-01T22:00:00","guid":{"rendered":"https:\/\/gpl-love.com\/fr\/produit\/fluentcart-pro\/"},"modified":"2026-05-11T00:32:15","modified_gmt":"2026-05-10T22:32:15","slug":"fluentcart-pro","status":"publish","type":"product","link":"https:\/\/gpl-love.com\/fr\/produit\/fluentcart-pro\/","title":{"rendered":"FluentCart Pro 1.3.27"},"content":{"rendered":"<h3>FluentCart Pro Traits<\/h3>\n<p>Transformez n&rsquo;importe quel site WordPress en une boutique en ligne florissante avec l&rsquo;extension e-commerce FluentCart Pro. Meilleure extension e-commerce du march\u00e9, FluentCart Pro offre une solution de boutique en ligne fluide qui s&rsquo;int\u00e8gre parfaitement \u00e0 WordPress. Envie de d\u00e9couvrir ses atouts\u00a0? D\u00e9couvrez les fonctionnalit\u00e9s avanc\u00e9es de FluentCart Pro pour optimiser les performances de votre site web.<\/p>\n<p>L&rsquo;installation est un jeu d&rsquo;enfant gr\u00e2ce au tutoriel et au guide d&rsquo;installation de FluentCart Pro, qui garantissent une prise en main fluide. Une fois op\u00e9rationnel, b\u00e9n\u00e9ficiez d&rsquo;un excellent support client pour FluentCart Pro, pr\u00eat \u00e0 r\u00e9pondre \u00e0 toutes vos questions. Vous envisagez d&rsquo;autres solutions\u00a0? Une comparaison entre FluentCart Pro et WooCommerce met en avant son excellence.<\/p>\n<p>Pour optimiser votre budget, d\u00e9couvrez les tarifs de FluentCart Pro et recherchez un code de r\u00e9duction FluentCart Pro pour \u00e9conomiser sur votre achat. Les t\u00e9moignages d&rsquo;utilisateurs t\u00e9moignent de son efficacit\u00e9 et de sa fiabilit\u00e9, ce qui explique pourquoi tant de personnes choisissent d&rsquo;acheter une licence FluentCart Pro. B\u00e9n\u00e9ficiez de performances web optimis\u00e9es gr\u00e2ce aux fonctionnalit\u00e9s avanc\u00e9es de FluentCart Pro. Pr\u00eat \u00e0 s&rsquo;\u00e9lever<\/p>\n<ul>\n<li>Int\u00e9gration transparente aux principales plateformes e-commerce pour des op\u00e9rations optimis\u00e9es<\/li>\n<li>Interface conviviale con\u00e7ue pour une navigation simple et rapide<\/li>\n<li>Outils d&rsquo;analyse avanc\u00e9s pour suivre les ventes et le comportement des clients<\/li>\n<li>Gestion automatis\u00e9e des stocks pour un contr\u00f4le efficace<\/li>\n<li>Processus de paiement personnalisable pour une exp\u00e9rience client optimale<\/li>\n<li>Traitement s\u00e9curis\u00e9 des paiements pour garantir la protection des donn\u00e9es clients<\/li>\n<li>Conception optimis\u00e9e pour les appareils mobiles pour des achats en d\u00e9placement<\/li>\n<li>Assistance client compl\u00e8te pour vous aider en cas de probl\u00e8me<\/li>\n<li>Prise en charge multilingue et multidevise pour une port\u00e9e mondiale<\/li>\n<li>Mises \u00e0 jour r\u00e9guli\u00e8res pour garantir la compatibilit\u00e9 et l&rsquo;am\u00e9lioration des fonctionnalit\u00e9s<\/li>\n<\/ul>\n","protected":false},"excerpt":{"rendered":"<p>D\u00e9couvrez la solution e-commerce ultime avec FluentCart Pro, une extension puissante con\u00e7ue pour optimiser l&rsquo;exp\u00e9rience de votre boutique en ligne. Int\u00e9grez-la facilement \u00e0 WordPress gr\u00e2ce \u00e0 l&rsquo;int\u00e9gration intuitive de FluentCart Pro, qui propose un guide d&rsquo;installation convivial et un tutoriel d&rsquo;installation complet. Explorez les fonctionnalit\u00e9s avanc\u00e9es qui distinguent FluentCart Pro dans le comparatif FluentCart Pro vs WooCommerce. B\u00e9n\u00e9ficiez de t\u00e9moignages d&rsquo;utilisateurs \u00e9logieux qui soulignent son efficacit\u00e9 et sa place parmi les meilleures extensions e-commerce. Nos formules tarifaires flexibles s&rsquo;adaptent \u00e0 toutes les tailles d&rsquo;entreprise, avec un code de r\u00e9duction FluentCart Pro disponible pour les acheteurs avertis. Un support client exceptionnel garantit une exp\u00e9rience fluide tout en optimisant votre site avec FluentCart Pro. Achetez votre licence FluentCart Pro d\u00e8s aujourd&rsquo;hui et transformez votre strat\u00e9gie e-commerce.<\/p>\n","protected":false},"featured_media":0,"comment_status":"open","ping_status":"open","template":"","meta":[],"product_brand":[2864],"product_cat":[1182,1223,1181],"product_tag":[2865],"class_list":{"0":"post-148236","1":"product","2":"type-product","3":"status-publish","5":"product_brand-fluent-cart","6":"product_cat-commerce-electronique-plugins","7":"product_cat-personnalisation-commerce-electronique-plugins","8":"product_cat-plugins","9":"product_tag-fluent-cart","10":"member-discount","11":"discount-restricted","13":"first","14":"instock","15":"sale","16":"downloadable","17":"virtual","18":"sold-individually","19":"purchasable","20":"product-type-simple"},"_links":{"self":[{"href":"https:\/\/gpl-love.com\/fr\/wp-json\/wp\/v2\/product\/148236","targetHints":{"allow":["GET"]}}],"collection":[{"href":"https:\/\/gpl-love.com\/fr\/wp-json\/wp\/v2\/product"}],"about":[{"href":"https:\/\/gpl-love.com\/fr\/wp-json\/wp\/v2\/types\/product"}],"replies":[{"embeddable":true,"href":"https:\/\/gpl-love.com\/fr\/wp-json\/wp\/v2\/comments?post=148236"}],"wp:attachment":[{"href":"https:\/\/gpl-love.com\/fr\/wp-json\/wp\/v2\/media?parent=148236"}],"wp:term":[{"taxonomy":"product_brand","embeddable":true,"href":"https:\/\/gpl-love.com\/fr\/wp-json\/wp\/v2\/product_brand?post=148236"},{"taxonomy":"product_cat","embeddable":true,"href":"https:\/\/gpl-love.com\/fr\/wp-json\/wp\/v2\/product_cat?post=148236"},{"taxonomy":"product_tag","embeddable":true,"href":"https:\/\/gpl-love.com\/fr\/wp-json\/wp\/v2\/product_tag?post=148236"}],"curies":[{"name":"wp","href":"https:\/\/api.w.org\/{rel}","templated":true}]}}