{"id":148231,"date":"2026-02-14T00:00:00","date_gmt":"2026-02-13T23:00:00","guid":{"rendered":"https:\/\/gpl-love.com\/fr\/produit\/wpforms-pdf\/"},"modified":"2026-04-02T18:30:51","modified_gmt":"2026-04-02T16:30:51","slug":"wpforms-pdf","status":"publish","type":"product","link":"https:\/\/gpl-love.com\/fr\/produit\/wpforms-pdf\/","title":{"rendered":"WPForms PDF 1.4.0"},"content":{"rendered":"<h3>WPForms PDF Traits<\/h3>\n<p>Transformer vos formulaires en PDF professionnels est un jeu d&rsquo;enfant gr\u00e2ce \u00e0 la meilleure solution PDF WPForms. D\u00e9couvrez comment cr\u00e9er facilement des PDF avec WPForms gr\u00e2ce \u00e0 l&rsquo;extension intuitive WPForms PDF. Convertissez facilement vos formulaires WPForms en PDF et personnalisez le rendu selon vos besoins. L&rsquo;int\u00e9gration WPForms PDF simplifie la g\u00e9n\u00e9ration de PDF, garantissant ainsi l&rsquo;enregistrement, le partage ou l&rsquo;impression de chaque formulaire en quelques clics.<\/p>\n<p>Besoin d&rsquo;aide\u00a0? Le tutoriel et la documentation complets de WPForms PDF vous expliquent \u00e9tape par \u00e9tape comment configurer et optimiser les param\u00e8tres de WPForms PDF. Adaptez le mod\u00e8le PDF WPForms \u00e0 votre image de marque pour une communication coh\u00e9rente. Qu&rsquo;il s&rsquo;agisse de g\u00e9n\u00e9rer une facture PDF WPForms, d&rsquo;envoyer une confirmation PDF ou de joindre un PDF \u00e0 un e-mail, cette extension g\u00e8re tout en toute simplicit\u00e9.<\/p>\n<p>Pour ceux qui cherchent \u00e0 optimiser leur flux de travail, le convertisseur WPForms en PDF garantit la capture et le stockage efficaces de chaque formulaire soumis. Gr\u00e2ce aux options d&rsquo;exportation et de t\u00e9l\u00e9chargement PDF, l&rsquo;acc\u00e8s et la gestion des documents importants sont simplifi\u00e9s. D\u00e9couvrez la commodit\u00e9 de<\/p>\n<ul>\n<li>Int\u00e9gration transparente avec WPForms pour une g\u00e9n\u00e9ration PDF simplifi\u00e9e<\/li>\n<li><\/li>\n<li>Conversion automatique des formulaires soumis en documents PDF<\/li>\n<li><\/li>\n<li>Mod\u00e8les PDF personnalisables pour refl\u00e9ter votre image de marque<\/li>\n<li><\/li>\n<li>Options de stockage et de partage de fichiers s\u00e9curis\u00e9s<\/li>\n<li><\/li>\n<li>Prise en charge de la logique conditionnelle pour un contenu PDF dynamique<\/li>\n<li><\/li>\n<li>Compatible avec tous les principaux th\u00e8mes et extensions WordPress<\/li>\n<li><\/li>\n<li>Interface conviviale pour une installation et une configuration rapides<\/li>\n<li><\/li>\n<li>Options de protection par mot de passe et de chiffrement des PDF<\/li>\n<li><\/li>\n<li>Conception mobile adaptative pour un acc\u00e8s sur tous les appareils<\/li>\n<li><\/li>\n<li>Mises \u00e0 jour et assistance r\u00e9guli\u00e8res pour des performances optimales<\/li>\n<\/ul>\n","protected":false},"excerpt":{"rendered":"<p>D\u00e9couvrez la solution ultime pour une int\u00e9gration PDF WPForms fluide ! Convertissez facilement vos formulaires WPForms en PDF gr\u00e2ce \u00e0 notre plugin intuitif, con\u00e7u pour r\u00e9pondre \u00e0 tous vos besoins. D\u00e9couvrez comment cr\u00e9er des PDF avec WPForms et optimisez votre flux de travail gr\u00e2ce \u00e0 des options d&rsquo;exportation et de t\u00e9l\u00e9chargement faciles. Personnalisez vos mod\u00e8les PDF WPForms pour des r\u00e9sultats PDF personnalis\u00e9s, en veillant \u00e0 ce que chaque d\u00e9tail soit parfaitement adapt\u00e9. B\u00e9n\u00e9ficiez d&rsquo;une soumission simplifi\u00e9e de formulaires PDF WPForms et profitez de la simplicit\u00e9 des pi\u00e8ces jointes aux e-mails. Que vous g\u00e9n\u00e9riez des factures ou des confirmations PDF WPForms, la meilleure solution PDF WPForms garantit efficacit\u00e9 et pr\u00e9cision. Acc\u00e9dez \u00e0 des possibilit\u00e9s infinies gr\u00e2ce \u00e0 la documentation et aux tutoriels PDF complets de WPForms.<\/p>\n","protected":false},"featured_media":0,"comment_status":"open","ping_status":"open","template":"","meta":[],"product_brand":[2724],"product_cat":[1189,1181,1186],"product_tag":[1415],"class_list":{"0":"post-148231","1":"product","2":"type-product","3":"status-publish","5":"product_brand-wp-forms","6":"product_cat-personnalisation","7":"product_cat-plugins","8":"product_cat-wordpress-plugins","9":"product_tag-wp-forms","10":"member-discount","11":"discount-restricted","13":"first","14":"instock","15":"sale","16":"downloadable","17":"virtual","18":"sold-individually","19":"purchasable","20":"product-type-simple"},"_links":{"self":[{"href":"https:\/\/gpl-love.com\/fr\/wp-json\/wp\/v2\/product\/148231","targetHints":{"allow":["GET"]}}],"collection":[{"href":"https:\/\/gpl-love.com\/fr\/wp-json\/wp\/v2\/product"}],"about":[{"href":"https:\/\/gpl-love.com\/fr\/wp-json\/wp\/v2\/types\/product"}],"replies":[{"embeddable":true,"href":"https:\/\/gpl-love.com\/fr\/wp-json\/wp\/v2\/comments?post=148231"}],"wp:attachment":[{"href":"https:\/\/gpl-love.com\/fr\/wp-json\/wp\/v2\/media?parent=148231"}],"wp:term":[{"taxonomy":"product_brand","embeddable":true,"href":"https:\/\/gpl-love.com\/fr\/wp-json\/wp\/v2\/product_brand?post=148231"},{"taxonomy":"product_cat","embeddable":true,"href":"https:\/\/gpl-love.com\/fr\/wp-json\/wp\/v2\/product_cat?post=148231"},{"taxonomy":"product_tag","embeddable":true,"href":"https:\/\/gpl-love.com\/fr\/wp-json\/wp\/v2\/product_tag?post=148231"}],"curies":[{"name":"wp","href":"https:\/\/api.w.org\/{rel}","templated":true}]}}