{"id":148230,"date":"2026-02-06T00:00:00","date_gmt":"2026-02-05T23:00:00","guid":{"rendered":"https:\/\/gpl-love.com\/fr\/produit\/wpforms-google-drive\/"},"modified":"2026-03-21T00:09:37","modified_gmt":"2026-03-20T23:09:37","slug":"wpforms-google-drive","status":"publish","type":"product","link":"https:\/\/gpl-love.com\/fr\/produit\/wpforms-google-drive\/","title":{"rendered":"WPForms Google Drive 1.3.0"},"content":{"rendered":"<h3>WPForms Google Drive Traits<\/h3>\n<p>Simplifiez l&rsquo;envoi de vos formulaires gr\u00e2ce \u00e0 l&rsquo;int\u00e9gration WPForms Google Drive. Con\u00e7ue pour une connectivit\u00e9 fluide, cette puissante extension WPForms Google Drive permet aux utilisateurs de connecter WPForms \u00e0 Google Drive en quelques clics. Profitez de la simplicit\u00e9 du t\u00e9l\u00e9chargement de vos formulaires WPForms sur Google Drive\u00a0: toutes les donn\u00e9es de vos formulaires sont stock\u00e9es en toute s\u00e9curit\u00e9 et facilement accessibles.<\/p>\n<p>D\u00e9couvrez les avantages de l&rsquo;automatisation WPForms Google Drive, qui am\u00e9liore la productivit\u00e9 en enregistrant automatiquement vos fichiers sur votre Google Drive. Utiliser WPForms avec Google Drive transforme le stockage de vos fichiers en permettant une gestion et une organisation efficaces. Le guide d&rsquo;installation WPForms Google Drive explique clairement comment lier WPForms \u00e0 Google Drive, permettant m\u00eame aux d\u00e9butants de d\u00e9marrer rapidement.<\/p>\n<p>Pour ceux qui souhaitent optimiser leur flux de travail, le tutoriel WPForms Google Drive propose des instructions \u00e9tape par \u00e9tape pour une int\u00e9gration fluide. Gr\u00e2ce \u00e0 la synchronisation WPForms Google Drive, les fichiers sont mis \u00e0 jour en temps r\u00e9el, garantissant ainsi la coh\u00e9rence entre les plateformes. Ayez l&rsquo;esprit tranquille gr\u00e2ce \u00e0 la sauvegarde WPForms Google Drive, qui prot\u00e8ge vos donn\u00e9es pr\u00e9cieuses contre la perte.<\/p>\n<p>Test\u00e9 pour la compatibilit\u00e9 WPForms Google Drive,<\/p>\n<ul>\n<li>Int\u00e9gration fluide entre WPForms et Google Drive pour une gestion simplifi\u00e9e des fichiers<\/li>\n<li>Enregistrement automatique des formulaires soumis directement sur Google Drive<\/li>\n<li>Simplification de l&rsquo;organisation gr\u00e2ce au classement des fichiers dans des dossiers d\u00e9di\u00e9s<\/li>\n<li>Prise en charge de diff\u00e9rents types de fichiers, notamment les documents, les images et les vid\u00e9os<\/li>\n<li>S\u00e9curit\u00e9 des donn\u00e9es renforc\u00e9e gr\u00e2ce au chiffrement robuste de Google Drive<\/li>\n<li>Facilitation de la collaboration gr\u00e2ce au partage simplifi\u00e9 des donn\u00e9es des formulaires<\/li>\n<li>R\u00e9duction de la saisie manuelle des donn\u00e9es gr\u00e2ce au t\u00e9l\u00e9chargement automatis\u00e9 des fichiers<\/li>\n<li>Simplification du flux de travail gr\u00e2ce \u00e0 la synchronisation des donn\u00e9es des formulaires en temps r\u00e9el<\/li>\n<li>Configuration intuitive sans codage<\/li>\n<li>Compatible avec divers th\u00e8mes et extensions WordPress<\/li>\n<\/ul>\n","protected":false},"excerpt":{"rendered":"<p>Optimisez la gestion de vos documents sans effort gr\u00e2ce \u00e0 l&rsquo;int\u00e9gration WPForms avec Google Drive, un outil puissant con\u00e7u pour am\u00e9liorer votre productivit\u00e9. Connectez facilement WPForms \u00e0 Google Drive pour automatiser votre flux de travail et garantir un stockage fluide des fichiers. Gr\u00e2ce \u00e0 l&rsquo;extension WPForms pour Google Drive, les utilisateurs peuvent importer directement leurs documents sur Google Drive et profiter de sauvegardes automatis\u00e9es et d&rsquo;un stockage s\u00e9curis\u00e9. D\u00e9couvrez comment lier WPForms \u00e0 Google Drive gr\u00e2ce \u00e0 un guide d&rsquo;installation intuitif et un tutoriel, pour une synchronisation et une compatibilit\u00e9 fluides. Optimisez votre efficacit\u00e9 en utilisant WPForms avec Google Drive et cr\u00e9ez un flux de travail performant qui vous fera gagner du temps et des ressources.<\/p>\n","protected":false},"featured_media":0,"comment_status":"open","ping_status":"open","template":"","meta":[],"product_brand":[2724],"product_cat":[1189,1181,1186],"product_tag":[1415],"class_list":{"0":"post-148230","1":"product","2":"type-product","3":"status-publish","5":"product_brand-wp-forms","6":"product_cat-personnalisation","7":"product_cat-plugins","8":"product_cat-wordpress-plugins","9":"product_tag-wp-forms","10":"member-discount","11":"discount-restricted","13":"first","14":"instock","15":"sale","16":"downloadable","17":"virtual","18":"sold-individually","19":"purchasable","20":"product-type-simple"},"_links":{"self":[{"href":"https:\/\/gpl-love.com\/fr\/wp-json\/wp\/v2\/product\/148230","targetHints":{"allow":["GET"]}}],"collection":[{"href":"https:\/\/gpl-love.com\/fr\/wp-json\/wp\/v2\/product"}],"about":[{"href":"https:\/\/gpl-love.com\/fr\/wp-json\/wp\/v2\/types\/product"}],"replies":[{"embeddable":true,"href":"https:\/\/gpl-love.com\/fr\/wp-json\/wp\/v2\/comments?post=148230"}],"wp:attachment":[{"href":"https:\/\/gpl-love.com\/fr\/wp-json\/wp\/v2\/media?parent=148230"}],"wp:term":[{"taxonomy":"product_brand","embeddable":true,"href":"https:\/\/gpl-love.com\/fr\/wp-json\/wp\/v2\/product_brand?post=148230"},{"taxonomy":"product_cat","embeddable":true,"href":"https:\/\/gpl-love.com\/fr\/wp-json\/wp\/v2\/product_cat?post=148230"},{"taxonomy":"product_tag","embeddable":true,"href":"https:\/\/gpl-love.com\/fr\/wp-json\/wp\/v2\/product_tag?post=148230"}],"curies":[{"name":"wp","href":"https:\/\/api.w.org\/{rel}","templated":true}]}}