{"id":148223,"date":"2026-04-22T00:00:00","date_gmt":"2026-04-21T22:00:00","guid":{"rendered":"https:\/\/gpl-love.com\/fr\/produit\/security-ninja\/"},"modified":"2026-04-23T00:31:40","modified_gmt":"2026-04-22T22:31:40","slug":"security-ninja","status":"publish","type":"product","link":"https:\/\/gpl-love.com\/fr\/produit\/security-ninja\/","title":{"rendered":"Security Ninja 5.278"},"content":{"rendered":"<h3>Security Ninja Traits<\/h3>\n<p>Vous cherchez \u00e0 s\u00e9curiser un site WordPress\u00a0? L&rsquo;extension Security Ninja pour WordPress offre une solution compl\u00e8te. Meilleure extension de s\u00e9curit\u00e9 pour les sites WordPress, elle offre des solutions de s\u00e9curit\u00e9 WordPress performantes pour une tranquillit\u00e9 d&rsquo;esprit totale. D\u00e9couvrez comment s\u00e9curiser un site WordPress avec Security Ninja gr\u00e2ce \u00e0 ses fonctionnalit\u00e9s et avantages performants.<\/p>\n<p>L&rsquo;analyseur de malware et le pare-feu Security Ninja luttent sans rel\u00e2che contre les menaces et prot\u00e8gent votre site des pirates informatiques. Les avis et t\u00e9moignages positifs sur Security Ninja soulignent son efficacit\u00e9 et sa facilit\u00e9 d&rsquo;utilisation, ce qui en fait un choix de premier ordre. L&rsquo;installation de Security Ninja sur WordPress est simple, gr\u00e2ce \u00e0 un guide d&rsquo;installation et de configuration qui simplifie le processus.<\/p>\n<p>D\u00e9couvrez les tarifs et les offres Security Ninja pour trouver l&rsquo;option qui correspond \u00e0 vos besoins. Vous vous demandez si Security Ninja est adapt\u00e9 \u00e0 vos sites WordPress\u00a0? Ses fonctionnalit\u00e9s exceptionnelles et sa protection sup\u00e9rieure parlent d&rsquo;elles-m\u00eames, surpassant souvent les autres extensions de s\u00e9curit\u00e9 du march\u00e9. En cas de probl\u00e8me, le d\u00e9pannage et l&rsquo;assistance de Security Ninja sont disponibles pour vous aider.<\/p>\n<p>Prot\u00e9ger WordPress des pirates informatiques avec Security Ninja est aussi simple que<\/p>\n<ul>\n<li>Analyse de s\u00e9curit\u00e9 compl\u00e8te des sites web<\/li>\n<li>Identifie les vuln\u00e9rabilit\u00e9s et les menaces potentielles<\/li>\n<li>Interface conviviale pour une navigation simplifi\u00e9e<\/li>\n<li>Surveillance en temps r\u00e9el et alertes en cas d&rsquo;activit\u00e9 suspecte<\/li>\n<li>Mises \u00e0 jour r\u00e9guli\u00e8res pour g\u00e9rer les risques de s\u00e9curit\u00e9 \u00e9mergents<\/li>\n<li>Param\u00e8tres personnalisables pour une protection sur mesure<\/li>\n<li>Compatible avec divers syst\u00e8mes et plateformes web<\/li>\n<li>Rapports d\u00e9taill\u00e9s pour une meilleure compr\u00e9hension de l&rsquo;\u00e9tat de s\u00e9curit\u00e9<\/li>\n<li>Conception l\u00e9g\u00e8re pour minimiser l&rsquo;impact sur les performances du site web<\/li>\n<li>Assistance 24h\/24 et 7j\/7 pour une assistance et un d\u00e9pannage rapides<\/li>\n<\/ul>\n","protected":false},"excerpt":{"rendered":"<p>Am\u00e9liorez la protection de votre site WordPress avec l&rsquo;extension Security Ninja pour WordPress, reconnue comme la meilleure extension de s\u00e9curit\u00e9 pour les sites WordPress. D\u00e9couvrez comment s\u00e9curiser votre site WordPress gr\u00e2ce aux solutions de s\u00e9curit\u00e9 compl\u00e8tes de Security Ninja. B\u00e9n\u00e9ficiez de fonctionnalit\u00e9s telles que l&rsquo;analyse anti-malware Security Ninja et une protection pare-feu robuste. Les avis et t\u00e9moignages positifs sur Security Ninja soulignent sa fiabilit\u00e9. Installez facilement Security Ninja sur WordPress gr\u00e2ce \u00e0 un guide d&rsquo;installation et de configuration intuitif. D\u00e9couvrez les tarifs et les offres Security Ninja adapt\u00e9s \u00e0 vos besoins. Avec son efficacit\u00e9 prouv\u00e9e, Security Ninja est id\u00e9al pour les sites WordPress, offrant une protection sup\u00e9rieure contre les pirates informatiques par rapport aux autres extensions de s\u00e9curit\u00e9. Ayez l&rsquo;esprit tranquille gr\u00e2ce au d\u00e9pannage et \u00e0 l&rsquo;assistance Security Ninja d\u00e9di\u00e9s.<\/p>\n","protected":false},"featured_media":0,"comment_status":"open","ping_status":"open","template":"","meta":[],"product_brand":[2860],"product_cat":[1187,1181,1186],"product_tag":[2861],"class_list":{"0":"post-148223","1":"product","2":"type-product","3":"status-publish","5":"product_brand-security-ninja","6":"product_cat-administration-wordpress-plugins","7":"product_cat-plugins","8":"product_cat-wordpress-plugins","9":"product_tag-security-ninja","10":"member-discount","11":"discount-restricted","13":"first","14":"instock","15":"sale","16":"downloadable","17":"virtual","18":"sold-individually","19":"purchasable","20":"product-type-simple"},"_links":{"self":[{"href":"https:\/\/gpl-love.com\/fr\/wp-json\/wp\/v2\/product\/148223","targetHints":{"allow":["GET"]}}],"collection":[{"href":"https:\/\/gpl-love.com\/fr\/wp-json\/wp\/v2\/product"}],"about":[{"href":"https:\/\/gpl-love.com\/fr\/wp-json\/wp\/v2\/types\/product"}],"replies":[{"embeddable":true,"href":"https:\/\/gpl-love.com\/fr\/wp-json\/wp\/v2\/comments?post=148223"}],"wp:attachment":[{"href":"https:\/\/gpl-love.com\/fr\/wp-json\/wp\/v2\/media?parent=148223"}],"wp:term":[{"taxonomy":"product_brand","embeddable":true,"href":"https:\/\/gpl-love.com\/fr\/wp-json\/wp\/v2\/product_brand?post=148223"},{"taxonomy":"product_cat","embeddable":true,"href":"https:\/\/gpl-love.com\/fr\/wp-json\/wp\/v2\/product_cat?post=148223"},{"taxonomy":"product_tag","embeddable":true,"href":"https:\/\/gpl-love.com\/fr\/wp-json\/wp\/v2\/product_tag?post=148223"}],"curies":[{"name":"wp","href":"https:\/\/api.w.org\/{rel}","templated":true}]}}