{"id":148216,"date":"2026-01-23T00:00:00","date_gmt":"2026-01-22T23:00:00","guid":{"rendered":"https:\/\/gpl-love.com\/fr\/produit\/konstruktion-construction-and-architecture-theme\/"},"modified":"2026-03-21T00:09:00","modified_gmt":"2026-03-20T23:09:00","slug":"konstruktion-construction-and-architecture-theme","status":"publish","type":"product","link":"https:\/\/gpl-love.com\/fr\/produit\/konstruktion-construction-and-architecture-theme\/","title":{"rendered":"Konstruktion Construction et Architecture Theme 27.0"},"content":{"rendered":"<h3>Konstruktion Construction et Architecture Theme Traits<\/h3>\n<p>\u00c0 la recherche de services de construction et d&rsquo;architecture exceptionnels\u00a0? D\u00e9couvrez ce qui distingue Konstruktion Construction and Architecture. Reconnue comme la meilleure entreprise de construction et d&rsquo;architecture, elle propose des solutions abordables sans compromis sur la qualit\u00e9. Adoptez des pratiques d&rsquo;architecture et de construction durables qui non seulement respectent l&rsquo;environnement, mais r\u00e9duisent \u00e9galement les co\u00fbts \u00e0 long terme.<\/p>\n<p>Chaque projet est unique, et les conceptions de construction et d&rsquo;architecture sur mesure refl\u00e8tent avec pr\u00e9cision les visions individuelles. Plongez dans des techniques d&rsquo;architecture et de construction innovantes qui repoussent les limites du design moderne. Gr\u00e2ce \u00e0 une gestion de projet de premier ordre, chaque d\u00e9tail est trait\u00e9 avec aisance du d\u00e9but \u00e0 la fin, pour une tranquillit\u00e9 d&rsquo;esprit garantie.<\/p>\n<p>Dans un secteur en constante \u00e9volution, il est crucial de se tenir au courant des tendances modernes en mati\u00e8re de construction et d&rsquo;architecture. Des services de consultation d&rsquo;experts offrent des conseils et des analyses adapt\u00e9s aux besoins de chaque projet. Qu&rsquo;il s&rsquo;agisse d&rsquo;une construction neuve ou d&rsquo;une r\u00e9novation, attendez-vous \u00e0 un savoir-faire \u00e0 l&rsquo;\u00e9preuve du temps.<\/p>\n<p>Choisissez une entreprise engag\u00e9e dans l&rsquo;excellence dans tous les aspects de la construction et de l&rsquo;architecture. D\u00e9couvrez un m\u00e9lange de cr\u00e9ativit\u00e9, d&rsquo;efficacit\u00e9 et de durabilit\u00e9 avec Konstruktion Construction and Architecture. Transformez vos visions en r\u00e9alit\u00e9 avec une \u00e9quipe.<\/p>\n<ul>\n<li>Guide complet des principes de construction et de conception architecturale<\/li>\n<li><\/li>\n<li>Aper\u00e7u des techniques et mat\u00e9riaux de construction modernes<\/li>\n<li><\/li>\n<li>Analyse approfondie des styles et de l&rsquo;histoire de l&rsquo;architecture<\/li>\n<li><\/li>\n<li>Conseils pratiques pour une construction durable et \u00e9cologique<\/li>\n<li><\/li>\n<li>Illustrations et sch\u00e9mas d\u00e9taill\u00e9s pour une meilleure compr\u00e9hension<\/li>\n<li><\/li>\n<li>Instructions \u00e9tape par \u00e9tape pour la planification et la r\u00e9alisation de projets<\/li>\n<li><\/li>\n<li>Conseils d&rsquo;experts sur la conformit\u00e9 r\u00e9glementaire et les normes de s\u00e9curit\u00e9<\/li>\n<li><\/li>\n<li>Aper\u00e7u des technologies innovantes du secteur de la construction<\/li>\n<li><\/li>\n<li>Strat\u00e9gies pour une gestion de projet rentable<\/li>\n<li><\/li>\n<li>Ressource essentielle pour les \u00e9tudiants, les professionnels et les passionn\u00e9s du secteur<\/li>\n<\/ul>\n","protected":false},"excerpt":{"rendered":"<p>D\u00e9couvrez l&rsquo;avenir de la construction avec Konstruktion Construction and Architecture. Reconnue comme une agence de construction et d&rsquo;architecture de premier ordre, elle propose des techniques d&rsquo;architecture et de construction innovantes, adapt\u00e9es aux tendances modernes en mati\u00e8re de construction et d&rsquo;architecture. Son expertise en architecture et en pratiques de construction durables garantit des solutions de construction et d&rsquo;architecture \u00e9cologiques et abordables. Gr\u00e2ce \u00e0 des conceptions sur mesure, les clients b\u00e9n\u00e9ficient d&rsquo;espaces uniques et personnalis\u00e9s. Son expertise en gestion de projets de construction et d&rsquo;architecture garantit une ex\u00e9cution fluide du d\u00e9but \u00e0 la fin. Offrant des services complets de conseil en construction et en architecture, elle accompagne ses clients \u00e0 chaque \u00e9tape. D\u00e9couvrez la meilleure entreprise de construction et d&rsquo;architecture, d\u00e9di\u00e9e \u00e0 la concr\u00e9tisation de vos projets.<\/p>\n","protected":false},"featured_media":0,"comment_status":"open","ping_status":"open","template":"","meta":[],"product_brand":[2433],"product_cat":[1516,1212,1213],"product_tag":[1366],"class_list":{"0":"post-148216","1":"product","2":"type-product","3":"status-publish","5":"product_brand-themeforest","6":"product_cat-entreprise","7":"product_cat-themes","8":"product_cat-wordpress-themes","9":"product_tag-themeforest","10":"member-discount","11":"discount-restricted","13":"first","14":"instock","15":"sale","16":"downloadable","17":"virtual","18":"sold-individually","19":"purchasable","20":"product-type-simple"},"_links":{"self":[{"href":"https:\/\/gpl-love.com\/fr\/wp-json\/wp\/v2\/product\/148216","targetHints":{"allow":["GET"]}}],"collection":[{"href":"https:\/\/gpl-love.com\/fr\/wp-json\/wp\/v2\/product"}],"about":[{"href":"https:\/\/gpl-love.com\/fr\/wp-json\/wp\/v2\/types\/product"}],"replies":[{"embeddable":true,"href":"https:\/\/gpl-love.com\/fr\/wp-json\/wp\/v2\/comments?post=148216"}],"wp:attachment":[{"href":"https:\/\/gpl-love.com\/fr\/wp-json\/wp\/v2\/media?parent=148216"}],"wp:term":[{"taxonomy":"product_brand","embeddable":true,"href":"https:\/\/gpl-love.com\/fr\/wp-json\/wp\/v2\/product_brand?post=148216"},{"taxonomy":"product_cat","embeddable":true,"href":"https:\/\/gpl-love.com\/fr\/wp-json\/wp\/v2\/product_cat?post=148216"},{"taxonomy":"product_tag","embeddable":true,"href":"https:\/\/gpl-love.com\/fr\/wp-json\/wp\/v2\/product_tag?post=148216"}],"curies":[{"name":"wp","href":"https:\/\/api.w.org\/{rel}","templated":true}]}}