{"id":148209,"date":"2025-10-17T00:00:00","date_gmt":"2025-10-16T22:00:00","guid":{"rendered":"https:\/\/gpl-love.com\/fr\/produit\/pricing-table-addon-for-elementor\/"},"modified":"2026-03-21T00:08:42","modified_gmt":"2026-03-20T23:08:42","slug":"pricing-table-addon-for-elementor","status":"publish","type":"product","link":"https:\/\/gpl-love.com\/fr\/produit\/pricing-table-addon-for-elementor\/","title":{"rendered":"Pricing Table addon pour elementor 1.4"},"content":{"rendered":"<h3>Pricing Table addon pour elementor Traits<\/h3>\n<p>D\u00e9couvrez la solution id\u00e9ale pour cr\u00e9er de superbes tableaux de prix gr\u00e2ce \u00e0 l&rsquo;extension avanc\u00e9e Pricing Table pour Elementor. Id\u00e9al pour les utilisateurs \u00e0 la recherche de la meilleure extension pour Elementor, cet outil allie parfaitement fonctionnalit\u00e9 et style. Facilement accessible via le t\u00e9l\u00e9chargement de l&rsquo;extension, il fournit tout le n\u00e9cessaire pour pr\u00e9senter efficacement les options de prix.<\/p>\n<p>Envie de savoir comment utiliser l&rsquo;extension Pricing Table dans Elementor\u00a0? Un tutoriel d\u00e9taill\u00e9 simplifie le processus, guidant les utilisateurs de l&rsquo;installation \u00e0 la personnalisation. Le guide d&rsquo;installation garantit une configuration simple, tandis que les options de personnalisation permettent une touche personnelle, notamment un design adaptatif et l&rsquo;ajout d&rsquo;ic\u00f4nes.<\/p>\n<p>Pour ceux qui \u00e9valuent les diff\u00e9rentes options, un comparatif des extensions Pricing Table pour Elementor met en avant ses fonctionnalit\u00e9s sup\u00e9rieures et sa flexibilit\u00e9. Les avis le consid\u00e8rent souvent comme la meilleure extension pour Elementor, notamment pour son interface conviviale et ses fonctionnalit\u00e9s performantes. Que vous exploriez le t\u00e9l\u00e9chargement gratuit de l&rsquo;extension Pricing Table pour Elementor ou que vous d\u00e9couvriez ses fonctionnalit\u00e9s avanc\u00e9es, cet outil transforme des donn\u00e9es complexes en affichages visuellement attrayants. B\u00e9n\u00e9ficiez d&rsquo;avantages exceptionnels<\/p>\n<ul>\n<li>Int\u00e9gration transparente avec Elementor pour des am\u00e9liorations de site web faciles<\/li>\n<li>Tableaux de prix personnalisables pour s&rsquo;adapter \u00e0 tous les designs de site web<\/li>\n<li>Interface conviviale pour une configuration rapide et intuitive<\/li>\n<li>Conception responsive pour des tableaux parfaitement adapt\u00e9s \u00e0 tous les appareils<\/li>\n<li>Nombreuses options de mise en page pour s&rsquo;adapter \u00e0 diff\u00e9rentes strat\u00e9gies de tarification<\/li>\n<li>Prise en charge de plusieurs devises pour les entreprises internationales<\/li>\n<li>Options de style avanc\u00e9es pour une apparence unique et professionnelle<\/li>\n<li>Prise en charge du contenu dynamique pour des mises \u00e0 jour et des modifications en temps r\u00e9el<\/li>\n<li>L\u00e9ger et optimis\u00e9 pour des temps de chargement rapides<\/li>\n<li>Mises \u00e0 jour et assistance r\u00e9guli\u00e8res pour une compatibilit\u00e9 et des performances continues<\/li>\n<\/ul>\n","protected":false},"excerpt":{"rendered":"<p>D\u00e9couvrez la solution ultime pour cr\u00e9er des tableaux de prix performants et fonctionnels avec l&rsquo;extension Pricing Table pour Elementor. Reconnue comme la meilleure extension pour Elementor, cet outil offre une int\u00e9gration fluide et une personnalisation in\u00e9gal\u00e9e. D\u00e9couvrez ses fonctionnalit\u00e9s gr\u00e2ce au tutoriel sur l&rsquo;extension Pricing Table pour Elementor et apprenez \u00e0 l&rsquo;utiliser pour un impact maximal. Du design adaptatif aux options de personnalisation avanc\u00e9es, cette extension offre tout le n\u00e9cessaire pour optimiser n&rsquo;importe quel site web. Comparez les meilleures extensions pour tableaux de prix pour Elementor et t\u00e9l\u00e9chargez-la pour d\u00e9couvrir des possibilit\u00e9s de conception innovantes. Pour une installation facile, consultez le guide d&rsquo;installation de l&rsquo;extension Pricing Table pour Elementor.<\/p>\n","protected":false},"featured_media":0,"comment_status":"open","ping_status":"open","template":"","meta":[],"product_brand":[2433],"product_cat":[1189,1181,1186],"product_tag":[1366],"class_list":{"0":"post-148209","1":"product","2":"type-product","3":"status-publish","5":"product_brand-themeforest","6":"product_cat-personnalisation","7":"product_cat-plugins","8":"product_cat-wordpress-plugins","9":"product_tag-themeforest","10":"member-discount","11":"discount-restricted","13":"first","14":"instock","15":"sale","16":"downloadable","17":"virtual","18":"sold-individually","19":"purchasable","20":"product-type-simple"},"_links":{"self":[{"href":"https:\/\/gpl-love.com\/fr\/wp-json\/wp\/v2\/product\/148209","targetHints":{"allow":["GET"]}}],"collection":[{"href":"https:\/\/gpl-love.com\/fr\/wp-json\/wp\/v2\/product"}],"about":[{"href":"https:\/\/gpl-love.com\/fr\/wp-json\/wp\/v2\/types\/product"}],"replies":[{"embeddable":true,"href":"https:\/\/gpl-love.com\/fr\/wp-json\/wp\/v2\/comments?post=148209"}],"wp:attachment":[{"href":"https:\/\/gpl-love.com\/fr\/wp-json\/wp\/v2\/media?parent=148209"}],"wp:term":[{"taxonomy":"product_brand","embeddable":true,"href":"https:\/\/gpl-love.com\/fr\/wp-json\/wp\/v2\/product_brand?post=148209"},{"taxonomy":"product_cat","embeddable":true,"href":"https:\/\/gpl-love.com\/fr\/wp-json\/wp\/v2\/product_cat?post=148209"},{"taxonomy":"product_tag","embeddable":true,"href":"https:\/\/gpl-love.com\/fr\/wp-json\/wp\/v2\/product_tag?post=148209"}],"curies":[{"name":"wp","href":"https:\/\/api.w.org\/{rel}","templated":true}]}}