{"id":148207,"date":"2025-10-17T00:00:00","date_gmt":"2025-10-16T22:00:00","guid":{"rendered":"https:\/\/gpl-love.com\/fr\/produit\/active-analytics\/"},"modified":"2026-03-21T00:08:37","modified_gmt":"2026-03-20T23:08:37","slug":"active-analytics","status":"publish","type":"product","link":"https:\/\/gpl-love.com\/fr\/produit\/active-analytics\/","title":{"rendered":"Active Analytics 2.9.1"},"content":{"rendered":"<h3>Active Analytics Traits<\/h3>\n<p>Exploitez la puissance des donn\u00e9es avec les solutions logicielles Active Analytics, con\u00e7ues pour optimiser la business intelligence en toute simplicit\u00e9. Ce logiciel de pointe offre des outils performants de visualisation des donn\u00e9es, permettant aux entreprises de transformer des donn\u00e9es complexes en informations claires et exploitables. D\u00e9couvrez des services d&rsquo;int\u00e9gration fluides qui garantissent l&rsquo;harmonie d&rsquo;Active Analytics avec les syst\u00e8mes existants, am\u00e9liorant ainsi la productivit\u00e9 sans interruption.<\/p>\n<p>Envie d&rsquo;utiliser efficacement Active Analytics\u00a0? Des formations compl\u00e8tes sont disponibles pour doter les utilisateurs des comp\u00e9tences n\u00e9cessaires pour optimiser son potentiel. Consultez les avis utilisateurs pour d\u00e9couvrir des t\u00e9moignages d&rsquo;efficacit\u00e9 et de croissance, et explorez les meilleures alternatives \u00e0 Active Analytics afin de trouver la solution id\u00e9ale pour chaque organisation.<\/p>\n<p>Les petites entreprises, en particulier, peuvent b\u00e9n\u00e9ficier de formules tarifaires sur mesure, facilitant la comparaison des prix d&rsquo;Active Analytics et le choix de l&rsquo;option la plus adapt\u00e9e. Les fonctionnalit\u00e9s avanc\u00e9es du tableau de bord offrent des vues personnalisables, vous permettant de consulter facilement les indicateurs cl\u00e9s.<\/p>\n<p>Le support client d&rsquo;Active Analytics est toujours pr\u00eat \u00e0 vous aider, vous garantissant une exp\u00e9rience fluide \u00e0 chaque \u00e9tape. Que vous achetiez Active Analytics pour la premi\u00e8re fois ou que vous cherchiez \u00e0 optimiser vos fonctionnalit\u00e9s existantes, d\u00e9couvrez les avantages d&rsquo;Active Analytics.<\/p>\n<ul>\n<li>Suivi des donn\u00e9es en temps r\u00e9el pour des analyses imm\u00e9diates<\/li>\n<li>Tableaux de bord personnalisables pour visualiser les indicateurs cl\u00e9s<\/li>\n<li>Interface conviviale pour une navigation simplifi\u00e9e<\/li>\n<li>Analyses pr\u00e9dictives avanc\u00e9es pour la pr\u00e9vision des tendances<\/li>\n<li>Int\u00e9gration transparente aux sources de donn\u00e9es existantes<\/li>\n<li>Rapports automatis\u00e9s pour un gain de temps et de ressources<\/li>\n<li>Solution \u00e9volutive pour s&rsquo;adapter aux besoins de l&rsquo;entreprise<\/li>\n<li>Traitement s\u00e9curis\u00e9 des donn\u00e9es pour garantir la confidentialit\u00e9 et la conformit\u00e9<\/li>\n<li>Exploration interactive des donn\u00e9es pour une analyse approfondie<\/li>\n<li>Fonctionnalit\u00e9s de collaboration intuitives pour une efficacit\u00e9 optimale des \u00e9quipes<\/li>\n<\/ul>\n","protected":false},"excerpt":{"rendered":"<p>Exploitez tout le potentiel de vos donn\u00e9es gr\u00e2ce aux solutions logicielles Active Analytics. Con\u00e7ue pour les entreprises de toutes tailles, cette suite performante offre des outils de business intelligence de pointe, permettant aux utilisateurs d&rsquo;int\u00e9grer et de visualiser leurs donn\u00e9es en toute fluidit\u00e9. D\u00e9couvrez comment utiliser efficacement Active Analytics gr\u00e2ce \u00e0 des formations compl\u00e8tes et un support client d\u00e9di\u00e9. D\u00e9couvrez les avantages d&rsquo;Active Analytics pour les entreprises, notamment des tableaux de bord intuitifs et des formules tarifaires flexibles. Comparez les tarifs d&rsquo;Active Analytics et trouvez les meilleures alternatives adapt\u00e9es \u00e0 vos besoins. Gr\u00e2ce \u00e0 d&rsquo;excellents avis clients et \u00e0 des services d&rsquo;int\u00e9gration performants, Active Analytics se distingue comme un outil transformateur pour une prise de d\u00e9cision \u00e9clair\u00e9e et une croissance optimale.<\/p>\n","protected":false},"featured_media":0,"comment_status":"open","ping_status":"open","template":"","meta":[],"product_brand":[2433],"product_cat":[1200,1182,1181],"product_tag":[1366],"class_list":{"0":"post-148207","1":"product","2":"type-product","3":"status-publish","5":"product_brand-themeforest","6":"product_cat-commercialisation","7":"product_cat-commerce-electronique-plugins","8":"product_cat-plugins","9":"product_tag-themeforest","10":"member-discount","11":"discount-restricted","13":"first","14":"instock","15":"sale","16":"downloadable","17":"virtual","18":"sold-individually","19":"purchasable","20":"product-type-simple"},"_links":{"self":[{"href":"https:\/\/gpl-love.com\/fr\/wp-json\/wp\/v2\/product\/148207","targetHints":{"allow":["GET"]}}],"collection":[{"href":"https:\/\/gpl-love.com\/fr\/wp-json\/wp\/v2\/product"}],"about":[{"href":"https:\/\/gpl-love.com\/fr\/wp-json\/wp\/v2\/types\/product"}],"replies":[{"embeddable":true,"href":"https:\/\/gpl-love.com\/fr\/wp-json\/wp\/v2\/comments?post=148207"}],"wp:attachment":[{"href":"https:\/\/gpl-love.com\/fr\/wp-json\/wp\/v2\/media?parent=148207"}],"wp:term":[{"taxonomy":"product_brand","embeddable":true,"href":"https:\/\/gpl-love.com\/fr\/wp-json\/wp\/v2\/product_brand?post=148207"},{"taxonomy":"product_cat","embeddable":true,"href":"https:\/\/gpl-love.com\/fr\/wp-json\/wp\/v2\/product_cat?post=148207"},{"taxonomy":"product_tag","embeddable":true,"href":"https:\/\/gpl-love.com\/fr\/wp-json\/wp\/v2\/product_tag?post=148207"}],"curies":[{"name":"wp","href":"https:\/\/api.w.org\/{rel}","templated":true}]}}