{"id":148199,"date":"2025-12-15T00:00:00","date_gmt":"2025-12-14T23:00:00","guid":{"rendered":"https:\/\/gpl-love.com\/fr\/produit\/morz-transport-cargo-logistics-truck-wordpress\/"},"modified":"2026-03-21T00:08:16","modified_gmt":"2026-03-20T23:08:16","slug":"morz-transport-cargo-logistics-truck-wordpress","status":"publish","type":"product","link":"https:\/\/gpl-love.com\/fr\/produit\/morz-transport-cargo-logistics-truck-wordpress\/","title":{"rendered":"Morz Transport Cargo Logistics Truck WordPress 37.0"},"content":{"rendered":"<h3>Morz Transport Cargo Logistics Truck WordPress Traits<\/h3>\n<p>Vous souhaitez booster votre activit\u00e9 de transport ou de logistique en ligne\u00a0? Le th\u00e8me WordPress Morz Transport Cargo Logistics Truck est la solution id\u00e9ale. Reconnu comme le meilleur th\u00e8me WordPress pour les entreprises de transport et de logistique, il allie fonctionnalit\u00e9 et style. T\u00e9l\u00e9chargez facilement le th\u00e8me WordPress Morz Cargo Logistics pour transformer le site web de votre entreprise de transport en une pr\u00e9sence en ligne attrayante et professionnelle.<\/p>\n<p>Ce mod\u00e8le WordPress pour camion logistique est non seulement esth\u00e9tique, mais aussi tr\u00e8s fonctionnel. Personnalisez votre site selon vos besoins et pr\u00e9f\u00e9rences gr\u00e2ce \u00e0 un th\u00e8me WordPress personnalisable. Son design responsive garantit une excellente pr\u00e9sentation sur tous les appareils, ce qui le rend id\u00e9al pour les entreprises de transport routier \u00e0 la recherche d&rsquo;un site web moderne et optimis\u00e9 pour les mobiles.<\/p>\n<p>Con\u00e7u pour le r\u00e9f\u00e9rencement, le th\u00e8me WordPress Morz pour les sites web d&rsquo;entreprises de logistique est con\u00e7u pour am\u00e9liorer le classement dans les moteurs de recherche et g\u00e9n\u00e9rer davantage de trafic. L&rsquo;achat du th\u00e8me WordPress Morz Transport Logistics vous ouvre les portes d&rsquo;un monde de possibilit\u00e9s en ligne, alliant design et fonctionnalit\u00e9. Ouvrez-vous \u00e0 l&rsquo;avenir.<\/p>\n<ul>\n<li>Th\u00e8me WordPress convivial con\u00e7u pour les entreprises de logistique et de transport.<\/li>\n<li>Design adaptatif pour une visualisation optimale sur tous les appareils.<\/li>\n<li>Mise en page personnalisable pour r\u00e9pondre aux besoins sp\u00e9cifiques de votre marque.<\/li>\n<li>Syst\u00e8me int\u00e9gr\u00e9 de r\u00e9servation et de planification pour des op\u00e9rations optimis\u00e9es.<\/li>\n<li>Optimisation SEO pour une meilleure visibilit\u00e9 sur les moteurs de recherche.<\/li>\n<li>Mod\u00e8les pr\u00e9-configur\u00e9s pour une configuration simple et rapide.<\/li>\n<li>Compatibilit\u00e9 WooCommerce pour des transactions en ligne fluides.<\/li>\n<li>Support multilingue pour une port\u00e9e et une accessibilit\u00e9 mondiales.<\/li>\n<li>Cr\u00e9ation de pages par glisser-d\u00e9poser pour une personnalisation simplifi\u00e9e.<\/li>\n<li>Mises \u00e0 jour r\u00e9guli\u00e8res et support client d\u00e9di\u00e9 pour une tranquillit\u00e9 d&rsquo;esprit optimale.<\/li>\n<\/ul>\n","protected":false},"excerpt":{"rendered":"<p>D\u00e9couvrez le th\u00e8me WordPress Morz Transport Cargo Logistics Truck, la solution id\u00e9ale pour les entreprises de transport et de logistique \u00e0 la recherche d&rsquo;une pr\u00e9sence en ligne moderne et professionnelle. Ce th\u00e8me WordPress haut de gamme offre un design fluide et parfaitement adapt\u00e9 aux sites web WordPress des entreprises de transport, avec des mod\u00e8les personnalisables pour la logistique du fret. Optimisez votre activit\u00e9 avec un th\u00e8me WordPress r\u00e9actif pour le transport, id\u00e9al pour les entreprises de transport routier. Le th\u00e8me WordPress Morz pour les sites web des entreprises de logistique est optimis\u00e9 pour le r\u00e9f\u00e9rencement, garantissant une visibilit\u00e9 et une port\u00e9e optimales. T\u00e9l\u00e9chargez facilement le th\u00e8me WordPress Morz Cargo Logistics pour optimiser votre strat\u00e9gie digitale. D\u00e9couvrez pourquoi il est le meilleur choix pour ceux qui recherchent un th\u00e8me WordPress pour le transport et la logistique.<\/p>\n","protected":false},"featured_media":0,"comment_status":"open","ping_status":"open","template":"","meta":[],"product_brand":[2433],"product_cat":[1516,1212,1213],"product_tag":[1366],"class_list":{"0":"post-148199","1":"product","2":"type-product","3":"status-publish","5":"product_brand-themeforest","6":"product_cat-entreprise","7":"product_cat-themes","8":"product_cat-wordpress-themes","9":"product_tag-themeforest","10":"member-discount","11":"discount-restricted","13":"first","14":"instock","15":"sale","16":"downloadable","17":"virtual","18":"sold-individually","19":"purchasable","20":"product-type-simple"},"_links":{"self":[{"href":"https:\/\/gpl-love.com\/fr\/wp-json\/wp\/v2\/product\/148199","targetHints":{"allow":["GET"]}}],"collection":[{"href":"https:\/\/gpl-love.com\/fr\/wp-json\/wp\/v2\/product"}],"about":[{"href":"https:\/\/gpl-love.com\/fr\/wp-json\/wp\/v2\/types\/product"}],"replies":[{"embeddable":true,"href":"https:\/\/gpl-love.com\/fr\/wp-json\/wp\/v2\/comments?post=148199"}],"wp:attachment":[{"href":"https:\/\/gpl-love.com\/fr\/wp-json\/wp\/v2\/media?parent=148199"}],"wp:term":[{"taxonomy":"product_brand","embeddable":true,"href":"https:\/\/gpl-love.com\/fr\/wp-json\/wp\/v2\/product_brand?post=148199"},{"taxonomy":"product_cat","embeddable":true,"href":"https:\/\/gpl-love.com\/fr\/wp-json\/wp\/v2\/product_cat?post=148199"},{"taxonomy":"product_tag","embeddable":true,"href":"https:\/\/gpl-love.com\/fr\/wp-json\/wp\/v2\/product_tag?post=148199"}],"curies":[{"name":"wp","href":"https:\/\/api.w.org\/{rel}","templated":true}]}}