{"id":148196,"date":"2025-10-13T00:00:00","date_gmt":"2025-10-12T22:00:00","guid":{"rendered":"https:\/\/gpl-love.com\/fr\/produit\/macchina-auto-car-repair-wordpress-theme\/"},"modified":"2026-03-21T00:08:09","modified_gmt":"2026-03-20T23:08:09","slug":"macchina-auto-car-repair-wordpress-theme","status":"publish","type":"product","link":"https:\/\/gpl-love.com\/fr\/produit\/macchina-auto-car-repair-wordpress-theme\/","title":{"rendered":"Macchina Auto Car Repair WordPress Theme 30.0"},"content":{"rendered":"<h3>Macchina Auto Car Repair WordPress Theme Traits<\/h3>\n<p>Vous cherchez le meilleur th\u00e8me WordPress pour les ateliers de r\u00e9paration automobile\u00a0? D\u00e9couvrez le th\u00e8me WordPress Macchina Auto Car Repair, sp\u00e9cialement con\u00e7u pour les m\u00e9caniciens et les services automobiles. Ce th\u00e8me WordPress responsive allie design \u00e9l\u00e9gant et fonctionnalit\u00e9s performantes. Consultez la d\u00e9mo du th\u00e8me WordPress Macchina Auto Car Repair pour le voir en action et comprendre son potentiel pour transformer n&rsquo;importe quel site web automobile.<\/p>\n<p>Facilement personnalisable, le th\u00e8me WordPress Macchina Auto Car Repair propose un tutoriel complet et un guide d&rsquo;installation pour vous aider \u00e0 d\u00e9marrer. Il est id\u00e9al pour pr\u00e9senter vos services, g\u00e9rer vos rendez-vous et mettre en avant les t\u00e9moignages clients. Gr\u00e2ce \u00e0 son optimisation SEO int\u00e9gr\u00e9e, ce th\u00e8me garantit une meilleure visibilit\u00e9 et un meilleur r\u00e9f\u00e9rencement, g\u00e9n\u00e9rant ainsi davantage de trafic vers les ateliers automobiles.<\/p>\n<p>D\u00e9couvrez les fonctionnalit\u00e9s du th\u00e8me WordPress Macchina Auto Car Repair, notamment des options d&rsquo;assistance avanc\u00e9es pour r\u00e9pondre \u00e0 toutes vos questions. Vous souhaitez conna\u00eetre les tarifs du th\u00e8me WordPress Macchina Auto Car Repair\u00a0? Son prix comp\u00e9titif offre un excellent rapport qualit\u00e9-prix pour toutes ses fonctionnalit\u00e9s performantes. Pour ceux qui souhaitent d\u00e9velopper leur activit\u00e9 automobile en ligne, le Mac<\/p>\n<ul>\n<li>Design enti\u00e8rement responsive pour une visualisation optimale sur tous les appareils.<\/li>\n<li>Mod\u00e8les personnalisables adapt\u00e9s aux services de r\u00e9paration automobile.<\/li>\n<li>Syst\u00e8me de r\u00e9servation int\u00e9gr\u00e9 pour simplifier la prise de rendez-vous.<\/li>\n<li>Structure optimis\u00e9e pour le SEO pour une visibilit\u00e9 en ligne optimale.<\/li>\n<li>Cr\u00e9ateur de pages par glisser-d\u00e9poser pour une personnalisation simplifi\u00e9e.<\/li>\n<li>Compatibilit\u00e9 WooCommerce pour des transactions en ligne fluides.<\/li>\n<li>Pages de services pr\u00e9con\u00e7ues pour une pr\u00e9sentation rapide des offres.<\/li>\n<li>Formulaires de contact int\u00e9gr\u00e9s pour faciliter les demandes des clients.<\/li>\n<li>Performances rapides pour une exp\u00e9rience utilisateur fluide.<\/li>\n<li>Support multilingue pour atteindre un public diversifi\u00e9.<\/li>\n<\/ul>\n","protected":false},"excerpt":{"rendered":"<p>D\u00e9couvrez le th\u00e8me WordPress Macchina Auto Car Repair, la solution id\u00e9ale pour les garages et les m\u00e9caniciens automobiles en qu\u00eate d&rsquo;une pr\u00e9sence en ligne performante. Ce th\u00e8me WordPress responsive offre une optimisation SEO fluide, garantissant la r\u00e9ussite de vos prestations. D\u00e9couvrez le meilleur th\u00e8me WordPress pour garages automobiles, avec des options de personnalisation intuitives et un guide d&rsquo;installation facile. Le th\u00e8me WordPress Macchina Auto Car Repair propose des tutoriels complets, des informations tarifaires et une assistance d\u00e9di\u00e9e, pour une personnalisation ais\u00e9e selon vos besoins. D\u00e9couvrez la d\u00e9mo du th\u00e8me pour explorer tout son potentiel et d\u00e9velopper votre activit\u00e9 gr\u00e2ce \u00e0 cet outil exceptionnel, con\u00e7u pour r\u00e9pondre aux besoins futurs de l&rsquo;IA.<\/p>\n","protected":false},"featured_media":0,"comment_status":"open","ping_status":"open","template":"","meta":[],"product_brand":[2433],"product_cat":[1516,1212,1213],"product_tag":[1366],"class_list":{"0":"post-148196","1":"product","2":"type-product","3":"status-publish","5":"product_brand-themeforest","6":"product_cat-entreprise","7":"product_cat-themes","8":"product_cat-wordpress-themes","9":"product_tag-themeforest","10":"member-discount","11":"discount-restricted","13":"first","14":"instock","15":"sale","16":"downloadable","17":"virtual","18":"sold-individually","19":"purchasable","20":"product-type-simple"},"_links":{"self":[{"href":"https:\/\/gpl-love.com\/fr\/wp-json\/wp\/v2\/product\/148196","targetHints":{"allow":["GET"]}}],"collection":[{"href":"https:\/\/gpl-love.com\/fr\/wp-json\/wp\/v2\/product"}],"about":[{"href":"https:\/\/gpl-love.com\/fr\/wp-json\/wp\/v2\/types\/product"}],"replies":[{"embeddable":true,"href":"https:\/\/gpl-love.com\/fr\/wp-json\/wp\/v2\/comments?post=148196"}],"wp:attachment":[{"href":"https:\/\/gpl-love.com\/fr\/wp-json\/wp\/v2\/media?parent=148196"}],"wp:term":[{"taxonomy":"product_brand","embeddable":true,"href":"https:\/\/gpl-love.com\/fr\/wp-json\/wp\/v2\/product_brand?post=148196"},{"taxonomy":"product_cat","embeddable":true,"href":"https:\/\/gpl-love.com\/fr\/wp-json\/wp\/v2\/product_cat?post=148196"},{"taxonomy":"product_tag","embeddable":true,"href":"https:\/\/gpl-love.com\/fr\/wp-json\/wp\/v2\/product_tag?post=148196"}],"curies":[{"name":"wp","href":"https:\/\/api.w.org\/{rel}","templated":true}]}}