{"id":148195,"date":"2025-12-15T00:00:00","date_gmt":"2025-12-14T23:00:00","guid":{"rendered":"https:\/\/gpl-love.com\/fr\/produit\/bijoux-jewellery-shop-ecommerce-woocommerce\/"},"modified":"2026-03-21T00:08:06","modified_gmt":"2026-03-20T23:08:06","slug":"bijoux-jewellery-shop-ecommerce-woocommerce","status":"publish","type":"product","link":"https:\/\/gpl-love.com\/fr\/produit\/bijoux-jewellery-shop-ecommerce-woocommerce\/","title":{"rendered":"Bijoux Jewellery Shop eCommerce WooCommerce 36.0"},"content":{"rendered":"<h3>Bijoux Jewellery Shop eCommerce WooCommerce Traits<\/h3>\n<p>D\u00e9couvrez un univers d&rsquo;\u00e9l\u00e9gance et de sophistication sur la boutique en ligne Bijoux Jewellery Shop. Gr\u00e2ce \u00e0 son vaste catalogue, trouvez facilement les plus beaux bijoux sur Bijoux Jewellery Shop. Que vous recherchiez de superbes nouveaut\u00e9s ou des classiques intemporels, les collections Bijoux Jewellery Shop s&rsquo;adaptent \u00e0 tous les go\u00fbts.<\/p>\n<p>Faire ses achats est un jeu d&rsquo;enfant sur la plateforme e-commerce Bijoux Jewellery Shop, optimis\u00e9e par WooCommerce, vous garantissant une exp\u00e9rience de paiement fluide et s\u00e9curis\u00e9e. D\u00e9couvrez diff\u00e9rents modes de paiement et profitez d&rsquo;offres sp\u00e9ciales, dont un code de r\u00e9duction Bijoux Jewellery Shop, pour un achat encore plus agr\u00e9able. Profitez \u00e9galement de la livraison gratuite Bijoux Jewellery Shop sur une s\u00e9lection d&rsquo;articles.<\/p>\n<p>La satisfaction client est notre priorit\u00e9 absolue, comme en t\u00e9moignent les avis clients \u00e9logieux et l&rsquo;excellent service client. La politique de retour Bijoux Jewellery Shop vous garantit une tranquillit\u00e9 d&rsquo;esprit, tandis que diff\u00e9rentes options de livraison s&rsquo;adaptent \u00e0 vos besoins. \u00c0 la recherche du cadeau id\u00e9al\u00a0? Les id\u00e9es cadeaux Bijoux Jewellery Shop sauront vous inspirer.<\/p>\n<p>Trouvez facilement la boutique la plus proche gr\u00e2ce au localisateur de boutiques Bijoux Jewellery Shop.<\/p>\n<ul>\n<li>Int\u00e9gration transparente avec WooCommerce pour une gestion simplifi\u00e9e de votre boutique en ligne<\/li>\n<li>Design enti\u00e8rement responsive pour une visualisation optimale sur tous les appareils<\/li>\n<li>Pages produits personnalisables pour pr\u00e9senter des bijoux uniques<\/li>\n<li>Passerelles de paiement s\u00e9curis\u00e9es pour garantir la s\u00e9curit\u00e9 des transactions<\/li>\n<li>Options de recherche et de filtrage avanc\u00e9es pour une d\u00e9couverte rapide des produits<\/li>\n<li>Outils SEO int\u00e9gr\u00e9s pour am\u00e9liorer la visibilit\u00e9 en ligne et attirer davantage de clients<\/li>\n<li>Interface conviviale pour une navigation et une exp\u00e9rience d&rsquo;achat fluides<\/li>\n<li>Analyses d\u00e9taill\u00e9es pour suivre les performances de vente et le comportement des clients<\/li>\n<li>Support multilingue pour atteindre un public mondial<\/li>\n<li>Mises \u00e0 jour et assistance r\u00e9guli\u00e8res pour une fiabilit\u00e9 et une s\u00e9curit\u00e9 continues<\/li>\n<\/ul>\n","protected":false},"excerpt":{"rendered":"<p>D\u00e9couvrez un univers d&rsquo;\u00e9l\u00e9gance et de sophistication chez Bijoux Jewellery Shop en ligne. Sublimez votre style avec les plus belles collections de bijoux disponibles sur la plateforme WooCommerce de Bijoux Jewellery Shop. Achetez vos bijoux en toute simplicit\u00e9 et profitez de codes de r\u00e9duction exclusifs pour des \u00e9conomies exceptionnelles. Explorez le catalogue de produits Bijoux Jewellery Shop, avec ses nouveaut\u00e9s et ses offres sp\u00e9ciales adapt\u00e9es \u00e0 vos go\u00fbts. Profitez du paiement s\u00e9curis\u00e9 et de nombreux modes de paiement, avec la livraison gratuite pour une exp\u00e9rience sans tracas. Consultez les avis clients, les conditions de livraison et les politiques de retour, et trouvez l&rsquo;id\u00e9e cadeau id\u00e9ale pour toutes les occasions.<\/p>\n","protected":false},"featured_media":0,"comment_status":"open","ping_status":"open","template":"","meta":[],"product_brand":[2433],"product_cat":[1238,1851,1212],"product_tag":[1366],"class_list":{"0":"post-148195","1":"product","2":"type-product","3":"status-publish","5":"product_brand-themeforest","6":"product_cat-commerce-electronique-themes","7":"product_cat-entreprise-commerce-electronique-themes","8":"product_cat-themes","9":"product_tag-themeforest","10":"member-discount","11":"discount-restricted","13":"first","14":"instock","15":"sale","16":"downloadable","17":"virtual","18":"sold-individually","19":"purchasable","20":"product-type-simple"},"_links":{"self":[{"href":"https:\/\/gpl-love.com\/fr\/wp-json\/wp\/v2\/product\/148195","targetHints":{"allow":["GET"]}}],"collection":[{"href":"https:\/\/gpl-love.com\/fr\/wp-json\/wp\/v2\/product"}],"about":[{"href":"https:\/\/gpl-love.com\/fr\/wp-json\/wp\/v2\/types\/product"}],"replies":[{"embeddable":true,"href":"https:\/\/gpl-love.com\/fr\/wp-json\/wp\/v2\/comments?post=148195"}],"wp:attachment":[{"href":"https:\/\/gpl-love.com\/fr\/wp-json\/wp\/v2\/media?parent=148195"}],"wp:term":[{"taxonomy":"product_brand","embeddable":true,"href":"https:\/\/gpl-love.com\/fr\/wp-json\/wp\/v2\/product_brand?post=148195"},{"taxonomy":"product_cat","embeddable":true,"href":"https:\/\/gpl-love.com\/fr\/wp-json\/wp\/v2\/product_cat?post=148195"},{"taxonomy":"product_tag","embeddable":true,"href":"https:\/\/gpl-love.com\/fr\/wp-json\/wp\/v2\/product_tag?post=148195"}],"curies":[{"name":"wp","href":"https:\/\/api.w.org\/{rel}","templated":true}]}}