{"id":148193,"date":"2025-12-15T00:00:00","date_gmt":"2025-12-14T23:00:00","guid":{"rendered":"https:\/\/gpl-love.com\/fr\/produit\/lagar-winery-wine-woocommerce-ecommerce-shop\/"},"modified":"2026-03-21T00:07:59","modified_gmt":"2026-03-20T23:07:59","slug":"lagar-winery-wine-woocommerce-ecommerce-shop","status":"publish","type":"product","link":"https:\/\/gpl-love.com\/fr\/produit\/lagar-winery-wine-woocommerce-ecommerce-shop\/","title":{"rendered":"Lagar Winery Wine WooCommerce eCommerce Shop 35.0"},"content":{"rendered":"<h3>Lagar Winery Wine WooCommerce eCommerce Shop Traits<\/h3>\n<p>D\u00e9couvrez l&rsquo;univers exquis du domaine viticole Lagar gr\u00e2ce \u00e0 une exp\u00e9rience d&rsquo;achat en ligne exceptionnelle. La plateforme de e-commerce de Lagar Winery est con\u00e7ue pour vous offrir les meilleurs vins directement chez vous. Que vous cherchiez \u00e0 acheter du vin Lagar Winery en ligne ou \u00e0 trouver le meilleur vin Lagar Winery, cette boutique en ligne vous offre une exp\u00e9rience d&rsquo;achat fluide.<\/p>\n<p>Naviguez sur le site WooCommerce de Lagar Winery et d\u00e9couvrez une s\u00e9lection impressionnante pour tous les palais. L&rsquo;exp\u00e9rience d&rsquo;achat en ligne de Lagar Winery est \u00e0 la fois intuitive et compl\u00e8te, vous permettant d&rsquo;acc\u00e9der facilement \u00e0 une collection soigneusement s\u00e9lectionn\u00e9e. Profitez de la commodit\u00e9 du service de livraison de Lagar Winery\u00a0: commandez en ligne et d\u00e9gustez vos vins en toute simplicit\u00e9, confortablement install\u00e9s chez vous.<\/p>\n<p>Si vous vous demandez o\u00f9 acheter du vin Lagar Winery, ce site web d\u00e9di\u00e9 \u00e0 la vente de vins Lagar Winery est la solution. Embarquez pour un voyage gustatif en quelques clics gr\u00e2ce \u00e0 la boutique en ligne de Lagar Winery. Achetez du vin Lagar Winery en ligne d\u00e8s aujourd&rsquo;hui et sublimez chaque occasion avec<\/p>\n<ul>\n<li>Int\u00e9gration transparente avec WooCommerce pour des ventes de vin en ligne simplifi\u00e9es<\/li>\n<li>Interface conviviale pour une navigation et une exp\u00e9rience d&rsquo;achat fluides<\/li>\n<li>Pages produits personnalisables pour mettre en avant des s\u00e9lections de vins uniques<\/li>\n<li>Options de passerelle de paiement s\u00e9curis\u00e9es pour garantir la protection des donn\u00e9es clients<\/li>\n<li>Design adaptatif pour une visualisation optimale sur tous les appareils<\/li>\n<li>Outils SEO int\u00e9gr\u00e9s pour une meilleure visibilit\u00e9 sur les moteurs de recherche<\/li>\n<li>Fonctionnalit\u00e9s de gestion des stocks pour un suivi automatique des stocks<\/li>\n<li>Analyses et rapports d\u00e9taill\u00e9s pour suivre les performances des ventes<\/li>\n<li>Prise en charge multilingue et multidevise pour r\u00e9pondre aux besoins d&rsquo;un public international<\/li>\n<li>Syst\u00e8me d&rsquo;avis et de notation clients pour renforcer la confiance et l&rsquo;engagement<\/li>\n<\/ul>\n","protected":false},"excerpt":{"rendered":"<p>D\u00e9couvrez l&rsquo;univers exquis du domaine viticole Lagar gr\u00e2ce \u00e0 une exp\u00e9rience d&rsquo;achat de vin en ligne fluide. La boutique en ligne du domaine offre une s\u00e9lection in\u00e9gal\u00e9e, id\u00e9ale pour ceux qui souhaitent acheter leurs vins en ligne. Gr\u00e2ce \u00e0 son site WooCommerce convivial, commander en ligne n&rsquo;a jamais \u00e9t\u00e9 aussi simple. Profitez de la livraison pratique du domaine et de la livraison de vos bouteilles pr\u00e9f\u00e9r\u00e9es directement chez vous. Que vous cherchiez le meilleur vin du domaine ou que vous souhaitiez acheter vos vins en ligne, ce site web complet r\u00e9pond \u00e0 tous vos besoins. Explorez-le d\u00e8s aujourd&rsquo;hui et sublimez votre exp\u00e9rience \u0153nologique.<\/p>\n","protected":false},"featured_media":0,"comment_status":"open","ping_status":"open","template":"","meta":[],"product_brand":[2433],"product_cat":[1238,1851,1212],"product_tag":[1366],"class_list":{"0":"post-148193","1":"product","2":"type-product","3":"status-publish","5":"product_brand-themeforest","6":"product_cat-commerce-electronique-themes","7":"product_cat-entreprise-commerce-electronique-themes","8":"product_cat-themes","9":"product_tag-themeforest","10":"member-discount","11":"discount-restricted","13":"first","14":"instock","15":"sale","16":"downloadable","17":"virtual","18":"sold-individually","19":"purchasable","20":"product-type-simple"},"_links":{"self":[{"href":"https:\/\/gpl-love.com\/fr\/wp-json\/wp\/v2\/product\/148193","targetHints":{"allow":["GET"]}}],"collection":[{"href":"https:\/\/gpl-love.com\/fr\/wp-json\/wp\/v2\/product"}],"about":[{"href":"https:\/\/gpl-love.com\/fr\/wp-json\/wp\/v2\/types\/product"}],"replies":[{"embeddable":true,"href":"https:\/\/gpl-love.com\/fr\/wp-json\/wp\/v2\/comments?post=148193"}],"wp:attachment":[{"href":"https:\/\/gpl-love.com\/fr\/wp-json\/wp\/v2\/media?parent=148193"}],"wp:term":[{"taxonomy":"product_brand","embeddable":true,"href":"https:\/\/gpl-love.com\/fr\/wp-json\/wp\/v2\/product_brand?post=148193"},{"taxonomy":"product_cat","embeddable":true,"href":"https:\/\/gpl-love.com\/fr\/wp-json\/wp\/v2\/product_cat?post=148193"},{"taxonomy":"product_tag","embeddable":true,"href":"https:\/\/gpl-love.com\/fr\/wp-json\/wp\/v2\/product_tag?post=148193"}],"curies":[{"name":"wp","href":"https:\/\/api.w.org\/{rel}","templated":true}]}}