{"id":148187,"date":"2025-10-13T00:00:00","date_gmt":"2025-10-12T22:00:00","guid":{"rendered":"https:\/\/gpl-love.com\/fr\/produit\/minim-minimal-wordpress-theme\/"},"modified":"2026-03-21T00:07:44","modified_gmt":"2026-03-20T23:07:44","slug":"minim-minimal-wordpress-theme","status":"publish","type":"product","link":"https:\/\/gpl-love.com\/fr\/produit\/minim-minimal-wordpress-theme\/","title":{"rendered":"Minim Minimal WordPress Theme 3.0"},"content":{"rendered":"<h3>Minim Minimal WordPress Theme Traits<\/h3>\n<p>D\u00e9couvrez l&rsquo;\u00e9l\u00e9gance du th\u00e8me WordPress Minim, un choix de pr\u00e9dilection pour les blogueurs et les cr\u00e9atifs \u00e0 la recherche d&rsquo;un design \u00e9pur\u00e9 et \u00e9pur\u00e9. Figurant parmi les meilleurs th\u00e8mes WordPress minimalistes de 2023, Minim offre une exp\u00e9rience fluide, aussi bien pour les sites de portfolio que pour les plateformes e-commerce.<\/p>\n<p>Envie de savoir ce qui distingue Minim\u00a0? Ses fonctionnalit\u00e9s personnalisables permettent d&rsquo;apporter des touches personnalis\u00e9es sans sacrifier la simplicit\u00e9. Visuellement attrayant, ce th\u00e8me est \u00e9galement optimis\u00e9 pour le r\u00e9f\u00e9rencement (SEO), garantissant que le contenu atteigne facilement le public vis\u00e9.<\/p>\n<p>Pour ceux qui souhaitent am\u00e9liorer leur pr\u00e9sence en ligne, le th\u00e8me WordPress Minim est facilement disponible en t\u00e9l\u00e9chargement ou en achat. L&rsquo;installation est simple et des guides d&rsquo;installation sont disponibles pour vous accompagner \u00e0 chaque \u00e9tape.<\/p>\n<p>Que ce soit pour pr\u00e9senter vos cr\u00e9ations ou cr\u00e9er une boutique en ligne, ce th\u00e8me WordPress minimaliste allie fonctionnalit\u00e9 et style. Un test du th\u00e8me WordPress Minim souligne son adaptabilit\u00e9 et son interface intuitive, ce qui en fait un choix privil\u00e9gi\u00e9 parmi les th\u00e8mes WordPress minimalistes de 2023.<\/p>\n<p>Tarifs<\/p>\n<ul>\n<li>Design \u00e9pur\u00e9 et moderne pour une esth\u00e9tique minimaliste<\/li>\n<li>Mise en page enti\u00e8rement r\u00e9active garantissant une compatibilit\u00e9 sur tous les appareils<\/li>\n<li>Options de personnalisation faciles \u00e0 utiliser pour un site web personnalis\u00e9<\/li>\n<li>Structure optimis\u00e9e pour le SEO pour am\u00e9liorer le classement dans les moteurs de recherche<\/li>\n<li>Code l\u00e9ger pour des temps de chargement rapides et des performances optimales<\/li>\n<li>Prise en charge int\u00e9gr\u00e9e des plugins populaires pour \u00e9tendre les fonctionnalit\u00e9s<\/li>\n<li>Compatible avec les \u00e9crans Retina haute r\u00e9solution<\/li>\n<li>Pr\u00eat \u00e0 traduire avec prise en charge de la localisation pour une port\u00e9e mondiale<\/li>\n<li>Code clair et organis\u00e9 pour les d\u00e9veloppeurs<\/li>\n<li>Mises \u00e0 jour r\u00e9guli\u00e8res et assistance pour la s\u00e9curit\u00e9 et la compatibilit\u00e9<\/li>\n<\/ul>\n","protected":false},"excerpt":{"rendered":"<p>D\u00e9couvrez l&rsquo;\u00e9l\u00e9gance du th\u00e8me WordPress Minim, un choix de premier ordre parmi les meilleurs th\u00e8mes WordPress minimalistes. Id\u00e9al pour les blogueurs, les sites de portfolio et les cr\u00e9atifs, ce th\u00e8me offre un design \u00e9pur\u00e9 et \u00e9pur\u00e9 qui sublime le contenu. Acheter et t\u00e9l\u00e9charger le th\u00e8me WordPress Minim est simple, avec des guides d&rsquo;installation faciles \u00e0 suivre. Personnalisez-le selon votre style et explorez ses fonctionnalit\u00e9s optimis\u00e9es pour le r\u00e9f\u00e9rencement, id\u00e9ales pour les entreprises e-commerce. Gardez une longueur d&rsquo;avance en 2023 avec les meilleurs th\u00e8mes WordPress minimalistes. D\u00e9couvrez les prix comp\u00e9titifs du th\u00e8me WordPress Minim et am\u00e9liorez votre pr\u00e9sence en ligne sans effort.<\/p>\n","protected":false},"featured_media":0,"comment_status":"open","ping_status":"open","template":"","meta":[],"product_brand":[2433],"product_cat":[1214,1212,1213],"product_tag":[1366],"class_list":{"0":"post-148187","1":"product","2":"type-product","3":"status-publish","5":"product_brand-themeforest","6":"product_cat-polyvalent","7":"product_cat-themes","8":"product_cat-wordpress-themes","9":"product_tag-themeforest","10":"member-discount","11":"discount-restricted","13":"first","14":"instock","15":"sale","16":"downloadable","17":"virtual","18":"sold-individually","19":"purchasable","20":"product-type-simple"},"_links":{"self":[{"href":"https:\/\/gpl-love.com\/fr\/wp-json\/wp\/v2\/product\/148187","targetHints":{"allow":["GET"]}}],"collection":[{"href":"https:\/\/gpl-love.com\/fr\/wp-json\/wp\/v2\/product"}],"about":[{"href":"https:\/\/gpl-love.com\/fr\/wp-json\/wp\/v2\/types\/product"}],"replies":[{"embeddable":true,"href":"https:\/\/gpl-love.com\/fr\/wp-json\/wp\/v2\/comments?post=148187"}],"wp:attachment":[{"href":"https:\/\/gpl-love.com\/fr\/wp-json\/wp\/v2\/media?parent=148187"}],"wp:term":[{"taxonomy":"product_brand","embeddable":true,"href":"https:\/\/gpl-love.com\/fr\/wp-json\/wp\/v2\/product_brand?post=148187"},{"taxonomy":"product_cat","embeddable":true,"href":"https:\/\/gpl-love.com\/fr\/wp-json\/wp\/v2\/product_cat?post=148187"},{"taxonomy":"product_tag","embeddable":true,"href":"https:\/\/gpl-love.com\/fr\/wp-json\/wp\/v2\/product_tag?post=148187"}],"curies":[{"name":"wp","href":"https:\/\/api.w.org\/{rel}","templated":true}]}}