{"id":148186,"date":"2025-12-15T00:00:00","date_gmt":"2025-12-14T23:00:00","guid":{"rendered":"https:\/\/gpl-love.com\/fr\/produit\/augury-horoscope-astrology-wordpress-theme\/"},"modified":"2026-03-21T00:07:42","modified_gmt":"2026-03-20T23:07:42","slug":"augury-horoscope-astrology-wordpress-theme","status":"publish","type":"product","link":"https:\/\/gpl-love.com\/fr\/produit\/augury-horoscope-astrology-wordpress-theme\/","title":{"rendered":"Augury Horoscope, Astrology WordPress Theme 3.5"},"content":{"rendered":"<h3>Augury Horoscope, Astrology WordPress Theme Traits<\/h3>\n<p>D\u00e9couvrez la magie du th\u00e8me WordPress Augury Horoscope, un choix de choix pour les astrologues et les blogueurs. Reconnu comme l&rsquo;un des meilleurs th\u00e8mes WordPress d&rsquo;astrologie de 2023, Augury offre une solution simple pour donner vie \u00e0 vos pr\u00e9dictions astrologiques. Ce th\u00e8me WordPress premium \u00e0 t\u00e9l\u00e9charger offre tout le n\u00e9cessaire pour cr\u00e9er un site web d&rsquo;astrologie captivant. Con\u00e7u pour une utilisation optimis\u00e9e pour le r\u00e9f\u00e9rencement, il permet \u00e0 votre site de toucher un public plus large sans effort. Profitez d&rsquo;un th\u00e8me WordPress d&rsquo;astrologie responsive, aussi esth\u00e9tique sur ordinateur que sur mobile.<\/p>\n<p>La personnalisation est au c\u0153ur d&rsquo;Augury. Son design flexible permet une touche personnelle, ce qui en fait le th\u00e8me WordPress d&rsquo;astrologie id\u00e9al pour les entreprises et les projets personnels. Les fonctionnalit\u00e9s d&rsquo;horoscope du th\u00e8me sont parfaites pour cr\u00e9er un site d&rsquo;astrologie professionnel ou un blog d&rsquo;horoscope dynamique. Gr\u00e2ce \u00e0 l&rsquo;int\u00e9gration WooCommerce, le e-commerce est un jeu d&rsquo;enfant. La configuration intuitive d&rsquo;Augury simplifie le lancement d&rsquo;un site web d&rsquo;astrologie, quel que soit votre niveau technique. Am\u00e9liorez n&rsquo;importe quel site Web d&rsquo;astrologie avec le th\u00e8me intuitif et professionnel d&rsquo;Augury<\/p>\n<ul>\n<li>Conception intuitive pour sites web d&rsquo;astrologie et d&rsquo;horoscope<\/li>\n<li>Mise en page enti\u00e8rement responsive pour une visualisation fluide sur tous les appareils<\/li>\n<li>Couleurs et options typographiques personnalisables<\/li>\n<li>Widgets d&rsquo;horoscope et d&rsquo;astrologie int\u00e9gr\u00e9s<\/li>\n<li>Structure optimis\u00e9e pour le SEO pour une meilleure visibilit\u00e9 sur les moteurs de recherche<\/li>\n<li>Cr\u00e9ateur de pages par glisser-d\u00e9poser facile \u00e0 utiliser<\/li>\n<li>Importation de d\u00e9mo en un clic pour une configuration rapide<\/li>\n<li>Compatibilit\u00e9 avec les extensions WordPress les plus populaires<\/li>\n<li>Mises \u00e0 jour r\u00e9guli\u00e8res et assistance d\u00e9di\u00e9e<\/li>\n<li>Support multilingue pour une port\u00e9e mondiale<\/li>\n<\/ul>\n","protected":false},"excerpt":{"rendered":"<p>D\u00e9couvrez le th\u00e8me WordPress Augury Horoscope, un choix de premier ordre pour les astrologues et blogueurs \u00e0 la recherche des meilleurs th\u00e8mes WordPress d\u00e9di\u00e9s \u00e0 l&rsquo;astrologie en 2023. Ce th\u00e8me WordPress premium d\u00e9di\u00e9 \u00e0 l&rsquo;astrologie offre un design responsive et optimis\u00e9 pour le r\u00e9f\u00e9rencement, id\u00e9al pour les utilisateurs mobiles. Son interface personnalisable en fait un th\u00e8me WordPress id\u00e9al pour les sites web de pr\u00e9dictions astrologiques, tandis que ses fonctionnalit\u00e9s d&rsquo;horoscope int\u00e9gr\u00e9es s&rsquo;adressent aussi bien aux entreprises qu&rsquo;aux blogs personnels. Le th\u00e8me Augury pour sites d&rsquo;astrologie est compatible avec WooCommerce, transformant ainsi n&rsquo;importe quel th\u00e8me WordPress d\u00e9di\u00e9 \u00e0 l&rsquo;astrologie en une plateforme e-commerce performante. Cr\u00e9ez facilement un th\u00e8me WordPress d&rsquo;astrologie convivial au design intuitif, con\u00e7u pour des sites web professionnels et attrayants.<\/p>\n","protected":false},"featured_media":0,"comment_status":"open","ping_status":"open","template":"","meta":[],"product_brand":[2433],"product_cat":[1242,1212,1213],"product_tag":[1366],"class_list":{"0":"post-148186","1":"product","2":"type-product","3":"status-publish","5":"product_brand-themeforest","6":"product_cat-creatif","7":"product_cat-themes","8":"product_cat-wordpress-themes","9":"product_tag-themeforest","10":"member-discount","11":"discount-restricted","13":"first","14":"instock","15":"sale","16":"downloadable","17":"virtual","18":"sold-individually","19":"purchasable","20":"product-type-simple"},"_links":{"self":[{"href":"https:\/\/gpl-love.com\/fr\/wp-json\/wp\/v2\/product\/148186","targetHints":{"allow":["GET"]}}],"collection":[{"href":"https:\/\/gpl-love.com\/fr\/wp-json\/wp\/v2\/product"}],"about":[{"href":"https:\/\/gpl-love.com\/fr\/wp-json\/wp\/v2\/types\/product"}],"replies":[{"embeddable":true,"href":"https:\/\/gpl-love.com\/fr\/wp-json\/wp\/v2\/comments?post=148186"}],"wp:attachment":[{"href":"https:\/\/gpl-love.com\/fr\/wp-json\/wp\/v2\/media?parent=148186"}],"wp:term":[{"taxonomy":"product_brand","embeddable":true,"href":"https:\/\/gpl-love.com\/fr\/wp-json\/wp\/v2\/product_brand?post=148186"},{"taxonomy":"product_cat","embeddable":true,"href":"https:\/\/gpl-love.com\/fr\/wp-json\/wp\/v2\/product_cat?post=148186"},{"taxonomy":"product_tag","embeddable":true,"href":"https:\/\/gpl-love.com\/fr\/wp-json\/wp\/v2\/product_tag?post=148186"}],"curies":[{"name":"wp","href":"https:\/\/api.w.org\/{rel}","templated":true}]}}