{"id":148184,"date":"2026-05-05T00:00:00","date_gmt":"2026-05-04T22:00:00","guid":{"rendered":"https:\/\/gpl-love.com\/fr\/produit\/automatorwp-pro\/"},"modified":"2026-05-05T12:34:11","modified_gmt":"2026-05-05T10:34:11","slug":"automatorwp-pro","status":"publish","type":"product","link":"https:\/\/gpl-love.com\/fr\/produit\/automatorwp-pro\/","title":{"rendered":"AutomatorWP Pro 5.0.9"},"content":{"rendered":"<h3>AutomatorWP Pro Traits<\/h3>\n<p>D\u00e9couvrez la puissance de l&rsquo;automatisation WordPress fluide avec AutomatorWP Pro. Cette extension polyvalente transforme la gestion de votre site web en automatisant les t\u00e2ches sans effort. Gr\u00e2ce \u00e0 ses options d&rsquo;int\u00e9gration robustes, AutomatorWP Pro se synchronise avec les outils les plus populaires, am\u00e9liorant ainsi l&rsquo;automatisation des flux de travail pour divers cas d&rsquo;utilisation, notamment le e-commerce.<\/p>\n<p>La configuration est un jeu d&rsquo;enfant gr\u00e2ce au guide d&rsquo;installation et au tutoriel d\u00e9taill\u00e9s d&rsquo;AutomatorWP Pro. D\u00e9couvrez les fonctionnalit\u00e9s avanc\u00e9es et les bonnes pratiques pour optimiser l&rsquo;efficacit\u00e9 et rationaliser vos op\u00e9rations. Vous vous demandez comment utiliser AutomatorWP Pro efficacement\u00a0? Son interface intuitive et ses ressources d&rsquo;assistance et d&rsquo;aide compl\u00e8tes garantissent une mise en \u0153uvre fluide.<\/p>\n<p>Les tarifs d&rsquo;AutomatorWP Pro s&rsquo;adaptent \u00e0 tous les budgets, et un essai gratuit vous permet d&rsquo;explorer ses fonctionnalit\u00e9s sans risque. Vous \u00eates curieux de savoir comment il se compare \u00e0 la concurrence\u00a0? Une d\u00e9mo illustre pourquoi AutomatorWP Pro se distingue parmi les extensions d&rsquo;automatisation WordPress.<\/p>\n<ul>\n<li>Int\u00e9gration transparente avec les plugins WordPress populaires pour automatiser vos flux de travail sans effort<\/li>\n<li>Interface conviviale con\u00e7ue pour les d\u00e9butants comme pour les utilisateurs exp\u00e9riment\u00e9s<\/li>\n<li>Logique conditionnelle avanc\u00e9e pour cr\u00e9er des sc\u00e9narios d&rsquo;automatisation complexes<\/li>\n<li>T\u00e2ches d&rsquo;automatisation illimit\u00e9es pour simplifier la gestion de votre site web<\/li>\n<li>Journaux d&rsquo;activit\u00e9 en temps r\u00e9el pour le suivi et la surveillance de l&rsquo;ex\u00e9cution des t\u00e2ches<\/li>\n<li>D\u00e9clencheurs et actions personnalisables pour adapter l&rsquo;automatisation \u00e0 vos besoins sp\u00e9cifiques<\/li>\n<li>Prise en charge des flux de travail multi-\u00e9tapes pour des strat\u00e9gies d&rsquo;automatisation compl\u00e8tes<\/li>\n<li>Compatibilit\u00e9 int\u00e9gr\u00e9e avec les services et API tiers<\/li>\n<li>Mises \u00e0 jour r\u00e9guli\u00e8res pour garantir la compatibilit\u00e9 avec les derni\u00e8res versions de WordPress<\/li>\n<li>Support client d\u00e9di\u00e9 pour le d\u00e9pannage et l&rsquo;assistance<\/li>\n<\/ul>\n","protected":false},"excerpt":{"rendered":"<p>Exploitez tout le potentiel de l&rsquo;automatisation WordPress avec AutomatorWP Pro. Ce puissant plugin optimise les flux de travail gr\u00e2ce \u00e0 des fonctionnalit\u00e9s avanc\u00e9es et des options d&rsquo;int\u00e9gration fluides pour une efficacit\u00e9 in\u00e9gal\u00e9e. D\u00e9couvrez les avantages d&rsquo;AutomatorWP Pro gr\u00e2ce \u00e0 son guide d&rsquo;installation et son tutoriel, qui vous pr\u00e9sentent les meilleures pratiques. Consultez les tarifs et les options de t\u00e9l\u00e9chargement pour acc\u00e9der \u00e0 ses fonctionnalit\u00e9s performantes, notamment l&rsquo;automatisation des flux de travail adapt\u00e9e au e-commerce. Les avis utilisateurs soulignent sa compatibilit\u00e9 et sa simplicit\u00e9 d&rsquo;utilisation, ce qui le distingue des autres plugins d&rsquo;automatisation. D\u00e9couvrez la d\u00e9mo ou l&rsquo;essai gratuit pour d\u00e9couvrir les fonctionnalit\u00e9s avanc\u00e9es et l&rsquo;assistance d&rsquo;AutomatorWP Pro, gages d&rsquo;une productivit\u00e9 et d&rsquo;une innovation optimales.<\/p>\n","protected":false},"featured_media":0,"comment_status":"open","ping_status":"open","template":"","meta":[],"product_brand":[2464],"product_cat":[1189,1181,1186],"product_tag":[2260],"class_list":{"0":"post-148184","1":"product","2":"type-product","3":"status-publish","5":"product_brand-automatorwp","6":"product_cat-personnalisation","7":"product_cat-plugins","8":"product_cat-wordpress-plugins","9":"product_tag-automatorwp","10":"member-discount","11":"discount-restricted","13":"first","14":"instock","15":"sale","16":"downloadable","17":"virtual","18":"sold-individually","19":"purchasable","20":"product-type-simple"},"_links":{"self":[{"href":"https:\/\/gpl-love.com\/fr\/wp-json\/wp\/v2\/product\/148184","targetHints":{"allow":["GET"]}}],"collection":[{"href":"https:\/\/gpl-love.com\/fr\/wp-json\/wp\/v2\/product"}],"about":[{"href":"https:\/\/gpl-love.com\/fr\/wp-json\/wp\/v2\/types\/product"}],"replies":[{"embeddable":true,"href":"https:\/\/gpl-love.com\/fr\/wp-json\/wp\/v2\/comments?post=148184"}],"wp:attachment":[{"href":"https:\/\/gpl-love.com\/fr\/wp-json\/wp\/v2\/media?parent=148184"}],"wp:term":[{"taxonomy":"product_brand","embeddable":true,"href":"https:\/\/gpl-love.com\/fr\/wp-json\/wp\/v2\/product_brand?post=148184"},{"taxonomy":"product_cat","embeddable":true,"href":"https:\/\/gpl-love.com\/fr\/wp-json\/wp\/v2\/product_cat?post=148184"},{"taxonomy":"product_tag","embeddable":true,"href":"https:\/\/gpl-love.com\/fr\/wp-json\/wp\/v2\/product_tag?post=148184"}],"curies":[{"name":"wp","href":"https:\/\/api.w.org\/{rel}","templated":true}]}}