{"id":148183,"date":"2026-01-12T00:00:00","date_gmt":"2026-01-11T23:00:00","guid":{"rendered":"https:\/\/gpl-love.com\/fr\/produit\/bricks-dynamic-toolbox\/"},"modified":"2026-03-21T00:07:33","modified_gmt":"2026-03-20T23:07:33","slug":"bricks-dynamic-toolbox","status":"publish","type":"product","link":"https:\/\/gpl-love.com\/fr\/produit\/bricks-dynamic-toolbox\/","title":{"rendered":"Bricks Dynamic Toolbox 1.1.2"},"content":{"rendered":"<h3>Bricks Dynamic Toolbox Traits<\/h3>\n<p>D\u00e9couvrez la Bricks Dynamic Toolbox, la solution id\u00e9ale pour les d\u00e9butants comme pour les bricoleurs exp\u00e9riment\u00e9s. Gr\u00e2ce \u00e0 son guide d&rsquo;utilisation complet et \u00e0 ses instructions de montage simples, l&rsquo;installation est un jeu d&rsquo;enfant. Vous vous demandez comment utiliser efficacement la Bricks Dynamic Toolbox\u00a0? D\u00e9couvrez des conseils de d\u00e9pannage d\u00e9taill\u00e9s et des sp\u00e9cifications techniques pour optimiser son potentiel.<\/p>\n<p>Vous recherchez le meilleur prix pour la Bricks Dynamic Toolbox\u00a0? Explorez les diff\u00e9rentes plateformes en ligne pour acheter la Bricks Dynamic Toolbox et profitez de codes de r\u00e9duction exclusifs. Les t\u00e9moignages clients vantent sa polyvalence et sa facilit\u00e9 d&rsquo;utilisation, ce qui en fait un choix de premier ordre par rapport \u00e0 la concurrence. Les avis clients sur la Bricks Dynamic Toolbox soulignent ses fonctionnalit\u00e9s innovantes, qui propulsent chaque projet vers de nouveaux sommets.<\/p>\n<p>La disponibilit\u00e9 est toujours un probl\u00e8me\u00a0: il est facile de trouver o\u00f9 acheter la Bricks Dynamic Toolbox en ligne. Que vous vous lanciez dans un nouveau projet ou que vous perfectionniez un chef-d&rsquo;\u0153uvre, cette bo\u00eete \u00e0 outils allie parfaitement fonctionnalit\u00e9 et efficacit\u00e9.<\/p>\n<ul>\n<li>\u00c9l\u00e9ments personnalisables avanc\u00e9s\u00a0: Personnalisez chaque aspect de votre site gr\u00e2ce \u00e0 des composants de conception dynamiques qui s\u2019adaptent parfaitement \u00e0 l\u2019identit\u00e9 de votre marque.<\/li>\n<li>Widgets flexibles et faciles \u00e0 utiliser\u00a0: Combinez, associez et modifiez facilement les widgets pour am\u00e9liorer la polyvalence et la fonctionnalit\u00e9 de vos pages.<\/li>\n<li>Int\u00e9gration WordPress transparente\u00a0: Fonctionne parfaitement avec les th\u00e8mes et extensions WordPress populaires, s\u2019int\u00e9grant parfaitement \u00e0 votre flux de travail.<\/li>\n<li>Cr\u00e9ation de pages dynamique en temps r\u00e9el\u00a0: Cr\u00e9ez et modifiez des pages visuellement avec un retour instantan\u00e9\u00a0: ce que vous voyez correspond exactement \u00e0 ce que vous obtiendrez sur le site en ligne.<\/li>\n<li>Performances optimis\u00e9es\u00a0: Une architecture l\u00e9g\u00e8re et un code clair garantissent un chargement rapide et un fonctionnement fluide de votre site, m\u00eame avec des designs complexes.<\/li>\n<li>Adaptatif et mobile\u00a0: S\u2019adapte automatiquement \u00e0 toutes les tailles d\u2019\u00e9cran, offrant une exp\u00e9rience coh\u00e9rente et attrayante sur tous les appareils.<\/li>\n<li>Compatibilit\u00e9 multi-navigateurs\u00a0: Profitez de performances fiables et d\u2019une apparence coh\u00e9rente, quel que soit le navigateur utilis\u00e9 par vos visiteurs.<\/li>\n<li>Outils de gestion de contenu intelligents\u00a0: Simplifiez votre flux de travail gr\u00e2ce \u00e0 des outils int\u00e9gr\u00e9s pour organiser et mettre \u00e0 jour votre contenu en toute simplicit\u00e9.<\/li>\n<\/ul>\n","protected":false},"excerpt":{"rendered":"<p>Bricks Dynamic Toolbox r\u00e9volutionne la fa\u00e7on dont les designers et les d\u00e9veloppeurs cr\u00e9ent des sites WordPress modernes. Dot\u00e9 de puissants outils de personnalisation et d&rsquo;\u00e9l\u00e9ments flexibles, il vous offre tout le n\u00e9cessaire pour concevoir des sites web dynamiques et visuellement captivants, sans compromis sur la rapidit\u00e9 ni la cr\u00e9ativit\u00e9. Que vous soyez d\u00e9veloppeur professionnel ou designer cr\u00e9atif, Bricks Dynamic Toolbox vous offre la flexibilit\u00e9, la pr\u00e9cision et les performances n\u00e9cessaires pour donner vie \u00e0 la vision de votre marque.<\/p>\n","protected":false},"featured_media":0,"comment_status":"open","ping_status":"open","template":"","meta":[],"product_brand":[2851],"product_cat":[1189,1181,1186],"product_tag":[2852],"class_list":{"0":"post-148183","1":"product","2":"type-product","3":"status-publish","5":"product_brand-dynamic-ooo","6":"product_cat-personnalisation","7":"product_cat-plugins","8":"product_cat-wordpress-plugins","9":"product_tag-dynamic-ooo","10":"member-discount","11":"discount-restricted","13":"first","14":"instock","15":"sale","16":"downloadable","17":"virtual","18":"sold-individually","19":"purchasable","20":"product-type-simple"},"_links":{"self":[{"href":"https:\/\/gpl-love.com\/fr\/wp-json\/wp\/v2\/product\/148183","targetHints":{"allow":["GET"]}}],"collection":[{"href":"https:\/\/gpl-love.com\/fr\/wp-json\/wp\/v2\/product"}],"about":[{"href":"https:\/\/gpl-love.com\/fr\/wp-json\/wp\/v2\/types\/product"}],"replies":[{"embeddable":true,"href":"https:\/\/gpl-love.com\/fr\/wp-json\/wp\/v2\/comments?post=148183"}],"wp:attachment":[{"href":"https:\/\/gpl-love.com\/fr\/wp-json\/wp\/v2\/media?parent=148183"}],"wp:term":[{"taxonomy":"product_brand","embeddable":true,"href":"https:\/\/gpl-love.com\/fr\/wp-json\/wp\/v2\/product_brand?post=148183"},{"taxonomy":"product_cat","embeddable":true,"href":"https:\/\/gpl-love.com\/fr\/wp-json\/wp\/v2\/product_cat?post=148183"},{"taxonomy":"product_tag","embeddable":true,"href":"https:\/\/gpl-love.com\/fr\/wp-json\/wp\/v2\/product_tag?post=148183"}],"curies":[{"name":"wp","href":"https:\/\/api.w.org\/{rel}","templated":true}]}}