{"id":148182,"date":"2026-03-09T00:00:00","date_gmt":"2026-03-08T23:00:00","guid":{"rendered":"https:\/\/gpl-love.com\/fr\/produit\/ablocks-pro\/"},"modified":"2026-03-21T00:07:31","modified_gmt":"2026-03-20T23:07:31","slug":"ablocks-pro","status":"publish","type":"product","link":"https:\/\/gpl-love.com\/fr\/produit\/ablocks-pro\/","title":{"rendered":"aBlocks Pro 2.7.4"},"content":{"rendered":"<h3>aBlocks Pro Traits<\/h3>\n<p>Parce que vos id\u00e9es m\u00e9ritent plus que des mod\u00e8les. Avec aBlocks Pro, cr\u00e9ez, exp\u00e9rimentez et innovez sans limite, en personnalisant chaque recoin de votre site WordPress, plus rapidement que jamais.<\/p>\n<ul>\n<li>Int\u00e9gration Gutenberg fluide\u00a0: Exploitez tout le potentiel de l\u2019\u00e9diteur de blocs natif de WordPress. aBlocks Pro s\u2019int\u00e8gre naturellement \u00e0 votre flux de travail et vous offre la flexibilit\u00e9 de concevoir tout ce que vous voulez, des pages d\u2019atterrissage aux sites web complets, avec une simplicit\u00e9 in\u00e9gal\u00e9e.<\/li>\n<li>Cr\u00e9ation sans code\u00a0: Privil\u00e9giez la cr\u00e9ativit\u00e9, pas la complexit\u00e9. Chaque bloc, mise en page et style est personnalisable visuellement, vous n\u2019avez donc jamais besoin de toucher \u00e0 une seule ligne de code.<\/li>\n<li>Performances ultra-rapides\u00a0: Con\u00e7u pour la vitesse, aBlocks Pro garantit un chargement rapide et des performances optimales de vos pages, quelle que soit la complexit\u00e9 de vos cr\u00e9ations.<\/li>\n<li>Conception enti\u00e8rement responsive\u00a0: Chaque mise en page s\u2019adapte automatiquement \u00e0 toutes les tailles d\u2019\u00e9cran. Votre site sera impeccable au pixel pr\u00e8s sur ordinateur, tablette et smartphone.<\/li>\n<li>Blocs et mises en page illimit\u00e9s\u00a0: Laissez libre cours \u00e0 votre cr\u00e9ativit\u00e9. Ajoutez, dupliquez et combinez autant de blocs que vous le souhaitez pour cr\u00e9er des exp\u00e9riences dynamiques et personnalis\u00e9es.<\/li>\n<li>Contr\u00f4les de style avanc\u00e9s : ajustez l&rsquo;espacement, la typographie, les couleurs et les animations pour les aligner parfaitement avec le style et le ton de votre marque, le tout \u00e0 partir d&rsquo;une interface de conception unifi\u00e9e.<\/li>\n<\/ul>\n","protected":false},"excerpt":{"rendered":"<p>aBlocks Pro lib\u00e8re une cr\u00e9ativit\u00e9 sans limite dans WordPress. Cette suite avanc\u00e9e de blocs Gutenberg personnalisables vous permet de cr\u00e9er des sites web professionnels et \u00e9poustouflants en un temps record, sans aucun codage. Cr\u00e9ez des mises en page uniques, peaufinez chaque d\u00e9tail et ma\u00eetrisez parfaitement l&rsquo;identit\u00e9 visuelle de votre site gr\u00e2ce \u00e0 une exp\u00e9rience intuitive et performante.<\/p>\n","protected":false},"featured_media":0,"comment_status":"open","ping_status":"open","template":"","meta":[],"product_brand":[2849],"product_cat":[1189,1181,1186],"product_tag":[2850],"class_list":{"0":"post-148182","1":"product","2":"type-product","3":"status-publish","5":"product_brand-academy-lms","6":"product_cat-personnalisation","7":"product_cat-plugins","8":"product_cat-wordpress-plugins","9":"product_tag-academy-lms","10":"member-discount","11":"discount-restricted","13":"first","14":"instock","15":"sale","16":"downloadable","17":"virtual","18":"sold-individually","19":"purchasable","20":"product-type-simple"},"_links":{"self":[{"href":"https:\/\/gpl-love.com\/fr\/wp-json\/wp\/v2\/product\/148182","targetHints":{"allow":["GET"]}}],"collection":[{"href":"https:\/\/gpl-love.com\/fr\/wp-json\/wp\/v2\/product"}],"about":[{"href":"https:\/\/gpl-love.com\/fr\/wp-json\/wp\/v2\/types\/product"}],"replies":[{"embeddable":true,"href":"https:\/\/gpl-love.com\/fr\/wp-json\/wp\/v2\/comments?post=148182"}],"wp:attachment":[{"href":"https:\/\/gpl-love.com\/fr\/wp-json\/wp\/v2\/media?parent=148182"}],"wp:term":[{"taxonomy":"product_brand","embeddable":true,"href":"https:\/\/gpl-love.com\/fr\/wp-json\/wp\/v2\/product_brand?post=148182"},{"taxonomy":"product_cat","embeddable":true,"href":"https:\/\/gpl-love.com\/fr\/wp-json\/wp\/v2\/product_cat?post=148182"},{"taxonomy":"product_tag","embeddable":true,"href":"https:\/\/gpl-love.com\/fr\/wp-json\/wp\/v2\/product_tag?post=148182"}],"curies":[{"name":"wp","href":"https:\/\/api.w.org\/{rel}","templated":true}]}}