{"id":148181,"date":"2025-10-20T00:00:00","date_gmt":"2025-10-19T22:00:00","guid":{"rendered":"https:\/\/gpl-love.com\/fr\/produit\/merchandiser\/"},"modified":"2026-03-21T00:07:28","modified_gmt":"2026-03-20T23:07:28","slug":"merchandiser","status":"publish","type":"product","link":"https:\/\/gpl-love.com\/fr\/produit\/merchandiser\/","title":{"rendered":"Merchandiser 5.7.2"},"content":{"rendered":"<h3>Merchandiser Traits<\/h3>\n<p>G\u00e9rer une boutique prosp\u00e8re ne devrait pas se r\u00e9sumer \u00e0 jongler avec des feuilles de calcul interminables ou des mises \u00e0 jour manuelles. Merchandiser automatise la routine, peaufine la pr\u00e9sentation et amplifie votre potentiel de croissance. Tout cela en s&rsquo;int\u00e9grant parfaitement \u00e0 votre configuration WordPress.<\/p>\n<ul>\n<li>Moteur de tarification intelligent\u00a0: Restez comp\u00e9titif gr\u00e2ce \u00e0 des ajustements de prix en temps r\u00e9el qui s\u2019adaptent aux tendances du march\u00e9 et aux performances commerciales, sans mises \u00e0 jour manuelles.<\/li>\n<li>Int\u00e9gration WordPress simplifi\u00e9e\u00a0: Installez, activez et g\u00e9rez votre boutique instantan\u00e9ment. Merchandiser s\u2019int\u00e8gre parfaitement \u00e0 tout environnement WordPress, am\u00e9liorant ainsi vos ressources existantes sans perturber votre flux de travail.<\/li>\n<li>Pr\u00e9sentation flexible des produits\u00a0: Pr\u00e9sentez votre catalogue exactement comme vous le souhaitez. Personnalisez les mises en page, les options de tri et les informations produit pour une ad\u00e9quation parfaite avec l\u2019identit\u00e9 de votre marque.<\/li>\n<li>Supervision simplifi\u00e9e des stocks\u00a0: Surveillez les niveaux de stock en temps r\u00e9el, automatisez les alertes de rupture de stock et maintenez un \u00e9quilibre parfait entre l\u2019offre et la demande, le tout depuis un tableau de bord intuitif.<\/li>\n<li>Exp\u00e9rience d\u2019achat am\u00e9lior\u00e9e\u00a0: Offrez un parcours plus fluide \u00e0 chaque visiteur. Les fonctionnalit\u00e9s de Merchandiser, ax\u00e9es sur l\u2019exp\u00e9rience utilisateur, contribuent \u00e0 r\u00e9duire les frictions, \u00e0 stimuler l\u2019engagement et \u00e0 fid\u00e9liser les visiteurs occasionnels.<\/li>\n<\/ul>\n","protected":false},"excerpt":{"rendered":"<p>Merchandiser red\u00e9finit la gestion de votre boutique en ligne. Con\u00e7u pour les e-commer\u00e7ants ambitieux, il int\u00e8gre une automatisation et un contr\u00f4le puissants directement dans votre tableau de bord WordPress. De la gestion des stocks en temps r\u00e9el \u00e0 la tarification adaptative et aux pr\u00e9sentations de produits personnalis\u00e9es, Merchandiser assure le bon fonctionnement de votre boutique tout en offrant une exp\u00e9rience d&rsquo;achat optimale.<\/p>\n","protected":false},"featured_media":0,"comment_status":"open","ping_status":"open","template":"","meta":[],"product_brand":[2433],"product_cat":[1516,1212,1213],"product_tag":[1366],"class_list":{"0":"post-148181","1":"product","2":"type-product","3":"status-publish","5":"product_brand-themeforest","6":"product_cat-entreprise","7":"product_cat-themes","8":"product_cat-wordpress-themes","9":"product_tag-themeforest","10":"member-discount","11":"discount-restricted","13":"first","14":"instock","15":"sale","16":"downloadable","17":"virtual","18":"sold-individually","19":"purchasable","20":"product-type-simple"},"_links":{"self":[{"href":"https:\/\/gpl-love.com\/fr\/wp-json\/wp\/v2\/product\/148181","targetHints":{"allow":["GET"]}}],"collection":[{"href":"https:\/\/gpl-love.com\/fr\/wp-json\/wp\/v2\/product"}],"about":[{"href":"https:\/\/gpl-love.com\/fr\/wp-json\/wp\/v2\/types\/product"}],"replies":[{"embeddable":true,"href":"https:\/\/gpl-love.com\/fr\/wp-json\/wp\/v2\/comments?post=148181"}],"wp:attachment":[{"href":"https:\/\/gpl-love.com\/fr\/wp-json\/wp\/v2\/media?parent=148181"}],"wp:term":[{"taxonomy":"product_brand","embeddable":true,"href":"https:\/\/gpl-love.com\/fr\/wp-json\/wp\/v2\/product_brand?post=148181"},{"taxonomy":"product_cat","embeddable":true,"href":"https:\/\/gpl-love.com\/fr\/wp-json\/wp\/v2\/product_cat?post=148181"},{"taxonomy":"product_tag","embeddable":true,"href":"https:\/\/gpl-love.com\/fr\/wp-json\/wp\/v2\/product_tag?post=148181"}],"curies":[{"name":"wp","href":"https:\/\/api.w.org\/{rel}","templated":true}]}}