{"id":148179,"date":"2025-06-14T00:00:00","date_gmt":"2025-06-13T22:00:00","guid":{"rendered":"https:\/\/gpl-love.com\/fr\/produit\/greenshift-chart-2\/"},"modified":"2026-03-21T00:07:26","modified_gmt":"2026-03-20T23:07:26","slug":"greenshift-chart-2","status":"publish","type":"product","link":"https:\/\/gpl-love.com\/fr\/produit\/greenshift-chart-2\/","title":{"rendered":"Greenshift Chart 1.2.3"},"content":{"rendered":"<h3>Greenshift Chart Traits<\/h3>\n<p>Lib\u00e9rez toute la puissance de la visualisation de donn\u00e9es avec le logiciel Greenshift Chart, un outil polyvalent con\u00e7u pour les passionn\u00e9s d&rsquo;analyse commerciale comme pour les professionnels. Que vous exploriez un tutoriel Greenshift Chart ou d\u00e9couvriez comment utiliser Greenshift Chart efficacement, la plateforme offre une exp\u00e9rience intuitive pour transformer les donn\u00e9es en visuels percutants.<\/p>\n<p>Commencez par un guide d&rsquo;installation simplifi\u00e9 de Greenshift Chart et d\u00e9couvrez une pr\u00e9sentation compl\u00e8te des fonctionnalit\u00e9s. Explorez les meilleures pratiques d&rsquo;utilisation de Greenshift Chart, pour une utilisation optimale et des r\u00e9cits de donn\u00e9es convaincants. Les techniques avanc\u00e9es de Greenshift Chart am\u00e9liorent encore la cr\u00e9ation de graphiques d\u00e9taill\u00e9s et dynamiques.<\/p>\n<p>Envie de conna\u00eetre les tarifs et les formules de Greenshift Chart\u00a0? Les options r\u00e9pondent \u00e0 diff\u00e9rents besoins, des petites \u00e9quipes aux grandes entreprises. Pour ceux qui explorent encore, un essai gratuit de Greenshift Chart vous permet de tester ses fonctionnalit\u00e9s sans risque. Les avis des utilisateurs soulignent sa facilit\u00e9 d&rsquo;utilisation et ses analyses performantes, tandis qu&rsquo;une demande de d\u00e9monstration permet de d\u00e9couvrir l&rsquo;outil en action.<\/p>\n<ul>\n<li>Cr\u00e9ation de graphiques interactifs pour la visualisation des donn\u00e9es<\/li>\n<li>Options de conception personnalisables pour des pr\u00e9sentations sur mesure<\/li>\n<li>Interface conviviale pour une utilisation simplifi\u00e9e<\/li>\n<li>Mises \u00e0 jour des donn\u00e9es en temps r\u00e9el pour des analyses pr\u00e9cises<\/li>\n<li>Compatibilit\u00e9 avec diverses sources de donn\u00e9es pour plus de flexibilit\u00e9<\/li>\n<li>Outils d&rsquo;analyse avanc\u00e9s pour une analyse approfondie des donn\u00e9es<\/li>\n<li>Affichage mobile pour un acc\u00e8s mobile<\/li>\n<li>Options d&rsquo;exportation pour un partage et une collaboration simplifi\u00e9s<\/li>\n<li>Fonctionnalit\u00e9 intuitive de glisser-d\u00e9poser pour une \u00e9dition fluide<\/li>\n<li>Traitement s\u00e9curis\u00e9 des donn\u00e9es pour une tranquillit\u00e9 d&rsquo;esprit<\/li>\n<\/ul>\n","protected":false},"excerpt":{"rendered":"<p>D\u00e9couvrez Greenshift Chart, la solution ultime pour la visualisation de donn\u00e9es et l&rsquo;analyse commerciale. D\u00e9couvrez comment utiliser Greenshift Chart gr\u00e2ce \u00e0 notre tutoriel complet, qui pr\u00e9sente les meilleures pratiques et des techniques avanc\u00e9es. Les utilisateurs potentiels peuvent explorer les fonctionnalit\u00e9s de Greenshift Chart via une demande de d\u00e9monstration ou un t\u00e9l\u00e9chargement d&rsquo;essai gratuit. L&rsquo;installation du logiciel est simple, ce qui facilite l&rsquo;achat de Greenshift Chart et l&rsquo;exploitation de ses fonctionnalit\u00e9s. Comparez Greenshift Chart \u00e0 ses concurrents pour comprendre pourquoi il s&rsquo;agit d&rsquo;un choix exceptionnel, avec des tarifs flexibles et des offres adapt\u00e9es \u00e0 vos besoins. Consultez les avis des utilisateurs et b\u00e9n\u00e9ficiez d&rsquo;une assistance et d&rsquo;un d\u00e9pannage de premier ordre pour optimiser votre exp\u00e9rience.<\/p>\n","protected":false},"featured_media":147520,"comment_status":"open","ping_status":"open","template":"","meta":[],"product_brand":[2787],"product_cat":[1189,1181,1186],"product_tag":[2788],"class_list":{"0":"post-148179","1":"product","2":"type-product","3":"status-publish","4":"has-post-thumbnail","6":"product_brand-greenshift","7":"product_cat-personnalisation","8":"product_cat-plugins","9":"product_cat-wordpress-plugins","10":"product_tag-greenshift","11":"member-discount","12":"discount-restricted","14":"first","15":"instock","16":"sale","17":"downloadable","18":"virtual","19":"sold-individually","20":"purchasable","21":"product-type-simple"},"_links":{"self":[{"href":"https:\/\/gpl-love.com\/fr\/wp-json\/wp\/v2\/product\/148179","targetHints":{"allow":["GET"]}}],"collection":[{"href":"https:\/\/gpl-love.com\/fr\/wp-json\/wp\/v2\/product"}],"about":[{"href":"https:\/\/gpl-love.com\/fr\/wp-json\/wp\/v2\/types\/product"}],"replies":[{"embeddable":true,"href":"https:\/\/gpl-love.com\/fr\/wp-json\/wp\/v2\/comments?post=148179"}],"wp:featuredmedia":[{"embeddable":true,"href":"https:\/\/gpl-love.com\/fr\/wp-json\/wp\/v2\/media\/147520"}],"wp:attachment":[{"href":"https:\/\/gpl-love.com\/fr\/wp-json\/wp\/v2\/media?parent=148179"}],"wp:term":[{"taxonomy":"product_brand","embeddable":true,"href":"https:\/\/gpl-love.com\/fr\/wp-json\/wp\/v2\/product_brand?post=148179"},{"taxonomy":"product_cat","embeddable":true,"href":"https:\/\/gpl-love.com\/fr\/wp-json\/wp\/v2\/product_cat?post=148179"},{"taxonomy":"product_tag","embeddable":true,"href":"https:\/\/gpl-love.com\/fr\/wp-json\/wp\/v2\/product_tag?post=148179"}],"curies":[{"name":"wp","href":"https:\/\/api.w.org\/{rel}","templated":true}]}}