{"id":147521,"date":"2025-06-14T00:00:00","date_gmt":"2025-06-13T22:00:00","guid":{"rendered":"https:\/\/gpl-love.com\/fr\/produit\/greenshift-advanced-animation\/"},"modified":"2026-03-21T00:07:25","modified_gmt":"2026-03-20T23:07:25","slug":"greenshift-advanced-animation","status":"publish","type":"product","link":"https:\/\/gpl-love.com\/fr\/produit\/greenshift-advanced-animation\/","title":{"rendered":"Greenshift Marketing et SEO 1.0.2"},"content":{"rendered":"<h3>Greenshift Marketing et SEO Traits<\/h3>\n<p>Lib\u00e9rez le plein potentiel de votre entreprise gr\u00e2ce aux services de marketing et de r\u00e9f\u00e9rencement Greenshift. D\u00e9couvrez comment am\u00e9liorer votre r\u00e9f\u00e9rencement avec Greenshift gr\u00e2ce \u00e0 des strat\u00e9gies de marketing digital innovantes et des conseils d&rsquo;experts. Qu&rsquo;il s&rsquo;agisse d&rsquo;optimiser un site web ou de renforcer votre pr\u00e9sence en ligne, les solutions SEO Greenshift pour les petites entreprises proposent des approches sur mesure et performantes. De nombreux clients appr\u00e9cient les avantages des conseils personnalis\u00e9s et l&rsquo;efficacit\u00e9 de son marketing digital dans les avis clients de l&rsquo;agence marketing Greenshift.<\/p>\n<p>Si vous recherchez des services SEO abordables avec Greenshift, soyez assur\u00e9s que la qualit\u00e9 est toujours au rendez-vous. L&rsquo;\u00e9quipe fournit des conseils complets d&rsquo;optimisation SEO, pratiques et faciles \u00e0 mettre en \u0153uvre, permettant \u00e0 chaque entreprise de se d\u00e9marquer sur le march\u00e9 digital. Les strat\u00e9gies de marketing digital de Greenshift sont con\u00e7ues pour accro\u00eetre la visibilit\u00e9 et l&rsquo;engagement, ce qui en fait une solution incontournable pour toute personne soucieuse de sa croissance.<\/p>\n<p>Imaginez avoir les conseils d&rsquo;experts SEO de Greenshift \u00e0 port\u00e9e de main, vous guidant \u00e0 chaque \u00e9tape vers une pr\u00e9sence en ligne r\u00e9ussie. De la compr\u00e9hension des derni\u00e8res tendances \u00e0 l&rsquo;application des meilleures pratiques, Greenshift permet aux entreprises d&rsquo;atteindre et de d\u00e9passer leurs objectifs.<\/p>\n<ul>\n<li>Am\u00e9liore la visibilit\u00e9 en ligne et le r\u00e9f\u00e9rencement naturel<\/li>\n<li>Am\u00e9liore l&rsquo;engagement des utilisateurs gr\u00e2ce \u00e0 des strat\u00e9gies de contenu cibl\u00e9es<\/li>\n<li>Fournit des analyses et des rapports SEO complets<\/li>\n<li>S&rsquo;int\u00e8gre parfaitement aux plateformes marketing existantes<\/li>\n<li>Propose des mod\u00e8les marketing personnalisables pour une coh\u00e9rence de marque<\/li>\n<li>Utilise des informations issues de l&rsquo;IA pour une prise de d\u00e9cision bas\u00e9e sur les donn\u00e9es<\/li>\n<li>Am\u00e9liore le trafic sur le site web gr\u00e2ce \u00e0 des strat\u00e9gies de mots cl\u00e9s optimis\u00e9es<\/li>\n<li>Prend en charge les campagnes marketing multicanal<\/li>\n<li>Fournit des recommandations concr\u00e8tes pour l&rsquo;optimisation du site<\/li>\n<li>Augmente les taux de conversion gr\u00e2ce \u00e0 des techniques SEO efficaces<\/li>\n<\/ul>\n","protected":false},"excerpt":{"rendered":"<p>D\u00e9couvrez le pouvoir transformateur des services marketing et SEO de Greenshift. Optimisez votre pr\u00e9sence num\u00e9rique gr\u00e2ce aux conseils d&rsquo;experts pour optimiser votre SEO avec Greenshift. Lib\u00e9rez votre potentiel de croissance gr\u00e2ce aux strat\u00e9gies de marketing digital Greenshift adapt\u00e9es aux petites entreprises. B\u00e9n\u00e9ficiez de conseils pratiques d&rsquo;optimisation SEO Greenshift et d&rsquo;avis clients issus de l&rsquo;agence marketing Greenshift. Exp\u00e9rimentez l&rsquo;efficacit\u00e9 du marketing digital Greenshift et explorez les services SEO abordables de Greenshift, con\u00e7us pour maximiser la port\u00e9e et l&rsquo;engagement. D\u00e9veloppez un avantage concurrentiel avec les solutions SEO Greenshift et profitez des avantages uniques des services de conseil marketing Greenshift pour propulser votre entreprise.<\/p>\n","protected":false},"featured_media":147518,"comment_status":"open","ping_status":"open","template":"","meta":[],"product_brand":[2787],"product_cat":[1335,1181,1186],"product_tag":[2788],"class_list":{"0":"post-147521","1":"product","2":"type-product","3":"status-publish","4":"has-post-thumbnail","6":"product_brand-greenshift","7":"product_cat-seo","8":"product_cat-plugins","9":"product_cat-wordpress-plugins","10":"product_tag-greenshift","11":"member-discount","12":"discount-restricted","14":"first","15":"instock","16":"sale","17":"downloadable","18":"virtual","19":"sold-individually","20":"purchasable","21":"product-type-simple"},"_links":{"self":[{"href":"https:\/\/gpl-love.com\/fr\/wp-json\/wp\/v2\/product\/147521","targetHints":{"allow":["GET"]}}],"collection":[{"href":"https:\/\/gpl-love.com\/fr\/wp-json\/wp\/v2\/product"}],"about":[{"href":"https:\/\/gpl-love.com\/fr\/wp-json\/wp\/v2\/types\/product"}],"replies":[{"embeddable":true,"href":"https:\/\/gpl-love.com\/fr\/wp-json\/wp\/v2\/comments?post=147521"}],"wp:featuredmedia":[{"embeddable":true,"href":"https:\/\/gpl-love.com\/fr\/wp-json\/wp\/v2\/media\/147518"}],"wp:attachment":[{"href":"https:\/\/gpl-love.com\/fr\/wp-json\/wp\/v2\/media?parent=147521"}],"wp:term":[{"taxonomy":"product_brand","embeddable":true,"href":"https:\/\/gpl-love.com\/fr\/wp-json\/wp\/v2\/product_brand?post=147521"},{"taxonomy":"product_cat","embeddable":true,"href":"https:\/\/gpl-love.com\/fr\/wp-json\/wp\/v2\/product_cat?post=147521"},{"taxonomy":"product_tag","embeddable":true,"href":"https:\/\/gpl-love.com\/fr\/wp-json\/wp\/v2\/product_tag?post=147521"}],"curies":[{"name":"wp","href":"https:\/\/api.w.org\/{rel}","templated":true}]}}