{"id":147507,"date":"2025-06-14T00:00:00","date_gmt":"2025-06-13T22:00:00","guid":{"rendered":"https:\/\/gpl-love.com\/fr\/produit\/gravity-perks-reload-form\/"},"modified":"2026-03-21T00:07:19","modified_gmt":"2026-03-20T23:07:19","slug":"gravity-perks-reload-form","status":"publish","type":"product","link":"https:\/\/gpl-love.com\/fr\/produit\/gravity-perks-reload-form\/","title":{"rendered":"LearnPress Razorpay Payment 4.0.3"},"content":{"rendered":"<h3>LearnPress Razorpay Payment Traits<\/h3>\n<p>Exploitez tout le potentiel de vos cours en ligne gr\u00e2ce \u00e0 une int\u00e9gration transparente des paiements en configurant Razorpay avec LearnPress. Ce guide simplifie le processus et propose un tutoriel complet sur la passerelle de paiement LearnPress Razorpay. Optimisez vos capacit\u00e9s e-commerce et s\u00e9curisez vos paiements avec Razorpay dans LearnPress, pour une tranquillit\u00e9 d&rsquo;esprit optimale pour les enseignants et les \u00e9tudiants.<\/p>\n<p>L&rsquo;installation du plugin de paiement LearnPress Razorpay est simple et rapide. Une fois install\u00e9, le guide de configuration du paiement LearnPress Razorpay vous guide pas \u00e0 pas pour activer Razorpay dans LearnPress et garantir une exp\u00e9rience de transaction fluide. Optimisez les param\u00e8tres de paiement LearnPress Razorpay selon vos besoins et profitez d&rsquo;un traitement efficace des paiements.<\/p>\n<p>Pour les personnes rencontrant des difficult\u00e9s, la section \u00ab\u00a0D\u00e9pannage du paiement LearnPress Razorpay\u00a0\u00bb r\u00e9pond aux probl\u00e8mes courants et simplifie la configuration. La configuration du mode de paiement LearnPress Razorpay garantit un fonctionnement fluide, tandis que les paiements des cours LearnPress via Razorpay offrent une exp\u00e9rience fluide aux apprenants.<\/p>\n<ul>\n<li>Int\u00e9gration transparente avec Razorpay pour un traitement des paiements simplifi\u00e9<\/li>\n<li>Prise en charge de plusieurs devises pour les transactions internationales<\/li>\n<li>Passerelle de paiement s\u00e9curis\u00e9e garantissant la protection des acheteurs<\/li>\n<li>Interface conviviale pour des transactions simplifi\u00e9es<\/li>\n<li>Paiements r\u00e9currents pour les cours par abonnement<\/li>\n<li>Suivi et reporting des transactions en temps r\u00e9el<\/li>\n<li>Options de paiement personnalisables pour r\u00e9pondre aux diff\u00e9rents besoins des cours<\/li>\n<li>Prise en charge de diff\u00e9rents modes de paiement, notamment les cartes de cr\u00e9dit, les cartes de d\u00e9bit et les services bancaires en ligne<\/li>\n<li>Conception optimis\u00e9e pour les appareils mobiles pour des paiements pratiques en d\u00e9placement<\/li>\n<li>Documentation et assistance compl\u00e8tes pour une configuration et un d\u00e9pannage faciles<\/li>\n<\/ul>\n","protected":false},"excerpt":{"rendered":"<p>Simplifiez vos paiements de cours gr\u00e2ce \u00e0 l&rsquo;int\u00e9gration de paiement LearnPress Razorpay. D\u00e9couvrez comment configurer Razorpay avec LearnPress gr\u00e2ce \u00e0 un tutoriel intuitif sur la passerelle de paiement qui garantit des transactions s\u00e9curis\u00e9es. Ce guide complet couvre toutes les \u00e9tapes, de l&rsquo;installation du plugin de paiement LearnPress Razorpay au d\u00e9pannage, offrant une solution simplifi\u00e9e pour les besoins e-commerce. Activez Razorpay dans LearnPress pour optimiser les param\u00e8tres de paiement et am\u00e9liorer l&rsquo;exp\u00e9rience de traitement des paiements. B\u00e9n\u00e9ficiez d&rsquo;une configuration intuitive de la passerelle de paiement Razorpay pour des paiements de cours LearnPress fluides. Profitez de la simplicit\u00e9 d&rsquo;une int\u00e9gration de paiement fluide et am\u00e9liorez l&rsquo;exp\u00e9rience e-commerce LearnPress gr\u00e2ce \u00e0 des solutions Razorpay fiables et efficaces.<\/p>\n","protected":false},"featured_media":147504,"comment_status":"open","ping_status":"open","template":"","meta":[],"product_brand":[2582],"product_cat":[1182,1401,1181],"product_tag":[2190],"class_list":{"0":"post-147507","1":"product","2":"type-product","3":"status-publish","4":"has-post-thumbnail","6":"product_brand-learnpress","7":"product_cat-commerce-electronique-plugins","8":"product_cat-paiement-commerce-electronique-plugins","9":"product_cat-plugins","10":"product_tag-learnpress","11":"member-discount","12":"discount-restricted","14":"first","15":"instock","16":"sale","17":"downloadable","18":"virtual","19":"sold-individually","20":"purchasable","21":"product-type-simple"},"_links":{"self":[{"href":"https:\/\/gpl-love.com\/fr\/wp-json\/wp\/v2\/product\/147507","targetHints":{"allow":["GET"]}}],"collection":[{"href":"https:\/\/gpl-love.com\/fr\/wp-json\/wp\/v2\/product"}],"about":[{"href":"https:\/\/gpl-love.com\/fr\/wp-json\/wp\/v2\/types\/product"}],"replies":[{"embeddable":true,"href":"https:\/\/gpl-love.com\/fr\/wp-json\/wp\/v2\/comments?post=147507"}],"wp:featuredmedia":[{"embeddable":true,"href":"https:\/\/gpl-love.com\/fr\/wp-json\/wp\/v2\/media\/147504"}],"wp:attachment":[{"href":"https:\/\/gpl-love.com\/fr\/wp-json\/wp\/v2\/media?parent=147507"}],"wp:term":[{"taxonomy":"product_brand","embeddable":true,"href":"https:\/\/gpl-love.com\/fr\/wp-json\/wp\/v2\/product_brand?post=147507"},{"taxonomy":"product_cat","embeddable":true,"href":"https:\/\/gpl-love.com\/fr\/wp-json\/wp\/v2\/product_cat?post=147507"},{"taxonomy":"product_tag","embeddable":true,"href":"https:\/\/gpl-love.com\/fr\/wp-json\/wp\/v2\/product_tag?post=147507"}],"curies":[{"name":"wp","href":"https:\/\/api.w.org\/{rel}","templated":true}]}}