{"id":147501,"date":"2025-06-14T00:00:00","date_gmt":"2025-06-13T22:00:00","guid":{"rendered":"https:\/\/gpl-love.com\/fr\/produit\/shopic-multistore-theme\/"},"modified":"2026-03-21T00:07:16","modified_gmt":"2026-03-20T23:07:16","slug":"shopic-multistore-theme","status":"publish","type":"product","link":"https:\/\/gpl-love.com\/fr\/produit\/shopic-multistore-theme\/","title":{"rendered":"Divi Next Image Effect Pro 1.4"},"content":{"rendered":"<h3>Divi Next Image Effect Pro Traits<\/h3>\n<p>Lib\u00e9rez tout le potentiel de votre site WordPress avec Divi Next Image Effect Pro, le meilleur plugin d&rsquo;effets d&rsquo;image pour Divi. Cet outil puissant transforme des images ordinaires en visuels accrocheurs, parfaits pour captiver tout public. Que vous vous lanciez dans un tutoriel Divi Next Image Effect Pro ou que vous exploriez les effets d&rsquo;image avanc\u00e9s de Divi, cr\u00e9er des images \u00e9poustouflantes est un jeu d&rsquo;enfant.<\/p>\n<p>Envie de savoir comment utiliser Divi Next Image Effect Pro\u00a0? Le guide d&rsquo;utilisation intuitif vous pr\u00e9sente chaque fonctionnalit\u00e9, simplifiant ainsi la personnalisation. Comparez Divi Next Image Effect Pro \u00e0 ses concurrents et d\u00e9couvrez pourquoi il se distingue par ses effets uniques et son int\u00e9gration fluide. Besoin d&rsquo;aide\u00a0? L&rsquo;assistance haut de gamme de Divi Next Image Effect Pro vous garantit un d\u00e9roulement fluide, de l&rsquo;installation aux finitions.<\/p>\n<p>Explorez des exemples de Divi Next Image Effect Pro pour d\u00e9couvrir la magie en action. Gr\u00e2ce \u00e0 l&rsquo;installation simple de Divi Next Image Effect Pro, la prise en main est rapide et les options de tarification flexibles s&rsquo;adaptent \u00e0 tous les besoins. T\u00e9l\u00e9chargez Divi Next Image Effect Pro d\u00e8s aujourd&rsquo;hui et sublimez votre design web avec une simplicit\u00e9 et une cr\u00e9ativit\u00e9 in\u00e9gal\u00e9es.<\/p>\n<ul>\n<li>Am\u00e9liorez vos images avec des effets visuels dynamiques pour une pr\u00e9sentation captivante.<\/li>\n<li>Interface conviviale pour une personnalisation facile sans comp\u00e9tences en codage.<\/li>\n<li>Nombreux styles d&rsquo;effets pour s&rsquo;adapter \u00e0 divers styles et th\u00e8mes.<\/li>\n<li>Compatible avec Divi Builder pour une int\u00e9gration transparente aux projets existants.<\/li>\n<li>Rendu d&rsquo;image haute qualit\u00e9 pour une clart\u00e9 et un niveau de d\u00e9tail optimaux.<\/li>\n<li>Le design adaptatif garantit des effets parfaits sur tous les appareils.<\/li>\n<li>Extension l\u00e9g\u00e8re pour des temps de chargement rapides et des performances optimales pour votre site web.<\/li>\n<li>Mises \u00e0 jour r\u00e9guli\u00e8res pour de nouvelles fonctionnalit\u00e9s et une compatibilit\u00e9 optimale.<\/li>\n<li>Documentation compl\u00e8te et assistance pour le d\u00e9pannage et les conseils.<\/li>\n<li>Id\u00e9al pour les designers et d\u00e9veloppeurs souhaitant optimiser leurs projets web.<\/li>\n<\/ul>\n","protected":false},"excerpt":{"rendered":"<p>Exploitez tout le potentiel de votre site WordPress avec Divi Next Image Effect Pro, le meilleur plugin d&rsquo;effets d&rsquo;image pour Divi. Cet outil puissant offre une gamme d&rsquo;effets d&rsquo;image avanc\u00e9s dans Divi, transformant des visuels ordinaires en chefs-d&rsquo;\u0153uvre captivants. Du tutoriel Divi Next Image Effect Pro au guide d&rsquo;utilisation complet, apprenez \u00e0 personnaliser facilement vos images et \u00e0 am\u00e9liorer l&rsquo;esth\u00e9tique de votre site. D\u00e9couvrez les fonctionnalit\u00e9s et les exemples de Divi Next Image Effect Pro qui le distinguent de ses concurrents. Avec une installation simple, un prix comp\u00e9titif et un support exceptionnel, ce plugin est parfait pour tous ceux qui souhaitent am\u00e9liorer leur conception web. T\u00e9l\u00e9chargez-le d\u00e8s maintenant et constatez la diff\u00e9rence\u00a0!<\/p>\n","protected":false},"featured_media":147498,"comment_status":"open","ping_status":"open","template":"","meta":[],"product_brand":[2847],"product_cat":[1189,1181,1186],"product_tag":[2848],"class_list":{"0":"post-147501","1":"product","2":"type-product","3":"status-publish","4":"has-post-thumbnail","6":"product_brand-divi-next","7":"product_cat-personnalisation","8":"product_cat-plugins","9":"product_cat-wordpress-plugins","10":"product_tag-divi-next","11":"member-discount","12":"discount-restricted","14":"first","15":"instock","16":"sale","17":"downloadable","18":"virtual","19":"sold-individually","20":"purchasable","21":"product-type-simple"},"_links":{"self":[{"href":"https:\/\/gpl-love.com\/fr\/wp-json\/wp\/v2\/product\/147501","targetHints":{"allow":["GET"]}}],"collection":[{"href":"https:\/\/gpl-love.com\/fr\/wp-json\/wp\/v2\/product"}],"about":[{"href":"https:\/\/gpl-love.com\/fr\/wp-json\/wp\/v2\/types\/product"}],"replies":[{"embeddable":true,"href":"https:\/\/gpl-love.com\/fr\/wp-json\/wp\/v2\/comments?post=147501"}],"wp:featuredmedia":[{"embeddable":true,"href":"https:\/\/gpl-love.com\/fr\/wp-json\/wp\/v2\/media\/147498"}],"wp:attachment":[{"href":"https:\/\/gpl-love.com\/fr\/wp-json\/wp\/v2\/media?parent=147501"}],"wp:term":[{"taxonomy":"product_brand","embeddable":true,"href":"https:\/\/gpl-love.com\/fr\/wp-json\/wp\/v2\/product_brand?post=147501"},{"taxonomy":"product_cat","embeddable":true,"href":"https:\/\/gpl-love.com\/fr\/wp-json\/wp\/v2\/product_cat?post=147501"},{"taxonomy":"product_tag","embeddable":true,"href":"https:\/\/gpl-love.com\/fr\/wp-json\/wp\/v2\/product_tag?post=147501"}],"curies":[{"name":"wp","href":"https:\/\/api.w.org\/{rel}","templated":true}]}}