{"id":147495,"date":"2025-09-09T00:00:00","date_gmt":"2025-09-08T22:00:00","guid":{"rendered":"https:\/\/gpl-love.com\/fr\/produit\/divi-next-content-toggle\/"},"modified":"2026-03-21T00:07:14","modified_gmt":"2026-03-20T23:07:14","slug":"divi-next-content-toggle","status":"publish","type":"product","link":"https:\/\/gpl-love.com\/fr\/produit\/divi-next-content-toggle\/","title":{"rendered":"Icelander Business Portfolio Theme 1.7.6"},"content":{"rendered":"<h3>Icelander Business Portfolio Theme Traits<\/h3>\n<p>D\u00e9couvrez la polyvalence et l&rsquo;\u00e9l\u00e9gance du th\u00e8me WordPress Icelander, con\u00e7u pour sublimer tout site web ou blog d&rsquo;entreprise. Id\u00e9al pour les photographes, les plateformes e-commerce et les sites web de portfolio, ce th\u00e8me offre un design r\u00e9actif et \u00e9l\u00e9gant qui s&rsquo;adapte parfaitement \u00e0 tous les appareils. Vous recherchez les meilleurs th\u00e8mes WordPress\u00a0? Icelander se distingue par ses services de personnalisation intuitifs et son optimisation SEO de pointe, garantissant un bon classement de votre site dans les moteurs de recherche.<\/p>\n<p>Vous envisagez un achat\u00a0? Consultez les avis \u00e9logieux d&rsquo;utilisateurs satisfaits sur le th\u00e8me WordPress Icelander, qui vantent sa simplicit\u00e9 d&rsquo;utilisation et ses fonctionnalit\u00e9s performantes. T\u00e9l\u00e9chargez et installez facilement le th\u00e8me gr\u00e2ce au guide d&rsquo;installation complet, et explorez la d\u00e9mo interactive pour d\u00e9couvrir tout son potentiel.<\/p>\n<p>Gardez l&rsquo;esprit tranquille gr\u00e2ce \u00e0 l&rsquo;assistance fiable et aux mises \u00e0 jour r\u00e9guli\u00e8res d&rsquo;Icelander, pour un site web toujours \u00e0 jour et s\u00e9curis\u00e9. Que vous lanciez un blog, une boutique en ligne ou pr\u00e9sentiez vos photos, le th\u00e8me WordPress Icelander est la base id\u00e9ale.<\/p>\n<ul>\n<li>Design \u00e9l\u00e9gant et moderne, adapt\u00e9 aux sites web personnels et professionnels.<\/li>\n<li>Mise en page enti\u00e8rement responsive pour une visualisation optimale sur tous les appareils.<\/li>\n<li>Personnalisation facile gr\u00e2ce \u00e0 un outil de cr\u00e9ation de pages intuitif par glisser-d\u00e9poser.<\/li>\n<li>Optimis\u00e9 pour le SEO afin d&rsquo;am\u00e9liorer la visibilit\u00e9 et le classement dans les moteurs de recherche.<\/li>\n<li>Temps de chargement rapides pour une exp\u00e9rience utilisateur optimale et une r\u00e9duction des taux de rebond.<\/li>\n<li>Compatibilit\u00e9 multi-navigateurs garantissant des performances constantes sur tous les principaux navigateurs.<\/li>\n<li>Int\u00e9gration aux plugins populaires pour plus de fonctionnalit\u00e9s et de flexibilit\u00e9.<\/li>\n<li>Mod\u00e8les pr\u00e9con\u00e7us inclus pour une configuration simple et rapide.<\/li>\n<li>Compatible avec WooCommerce pour une int\u00e9gration e-commerce fluide.<\/li>\n<\/ul>\n","protected":false},"excerpt":{"rendered":"<p>D\u00e9couvrez la solution id\u00e9ale pour votre pr\u00e9sence en ligne avec le th\u00e8me WordPress Icelander. Id\u00e9al pour les sites web d&rsquo;entreprise, les blogs et les plateformes e-commerce, ce th\u00e8me offre un design fluide et r\u00e9actif qui captive et engage les visiteurs. Que vous cr\u00e9iez un site web portfolio ou une boutique en ligne, le th\u00e8me WordPress Icelander prend en charge les services de personnalisation et l&rsquo;optimisation SEO pour une meilleure visibilit\u00e9. Facilement t\u00e9l\u00e9chargeable, il est accompagn\u00e9 de guides d&rsquo;installation complets et de mises \u00e0 jour r\u00e9guli\u00e8res. Consultez les avis positifs, explorez la d\u00e9mo et b\u00e9n\u00e9ficiez d&rsquo;une assistance d\u00e9di\u00e9e. Pour les photographes et les cr\u00e9atifs \u00e0 la recherche des meilleurs th\u00e8mes WordPress, Icelander se distingue par ses fonctionnalit\u00e9s sur mesure et sa polyvalence.<\/p>\n","protected":false},"featured_media":147492,"comment_status":"open","ping_status":"open","template":"","meta":[],"product_brand":[2433],"product_cat":[1516,1212,1213],"product_tag":[1366],"class_list":{"0":"post-147495","1":"product","2":"type-product","3":"status-publish","4":"has-post-thumbnail","6":"product_brand-themeforest","7":"product_cat-entreprise","8":"product_cat-themes","9":"product_cat-wordpress-themes","10":"product_tag-themeforest","11":"member-discount","12":"discount-restricted","14":"first","15":"instock","16":"sale","17":"downloadable","18":"virtual","19":"sold-individually","20":"purchasable","21":"product-type-simple"},"_links":{"self":[{"href":"https:\/\/gpl-love.com\/fr\/wp-json\/wp\/v2\/product\/147495","targetHints":{"allow":["GET"]}}],"collection":[{"href":"https:\/\/gpl-love.com\/fr\/wp-json\/wp\/v2\/product"}],"about":[{"href":"https:\/\/gpl-love.com\/fr\/wp-json\/wp\/v2\/types\/product"}],"replies":[{"embeddable":true,"href":"https:\/\/gpl-love.com\/fr\/wp-json\/wp\/v2\/comments?post=147495"}],"wp:featuredmedia":[{"embeddable":true,"href":"https:\/\/gpl-love.com\/fr\/wp-json\/wp\/v2\/media\/147492"}],"wp:attachment":[{"href":"https:\/\/gpl-love.com\/fr\/wp-json\/wp\/v2\/media?parent=147495"}],"wp:term":[{"taxonomy":"product_brand","embeddable":true,"href":"https:\/\/gpl-love.com\/fr\/wp-json\/wp\/v2\/product_brand?post=147495"},{"taxonomy":"product_cat","embeddable":true,"href":"https:\/\/gpl-love.com\/fr\/wp-json\/wp\/v2\/product_cat?post=147495"},{"taxonomy":"product_tag","embeddable":true,"href":"https:\/\/gpl-love.com\/fr\/wp-json\/wp\/v2\/product_tag?post=147495"}],"curies":[{"name":"wp","href":"https:\/\/api.w.org\/{rel}","templated":true}]}}