{"id":147493,"date":"2025-06-17T00:00:00","date_gmt":"2025-06-16T22:00:00","guid":{"rendered":"https:\/\/gpl-love.com\/fr\/?post_type=product&#038;p=147493"},"modified":"2026-03-21T00:07:12","modified_gmt":"2026-03-20T23:07:12","slug":"divi-next-texts","status":"publish","type":"product","link":"https:\/\/gpl-love.com\/fr\/produit\/divi-next-texts\/","title":{"rendered":"Qwery Multi-Purpose Business WordPress Theme 3.5.0"},"content":{"rendered":"<h3>Qwery Multi-Purpose Business WordPress Theme Traits<\/h3>\n<p>D\u00e9couvrez le th\u00e8me WordPress polyvalent Qwery pour entreprises, la solution id\u00e9ale pour cr\u00e9er des sites web exceptionnels, adapt\u00e9s aux petites entreprises, aux startups et aux entrepreneurs. Parfaitement con\u00e7u pour les sites web professionnels et les sites d&rsquo;entreprise, le th\u00e8me WordPress Qwery offre une polyvalence in\u00e9gal\u00e9e aux professionnels de la cr\u00e9ation et aux agences. Personnalisable, il s&rsquo;adapte parfaitement \u00e0 tout site web professionnel, garantissant une pr\u00e9sence en ligne aussi unique que votre marque.<\/p>\n<p>Le th\u00e8me Qwery pour sites web professionnels n&rsquo;est pas un simple th\u00e8me WordPress\u00a0; c&rsquo;est un outil puissant qui permet aux entrepreneurs de cr\u00e9er facilement des sites captivants. Que vous lanciez une startup ou dynamisiez une marque \u00e9tablie, le th\u00e8me WordPress Qwery pour startups offre l&rsquo;alliance parfaite entre fonctionnalit\u00e9 et style.<\/p>\n<ul>\n<li>Conception polyvalente adapt\u00e9e \u00e0 diff\u00e9rents types d&rsquo;entreprises<\/li>\n<li>Mise en page enti\u00e8rement r\u00e9active pour une visualisation optimale sur tous les appareils<\/li>\n<li>Mod\u00e8les personnalisables pour r\u00e9pondre aux besoins uniques de votre marque<\/li>\n<li>Int\u00e9gration de plugins populaires pour des fonctionnalit\u00e9s \u00e9tendues<\/li>\n<li>Structure optimis\u00e9e pour le SEO pour une visibilit\u00e9 en ligne accrue<\/li>\n<li>G\u00e9n\u00e9rateur de pages par glisser-d\u00e9poser pour une personnalisation facile du site<\/li>\n<li>Plusieurs options d&rsquo;en-t\u00eate et de pied de page pour une apparence personnalis\u00e9e<\/li>\n<li>Compatibilit\u00e9 WooCommerce pour l&rsquo;int\u00e9gration e-commerce<\/li>\n<li>Documentation et support complets pour l&rsquo;assistance utilisateur<\/li>\n<li>Mises \u00e0 jour r\u00e9guli\u00e8res pour garantir la compatibilit\u00e9 et la s\u00e9curit\u00e9<\/li>\n<\/ul>\n","protected":false},"excerpt":{"rendered":"<p>D\u00e9couvrez le th\u00e8me WordPress polyvalent Qwery pour entreprises, une solution polyvalente con\u00e7ue pour dynamiser les sites web des petites entreprises, des startups et des entreprises. Parfaitement adapt\u00e9 aux entrepreneurs et aux professionnels de la cr\u00e9ation, ce th\u00e8me Qwery personnalisable s&rsquo;adapte parfaitement aux sites web professionnels et aux agences. Optimisez le site web de votre entreprise gr\u00e2ce \u00e0 une interface conviviale et des fonctionnalit\u00e9s performantes\u00a0: le th\u00e8me WordPress Qwery est le choix id\u00e9al pour ceux qui recherchent innovation et fonctionnalit\u00e9. Que vous lanciez une startup ou relookiez un site web d&rsquo;entreprise, le th\u00e8me Qwery offre un design et des performances exceptionnels, garantissant une pr\u00e9sence en ligne aussi dynamique que votre vision d&rsquo;entreprise.<\/p>\n","protected":false},"featured_media":147467,"comment_status":"open","ping_status":"open","template":"","meta":[],"product_brand":[2433],"product_cat":[1516,1212,1213],"product_tag":[1366],"class_list":{"0":"post-147493","1":"product","2":"type-product","3":"status-publish","4":"has-post-thumbnail","6":"product_brand-themeforest","7":"product_cat-entreprise","8":"product_cat-themes","9":"product_cat-wordpress-themes","10":"product_tag-themeforest","11":"member-discount","12":"discount-restricted","14":"first","15":"instock","16":"sale","17":"downloadable","18":"virtual","19":"sold-individually","20":"purchasable","21":"product-type-simple"},"_links":{"self":[{"href":"https:\/\/gpl-love.com\/fr\/wp-json\/wp\/v2\/product\/147493","targetHints":{"allow":["GET"]}}],"collection":[{"href":"https:\/\/gpl-love.com\/fr\/wp-json\/wp\/v2\/product"}],"about":[{"href":"https:\/\/gpl-love.com\/fr\/wp-json\/wp\/v2\/types\/product"}],"replies":[{"embeddable":true,"href":"https:\/\/gpl-love.com\/fr\/wp-json\/wp\/v2\/comments?post=147493"}],"wp:featuredmedia":[{"embeddable":true,"href":"https:\/\/gpl-love.com\/fr\/wp-json\/wp\/v2\/media\/147467"}],"wp:attachment":[{"href":"https:\/\/gpl-love.com\/fr\/wp-json\/wp\/v2\/media?parent=147493"}],"wp:term":[{"taxonomy":"product_brand","embeddable":true,"href":"https:\/\/gpl-love.com\/fr\/wp-json\/wp\/v2\/product_brand?post=147493"},{"taxonomy":"product_cat","embeddable":true,"href":"https:\/\/gpl-love.com\/fr\/wp-json\/wp\/v2\/product_cat?post=147493"},{"taxonomy":"product_tag","embeddable":true,"href":"https:\/\/gpl-love.com\/fr\/wp-json\/wp\/v2\/product_tag?post=147493"}],"curies":[{"name":"wp","href":"https:\/\/api.w.org\/{rel}","templated":true}]}}